{"id":54262,"date":"2024-05-06T08:30:39","date_gmt":"2024-05-06T06:30:39","guid":{"rendered":"https:\/\/www.raschvin.com\/produkt\/gin-la-republica-andina-70-cl-42\/"},"modified":"2024-05-06T08:30:39","modified_gmt":"2024-05-06T06:30:39","slug":"gin-la-republica-andina-70-cl-42","status":"publish","type":"product","link":"https:\/\/www.raschvin.com\/sv\/produkt\/gin-la-republica-andina-70-cl-42\/","title":{"rendered":"Gin La Rep\u00fablica Andina 70 cl. 42%"},"content":{"rendered":"<p>La Rep\u00fablica Andina \u00e4r en boliviansk gin fullsp\u00e4ckad med lokala \u00f6rter fr\u00e5n den bergiga Andinska regionen. Basen \u00e4r traditionell och fylld med enb\u00e4r, men det \u00e4r ocks\u00e5 det enda traditionella med smaken! Ingredienslistan \u00e4r l\u00e5ng och erbjuder bl.a. chirimoya, locate, huacataya, tumbo och k&#8217;hoa &#8211; inte precis smaker som vi h\u00e4r p\u00e5 Dr\u00e5ben kan peka ut genom att blindprova, men det ger ett vilt kryddigt och exotiskt uttryck! Otroligt h\u00e4rlig med tonic men ocks\u00e5 kul i en exotisk Dry Martini.<\/p>\n<p>La Rep\u00fablica producerar gin i La Paz, Bolivia, allts\u00e5 \u00f6ver 3600 meter \u00f6ver havet. Detta g\u00f6r La Rep\u00fablica till den gin i v\u00e4rlden som destilleras h\u00f6gst \u00f6ver havet. F\u00f6rutom att det \u00e4r ett v\u00e4ldigt udda fun fact betyder det faktiskt ocks\u00e5 att de kan destillera vid ett v\u00e4ldigt l\u00e5gt tryck, vilket ger deras gin ett vilt aromatiskt och smakrikt uttryck.<\/p>\n<p>Locotos: Peppar med tomatsmak.<br \/>\nQuirqui\u00f1a: aromatisk \u00f6rt som p\u00e5minner om koriander.<br \/>\nTumbo: syrliga och saftiga frukter med en tropisk arom.<br \/>\nHuacataya: Doftande \u00f6rt med en fr\u00e4sch och mintig doft.<br \/>\nCherimoya: Saftig frukt med en delikat smak som p\u00e5minner om ett moget p\u00e4ron.<br \/>\nMolle: rosa peppar med balsamico och gr\u00f6nsakssmak.<br \/>\nK&#8217;oha: Aromatisk \u00f6rt som p\u00e5minner om oregano med citrustouch.<\/p>\n","protected":false},"excerpt":{"rendered":"<p>La Paz \u2013 Bolivia<\/p>\n","protected":false},"featured_media":54302,"template":"","meta":{"_acf_changed":false,"rs_blank_template":"","rs_page_bg_color":"","slide_template_v7":""},"product_brand":[],"product_cat":[4711,2404,2402],"product_tag":[],"class_list":{"0":"post-54262","1":"product","2":"type-product","3":"status-publish","4":"has-post-thumbnail","6":"product_cat-andra-gins","7":"product_cat-gin-sv","8":"product_cat-sprit-sv","9":"pa_land-bolivia-sv","10":"pa_procent-42-sv","11":"pa_producent-la-republica-sv","12":"pa_volume-70-sv-2","14":"first","15":"instock","16":"sale","17":"taxable","18":"shipping-taxable","19":"purchasable","20":"product-type-simple"},"bundled_by":[],"bundle_stock_status":"instock","bundle_stock_quantity":null,"bundle_virtual":false,"bundle_layout":"","bundle_add_to_cart_form_location":"","bundle_editable_in_cart":false,"bundle_sold_individually_context":"","bundle_item_grouping":"","bundle_min_size":"","bundle_max_size":"","bundle_price":[],"bundled_items":[],"bundle_sell_ids":[],"acf":[],"_links":{"self":[{"href":"https:\/\/www.raschvin.com\/sv\/wp-json\/wp\/v2\/product\/54262","targetHints":{"allow":["GET"]}}],"collection":[{"href":"https:\/\/www.raschvin.com\/sv\/wp-json\/wp\/v2\/product"}],"about":[{"href":"https:\/\/www.raschvin.com\/sv\/wp-json\/wp\/v2\/types\/product"}],"wp:featuredmedia":[{"embeddable":true,"href":"https:\/\/www.raschvin.com\/sv\/wp-json\/wp\/v2\/media\/54302"}],"wp:attachment":[{"href":"https:\/\/www.raschvin.com\/sv\/wp-json\/wp\/v2\/media?parent=54262"}],"wp:term":[{"taxonomy":"product_brand","embeddable":true,"href":"https:\/\/www.raschvin.com\/sv\/wp-json\/wp\/v2\/product_brand?post=54262"},{"taxonomy":"product_cat","embeddable":true,"href":"https:\/\/www.raschvin.com\/sv\/wp-json\/wp\/v2\/product_cat?post=54262"},{"taxonomy":"product_tag","embeddable":true,"href":"https:\/\/www.raschvin.com\/sv\/wp-json\/wp\/v2\/product_tag?post=54262"}],"curies":[{"name":"wp","href":"https:\/\/api.w.org\/{rel}","templated":true}]}}