{"id":54259,"date":"2024-05-06T08:17:23","date_gmt":"2024-05-06T06:17:23","guid":{"rendered":"https:\/\/www.raschvin.com\/produkt\/gin-la-republica-amazonica-70-cl-42\/"},"modified":"2024-05-06T08:17:23","modified_gmt":"2024-05-06T06:17:23","slug":"gin-la-republica-amazonica-70-cl-42","status":"publish","type":"product","link":"https:\/\/www.raschvin.com\/sv\/produkt\/gin-la-republica-amazonica-70-cl-42\/","title":{"rendered":"Gin La Rep\u00fablica Amaz\u00f3nica 70 cl. 42%"},"content":{"rendered":"<p>La Rep\u00fablica Amazonica Gin \u00e4r v\u00e4rldens f\u00f6rsta gin med v\u00e4xter fr\u00e5n Amazonas. Det handlar inte bara om att best\u00e4lla 100 kilo kryddor p\u00e5 n\u00e4tet \u2013 nej, producenten s\u00e4ger att man har beh\u00f6vt g\u00f6ra s\u00e4rskilda avtal med sm\u00e5 kooperativ bland de inf\u00f6dda, f\u00f6r att f\u00e5 fram de \u00f6nskade frukterna och kryddorna. Och det f\u00f6rst\u00e5r man n\u00e4r man ser den esoteriska ingredienslistan, d\u00e4r man bland annat hittar acai, cupuaz\u00fa, bark fr\u00e5n palosantotr\u00e4det, chuchuwasi och sacha culantro. Till wikipedia!<\/p>\n<p>F\u00e4rg: Klar.<br \/>\nDoft: Fascinerande aromer av r\u00f6k, mogna citrusfrukter, kakao och fuktig djungel.<br \/>\nSmaknoter: Smaken \u00e4r rund och rik, med toner av exotisk frukt och rostat tr\u00e4, \u00f6rter och kryddor.<\/p>\n<p>Palo Santo: aromatiskt och balsamiskt tr\u00e4.<br \/>\nCanelon: aromatisk bark med en \u00e4del kanelarom.<br \/>\nAji mask: kryddig chili, som p\u00e5minner om habanero chili.<br \/>\nSacha cilantro: tropisk \u00f6rt med en distinkt doft som liknar koriander.<br \/>\nA\u00e7a\u00ed: fet frukt med en intensiv smak av bj\u00f6rnb\u00e4r och choklad.<br \/>\nCopouzau: tropisk frukt med syrlig och doftande fruktk\u00f6tt.<br \/>\nKakao: orostade vildb\u00f6nor med fruktiga aromer.<br \/>\nChuchuhuasi: bark med jordn\u00e4ra aromer och toner av selleri.<\/p>\n<p>Serveringsf\u00f6rslag: Kan avnjutas snyggt eller i cocktails. Prova det 1:2 med Erasmus Bond Dry Tonic!<\/p>\n","protected":false},"excerpt":{"rendered":"<p>La Paz &#8211; Bolivia<\/p>\n","protected":false},"featured_media":54374,"template":"","meta":{"_acf_changed":false,"rs_blank_template":"","rs_page_bg_color":"","slide_template_v7":""},"product_brand":[],"product_cat":[2402,2404,4711],"product_tag":[],"class_list":{"0":"post-54259","1":"product","2":"type-product","3":"status-publish","4":"has-post-thumbnail","6":"product_cat-sprit-sv","7":"product_cat-gin-sv","8":"product_cat-andra-gins","9":"pa_land-bolivia-sv","10":"pa_procent-42-sv","11":"pa_producent-la-republica-sv","12":"pa_volume-70-sv-2","14":"first","15":"instock","16":"sale","17":"taxable","18":"shipping-taxable","19":"purchasable","20":"product-type-simple"},"bundled_by":[],"bundle_stock_status":"instock","bundle_stock_quantity":null,"bundle_virtual":false,"bundle_layout":"","bundle_add_to_cart_form_location":"","bundle_editable_in_cart":false,"bundle_sold_individually_context":"","bundle_item_grouping":"","bundle_min_size":"","bundle_max_size":"","bundle_price":[],"bundled_items":[],"bundle_sell_ids":[],"acf":[],"_links":{"self":[{"href":"https:\/\/www.raschvin.com\/sv\/wp-json\/wp\/v2\/product\/54259","targetHints":{"allow":["GET"]}}],"collection":[{"href":"https:\/\/www.raschvin.com\/sv\/wp-json\/wp\/v2\/product"}],"about":[{"href":"https:\/\/www.raschvin.com\/sv\/wp-json\/wp\/v2\/types\/product"}],"wp:featuredmedia":[{"embeddable":true,"href":"https:\/\/www.raschvin.com\/sv\/wp-json\/wp\/v2\/media\/54374"}],"wp:attachment":[{"href":"https:\/\/www.raschvin.com\/sv\/wp-json\/wp\/v2\/media?parent=54259"}],"wp:term":[{"taxonomy":"product_brand","embeddable":true,"href":"https:\/\/www.raschvin.com\/sv\/wp-json\/wp\/v2\/product_brand?post=54259"},{"taxonomy":"product_cat","embeddable":true,"href":"https:\/\/www.raschvin.com\/sv\/wp-json\/wp\/v2\/product_cat?post=54259"},{"taxonomy":"product_tag","embeddable":true,"href":"https:\/\/www.raschvin.com\/sv\/wp-json\/wp\/v2\/product_tag?post=54259"}],"curies":[{"name":"wp","href":"https:\/\/api.w.org\/{rel}","templated":true}]}}