{"id":54256,"date":"2024-05-06T07:21:10","date_gmt":"2024-05-06T05:21:10","guid":{"rendered":"https:\/\/www.raschvin.com\/produkt\/eiko-vodka-70-cl-40\/"},"modified":"2024-05-06T07:21:10","modified_gmt":"2024-05-06T05:21:10","slug":"eiko-vodka-70-cl-40","status":"publish","type":"product","link":"https:\/\/www.raschvin.com\/sv\/produkt\/eiko-vodka-70-cl-40\/","title":{"rendered":"Eiko Vodka 70 cl. 40%"},"content":{"rendered":"<p>Eiko betyder &#8221;h\u00e4rlighet&#8221; p\u00e5 japanska. Eiko, som produceras p\u00e5 \u00f6n Hokkaido, \u00e4r en vodka som erh\u00e5lls fr\u00e5n destillering av sockerr\u00f6rsmelass och drar nytta av Hokkaidovattnets exceptionella kvalitet under hela processen. Med Eiko erbjuds all japansk expertis inom sand- och kolfiltrering till dig. 3 destillationer och 4 filtreringar.<\/p>\n<p>Utseende:<br \/>\nTydlig, transparent.<br \/>\nN\u00e4sa:<br \/>\nMjuk med uppfriskande aromer.<br \/>\nGom:<br \/>\nV\u00e4lbalanserad med lakritsnoter.<br \/>\nUtg\u00e5ng:<br \/>\nFr\u00e4scht och kvardr\u00f6jande.<\/p>\n","protected":false},"excerpt":{"rendered":"<p>Asahikawa Distillery &#8211; Japan<\/p>\n","protected":false},"featured_media":54419,"template":"","meta":{"_acf_changed":false,"rs_blank_template":"","rs_page_bg_color":"","slide_template_v7":""},"product_brand":[],"product_cat":[2402,2409,4609],"product_tag":[],"class_list":{"0":"post-54256","1":"product","2":"type-product","3":"status-publish","4":"has-post-thumbnail","6":"product_cat-sprit-sv","7":"product_cat-vodka-sv","8":"product_cat-plain-sv","9":"pa_land-japan-sv","10":"pa_procent-40-sv-2","11":"pa_region-hokkaido-sv","12":"pa_volume-70-sv-2","14":"first","15":"instock","16":"sale","17":"taxable","18":"shipping-taxable","19":"purchasable","20":"product-type-simple"},"bundled_by":[],"bundle_stock_status":"instock","bundle_stock_quantity":null,"bundle_virtual":false,"bundle_layout":"","bundle_add_to_cart_form_location":"","bundle_editable_in_cart":false,"bundle_sold_individually_context":"","bundle_item_grouping":"","bundle_min_size":"","bundle_max_size":"","bundle_price":[],"bundled_items":[],"bundle_sell_ids":[],"acf":[],"_links":{"self":[{"href":"https:\/\/www.raschvin.com\/sv\/wp-json\/wp\/v2\/product\/54256","targetHints":{"allow":["GET"]}}],"collection":[{"href":"https:\/\/www.raschvin.com\/sv\/wp-json\/wp\/v2\/product"}],"about":[{"href":"https:\/\/www.raschvin.com\/sv\/wp-json\/wp\/v2\/types\/product"}],"wp:featuredmedia":[{"embeddable":true,"href":"https:\/\/www.raschvin.com\/sv\/wp-json\/wp\/v2\/media\/54419"}],"wp:attachment":[{"href":"https:\/\/www.raschvin.com\/sv\/wp-json\/wp\/v2\/media?parent=54256"}],"wp:term":[{"taxonomy":"product_brand","embeddable":true,"href":"https:\/\/www.raschvin.com\/sv\/wp-json\/wp\/v2\/product_brand?post=54256"},{"taxonomy":"product_cat","embeddable":true,"href":"https:\/\/www.raschvin.com\/sv\/wp-json\/wp\/v2\/product_cat?post=54256"},{"taxonomy":"product_tag","embeddable":true,"href":"https:\/\/www.raschvin.com\/sv\/wp-json\/wp\/v2\/product_tag?post=54256"}],"curies":[{"name":"wp","href":"https:\/\/api.w.org\/{rel}","templated":true}]}}