{"id":54053,"date":"2024-05-01T20:54:43","date_gmt":"2024-05-01T18:54:43","guid":{"rendered":"https:\/\/www.raschvin.com\/produkt\/adega-ponte-da-barca-vinho-verde-2023-75-cl\/"},"modified":"2024-05-01T20:54:43","modified_gmt":"2024-05-01T18:54:43","slug":"adega-ponte-da-barca-vinho-verde-2023-75-cl","status":"publish","type":"product","link":"https:\/\/www.raschvin.com\/sv\/produkt\/adega-ponte-da-barca-vinho-verde-2023-75-cl\/","title":{"rendered":"Adega Ponte da Barca Vinho Verde 2023 75 cl."},"content":{"rendered":"<p>Karakteristisk, aromatisk och krispigt klingande vinho verde som h\u00f6jer sig fint \u00f6ver genomsnittet. Det \u00e4r inte bara det perfekta solskensvinet utan ocks\u00e5 ett fantastiskt och m\u00e5ngsidigt matvin. Ponte da Barca Vinho Verde \u00e4r torrt, rakt och smalt och inte minst ett vin som, som f\u00e5 andra, ger maximal valuta f\u00f6r pengarna.<\/p>\n<p>Det f\u00f6rv\u00e5nar m\u00e5nga att det p\u00e5 Iberiska halv\u00f6n g\u00f6rs torra, fr\u00e4scha och smala vita viner med l\u00e5g alkoholhalt, men bl.a. dessa egenskaper finns i vinho verde. Vinet produceras i nordligaste Portugal i Minho-provinsen, som \u00e4r sista anhalten f\u00f6re grannen i norr, spanska Galicien.<\/p>\n<p>85% av druvorna \u00e4r loureiro, medan alvarinho, trajadura och arinto utg\u00f6r de saknade procentsatserna. De st\u00e5r p\u00e5 n\u00e4ringsfattig jord med nedbruten granit och sand, och det kustn\u00e4ra, tempererade klimatet garanterar den sura fr\u00e4sch\u00f6ren.<\/p>\n<p>Doft och smak inneh\u00e5ller inslag av \u00e4pple, citrus och akaciablomma, och vinets profil ger smakaren den sympatiska kombinationen av l\u00e4tthet och intensitet.<\/p>\n<p>Vinho Verde i denna kvalitet \u00e4r en omedelbar, l\u00e4ttf\u00f6rst\u00e5elig och genomg\u00e5ende njutbar upplevelse, som med sin blygsamma alkoholhalt och subtila inslag av kolsyra g\u00f6r det m\u00f6jligt att dricka n\u00e5gra glas till lunch utan att en efterf\u00f6ljande middagslur \u00e4r obligatorisk. Medan vinho verde har visat sitt v\u00e4rde som ett utm\u00e4rkt &#8217;smutsvin&#8217;, har alldeles f\u00f6r f\u00e5 upplevt att det \u00e4r ett utm\u00e4rkt och mycket smidigt matvin. Prova till exempel med \u00e5ngade bl\u00e5musslor, grillade r\u00e4kor, pizza eller fl\u00e4skkotletten med surt.<\/p>\n<p>Njut av ungt och v\u00e4l kylt, runt 5-9\u00b0, och kom ih\u00e5g det goda vitvinsglaset, s\u00e5 att du ocks\u00e5 f\u00e5r doften.<\/p>\n","protected":false},"excerpt":{"rendered":"<p>Grande Escolha &#8211; Portugal<\/p>\n","protected":false},"featured_media":54173,"template":"","meta":{"_acf_changed":false,"rs_blank_template":"","rs_page_bg_color":"","slide_template_v7":""},"product_brand":[],"product_cat":[2788,2792],"product_tag":[],"class_list":{"0":"post-54053","1":"product","2":"type-product","3":"status-publish","4":"has-post-thumbnail","6":"product_cat-vin-sv","7":"product_cat-vitt-vin","8":"pa_aargang-2023-sv","9":"pa_drue-alvarinho-sv","10":"pa_drue-arinto-sv","11":"pa_drue-loureiro-sv","12":"pa_drue-trajadura-sv","13":"pa_land-portugal-sv","14":"pa_procent-12-sv","15":"pa_producent-barco-wines-sv","16":"pa_serveringstemperatur-5-9-sv","17":"pa_volume-75-sv","19":"first","20":"instock","21":"taxable","22":"shipping-taxable","23":"purchasable","24":"product-type-simple"},"bundled_by":["119659","119917"],"bundle_stock_status":"instock","bundle_stock_quantity":null,"bundle_virtual":false,"bundle_layout":"","bundle_add_to_cart_form_location":"","bundle_editable_in_cart":false,"bundle_sold_individually_context":"","bundle_item_grouping":"","bundle_min_size":"","bundle_max_size":"","bundle_price":[],"bundled_items":[],"bundle_sell_ids":[],"acf":[],"_links":{"self":[{"href":"https:\/\/www.raschvin.com\/sv\/wp-json\/wp\/v2\/product\/54053","targetHints":{"allow":["GET"]}}],"collection":[{"href":"https:\/\/www.raschvin.com\/sv\/wp-json\/wp\/v2\/product"}],"about":[{"href":"https:\/\/www.raschvin.com\/sv\/wp-json\/wp\/v2\/types\/product"}],"wp:featuredmedia":[{"embeddable":true,"href":"https:\/\/www.raschvin.com\/sv\/wp-json\/wp\/v2\/media\/54173"}],"wp:attachment":[{"href":"https:\/\/www.raschvin.com\/sv\/wp-json\/wp\/v2\/media?parent=54053"}],"wp:term":[{"taxonomy":"product_brand","embeddable":true,"href":"https:\/\/www.raschvin.com\/sv\/wp-json\/wp\/v2\/product_brand?post=54053"},{"taxonomy":"product_cat","embeddable":true,"href":"https:\/\/www.raschvin.com\/sv\/wp-json\/wp\/v2\/product_cat?post=54053"},{"taxonomy":"product_tag","embeddable":true,"href":"https:\/\/www.raschvin.com\/sv\/wp-json\/wp\/v2\/product_tag?post=54053"}],"curies":[{"name":"wp","href":"https:\/\/api.w.org\/{rel}","templated":true}]}}