{"id":54034,"date":"2024-05-01T10:26:24","date_gmt":"2024-05-01T08:26:24","guid":{"rendered":"https:\/\/www.raschvin.com\/produkt\/bitter-truth-lemon-bitters-15-cl-39\/"},"modified":"2024-05-01T10:26:24","modified_gmt":"2024-05-01T08:26:24","slug":"bitter-truth-lemon-bitters-15-cl-39","status":"publish","type":"product","link":"https:\/\/www.raschvin.com\/sv\/produkt\/bitter-truth-lemon-bitters-15-cl-39\/","title":{"rendered":"Bitter Truth \u2013 Lemon Bitters 15 cl. 39%"},"content":{"rendered":"<p>En fr\u00e4sch och kryddig citrusbitter<br \/>\nThe Bitter Truth Lemon Bitters var de f\u00f6rsta citronbitterna som erbj\u00f6ds kommersiellt, och de tillf\u00f6r livskraften och friskheten hos citroner till varje cocktail.<\/p>\n<p>The Bitter Truth Lemon Bitters har en dekadent arom av varmt citronte med honung. Frisk, fruktig och t\u00e4t med kryddor, denna lilla blondin har sorbetsmak blandad med korianderfr\u00f6n och en l\u00e4tt hint av rostad kardemumma. Den pittig citronen tar fram charmen i l\u00e4tta eller vassa blanddrycker och glider l\u00e4ckert in i gin, vodka, vit rom eller Blanco tequila.<\/p>\n<p>The Bitter Truth Lemon Bitters l\u00e4mpar sig fr\u00e4mst f\u00f6r drycker som \u00e4r baserade p\u00e5 klar sprit, men kan blandas med m\u00e5nga andra sprit och lik\u00f6rer. Prova med allt fr\u00e5n skomakare till kamikaze.<\/p>\n<p>Om den bittra sanningen<br \/>\nSedan 2006 har Tysklands The Bitter Truth gjort sitt f\u00f6r att bidra till spridningen av bitter och cocktails. Allt b\u00f6rjade under ett bes\u00f6k p\u00e5 London Bar Show i juni 2006. P\u00e5 den m\u00e4ssan skapade bartendrarna Stephan Berg och Alexander Hauck fr\u00e5n M\u00fcnchen id\u00e9n att producera och distribuera cocktailbitter, eftersom de var sv\u00e5ra att hitta i Tyskland och m\u00e5nga andra platser.<\/p>\n<p>B\u00e5da hade redan stor erfarenhet av att tillverka handgjorda cocktailbitter till barerna de arbetade p\u00e5. Stephan \u00e4gde ocks\u00e5 en stor samling historiska bitterbitar, av vilka n\u00e5gra inte hade producerats p\u00e5 decennier. D\u00e4rmed visste han hur de mest ber\u00f6mda bitterarna i v\u00e4rlden smakade.<\/p>\n","protected":false},"excerpt":{"rendered":"<p>Aromatic Cocktail Bitter<\/p>\n","protected":false},"featured_media":54155,"template":"","meta":{"_acf_changed":false,"rs_blank_template":"","rs_page_bg_color":"","slide_template_v7":""},"product_brand":[],"product_cat":[2394],"product_tag":[],"class_list":{"0":"post-54034","1":"product","2":"type-product","3":"status-publish","4":"has-post-thumbnail","6":"product_cat-bitter-sv","7":"pa_land-tyskland-sv","8":"pa_procent-39-sv","9":"pa_volume-15-sv","11":"first","12":"instock","13":"taxable","14":"shipping-taxable","15":"purchasable","16":"product-type-simple"},"bundled_by":[],"bundle_stock_status":"instock","bundle_stock_quantity":null,"bundle_virtual":false,"bundle_layout":"","bundle_add_to_cart_form_location":"","bundle_editable_in_cart":false,"bundle_sold_individually_context":"","bundle_item_grouping":"","bundle_min_size":"","bundle_max_size":"","bundle_price":[],"bundled_items":[],"bundle_sell_ids":[],"acf":[],"_links":{"self":[{"href":"https:\/\/www.raschvin.com\/sv\/wp-json\/wp\/v2\/product\/54034","targetHints":{"allow":["GET"]}}],"collection":[{"href":"https:\/\/www.raschvin.com\/sv\/wp-json\/wp\/v2\/product"}],"about":[{"href":"https:\/\/www.raschvin.com\/sv\/wp-json\/wp\/v2\/types\/product"}],"wp:featuredmedia":[{"embeddable":true,"href":"https:\/\/www.raschvin.com\/sv\/wp-json\/wp\/v2\/media\/54155"}],"wp:attachment":[{"href":"https:\/\/www.raschvin.com\/sv\/wp-json\/wp\/v2\/media?parent=54034"}],"wp:term":[{"taxonomy":"product_brand","embeddable":true,"href":"https:\/\/www.raschvin.com\/sv\/wp-json\/wp\/v2\/product_brand?post=54034"},{"taxonomy":"product_cat","embeddable":true,"href":"https:\/\/www.raschvin.com\/sv\/wp-json\/wp\/v2\/product_cat?post=54034"},{"taxonomy":"product_tag","embeddable":true,"href":"https:\/\/www.raschvin.com\/sv\/wp-json\/wp\/v2\/product_tag?post=54034"}],"curies":[{"name":"wp","href":"https:\/\/api.w.org\/{rel}","templated":true}]}}