{"id":54030,"date":"2024-05-01T10:17:40","date_gmt":"2024-05-01T08:17:40","guid":{"rendered":"https:\/\/www.raschvin.com\/produkt\/bitter-truth-celery-bitters-20-cl-44\/"},"modified":"2024-05-01T10:17:40","modified_gmt":"2024-05-01T08:17:40","slug":"bitter-truth-celery-bitters-20-cl-44","status":"publish","type":"product","link":"https:\/\/www.raschvin.com\/sv\/produkt\/bitter-truth-celery-bitters-20-cl-44\/","title":{"rendered":"Bitter Truth \u2013 Celery Bitters 20 cl. 44%"},"content":{"rendered":"<p>En verkligt komplex smak och arom som f\u00f6r tankarna till vita druvor, gr\u00f6nt te, citrongr\u00e4s, nyriven ingef\u00e4ra &#8211; och bladselleri. Efter en stund avsl\u00f6jas korianderfr\u00f6n, f\u00e4rsk selleri och cikoria. Med sin touch av selleri \u00e4r den s\u00e5klart det perfekta valet f\u00f6r en Bloody Mary i deluxe-utg\u00e5van.<\/p>\n<p>Den ursprungliga salta bitter<br \/>\nEn f\u00f6rlorad ingrediens. Utd\u00f6d i decennier. Nu \u00e5terupplivad f\u00f6r att behaga de mest kr\u00e4sna gommar. The Bitter Truth Celery Bitters var de f\u00f6rsta selleribitterna kommersiellt tillg\u00e4ngliga p\u00e5 decennier och har vunnit 2010 \u00e5rs &#8221;Best New Cocktail Ingredient&#8221; p\u00e5 Tales of The Cocktail, New Orleans.<\/p>\n<p>Denna cocktailingrediens, som funnits redan p\u00e5 1800-talet, berikar cocktails med en ovanligt god smak. The Bitter Truth Celery Bitters har en rik bukett av vita druvor, Sencha-te, citrongr\u00e4s, selleri och f\u00e4rsk ingef\u00e4ra. Den dansar ocks\u00e5 konstn\u00e4rligt p\u00e5 tungan och l\u00e4gger till korianderfr\u00f6n, f\u00e4rsk selleri och cikoria till razzian.<\/p>\n<p>Dessa bitters \u00e4r idealiska f\u00f6r traditionella corpse-reviver-cocktails som Bloody Mary, Red Snapper, Bullshot, Prairie Oyster och alla tiders klassiker som Dry Martini Cocktail och Gin &#038; Tonic. De \u00e4r ocks\u00e5 viktiga med gr\u00e4ssprit! Prova ett bra sikte i en Ti Punch f\u00f6r att f\u00e5 n\u00e5got som g\u00f6r grannarna avundsjuka.<\/p>\n<p>Om den bittra sanningen<br \/>\nSedan 2006 har Tysklands The Bitter Truth gjort sitt f\u00f6r att bidra till spridningen av bitter och cocktails. Allt b\u00f6rjade under ett bes\u00f6k p\u00e5 London Bar Show i juni 2006. P\u00e5 den m\u00e4ssan skapade bartendrarna Stephan Berg och Alexander Hauck fr\u00e5n M\u00fcnchen id\u00e9n att producera och distribuera cocktailbitter, eftersom de var sv\u00e5ra att hitta i Tyskland och m\u00e5nga andra platser.<\/p>\n<p>B\u00e5da hade redan stor erfarenhet av att tillverka handgjorda cocktailbitter till barerna de arbetade p\u00e5. Stephan \u00e4gde ocks\u00e5 en stor samling historiska bitterbitar, av vilka n\u00e5gra inte hade producerats p\u00e5 decennier. D\u00e4rmed visste han hur de mest ber\u00f6mda bitterarna i v\u00e4rlden smakade.<\/p>\n","protected":false},"excerpt":{"rendered":"<p>Aromatic Cocktail Bitter<\/p>\n","protected":false},"featured_media":54146,"template":"","meta":{"_acf_changed":false,"rs_blank_template":"","rs_page_bg_color":"","slide_template_v7":""},"product_brand":[],"product_cat":[2394],"product_tag":[],"class_list":{"0":"post-54030","1":"product","2":"type-product","3":"status-publish","4":"has-post-thumbnail","6":"product_cat-bitter-sv","7":"pa_land-tyskland-sv","8":"pa_procent-44-sv","9":"pa_volume-20-sv","11":"first","12":"instock","13":"taxable","14":"shipping-taxable","15":"purchasable","16":"product-type-simple"},"bundled_by":[],"bundle_stock_status":"instock","bundle_stock_quantity":null,"bundle_virtual":false,"bundle_layout":"","bundle_add_to_cart_form_location":"","bundle_editable_in_cart":false,"bundle_sold_individually_context":"","bundle_item_grouping":"","bundle_min_size":"","bundle_max_size":"","bundle_price":[],"bundled_items":[],"bundle_sell_ids":[],"acf":[],"_links":{"self":[{"href":"https:\/\/www.raschvin.com\/sv\/wp-json\/wp\/v2\/product\/54030","targetHints":{"allow":["GET"]}}],"collection":[{"href":"https:\/\/www.raschvin.com\/sv\/wp-json\/wp\/v2\/product"}],"about":[{"href":"https:\/\/www.raschvin.com\/sv\/wp-json\/wp\/v2\/types\/product"}],"wp:featuredmedia":[{"embeddable":true,"href":"https:\/\/www.raschvin.com\/sv\/wp-json\/wp\/v2\/media\/54146"}],"wp:attachment":[{"href":"https:\/\/www.raschvin.com\/sv\/wp-json\/wp\/v2\/media?parent=54030"}],"wp:term":[{"taxonomy":"product_brand","embeddable":true,"href":"https:\/\/www.raschvin.com\/sv\/wp-json\/wp\/v2\/product_brand?post=54030"},{"taxonomy":"product_cat","embeddable":true,"href":"https:\/\/www.raschvin.com\/sv\/wp-json\/wp\/v2\/product_cat?post=54030"},{"taxonomy":"product_tag","embeddable":true,"href":"https:\/\/www.raschvin.com\/sv\/wp-json\/wp\/v2\/product_tag?post=54030"}],"curies":[{"name":"wp","href":"https:\/\/api.w.org\/{rel}","templated":true}]}}