{"id":54027,"date":"2024-05-01T10:10:42","date_gmt":"2024-05-01T08:10:42","guid":{"rendered":"https:\/\/www.raschvin.com\/produkt\/bitter-truth-grapefruit-bitters-20-cl-44\/"},"modified":"2024-05-01T10:10:42","modified_gmt":"2024-05-01T08:10:42","slug":"bitter-truth-grapefruit-bitters-20-cl-44","status":"publish","type":"product","link":"https:\/\/www.raschvin.com\/sv\/produkt\/bitter-truth-grapefruit-bitters-20-cl-44\/","title":{"rendered":"Bitter Truth &#8211; Grapefruit Bitters 20 cl. 44%"},"content":{"rendered":"<p>En komplex bitter f\u00f6r citrustunga drycker<br \/>\nThe Bitter Truth Grapefruit Bitters misslyckas inte med att representera denna \u00f6verdimensionerade men underutnyttjade citrusfrukt. Med en omedelbar boost av bubbel frukostfrukt vid f\u00f6rsta sniffningen f\u00e5r du b\u00e5de de bittra oljorna men ocks\u00e5 den klassiska skarpa k\u00e4nslan p\u00e5 tungan, f\u00f6ljt av komplexa vegetabiliska toner och en torr humlefinish.<\/p>\n<p>The Bitter Truth Grapefruit Bitters p\u00e5minner om somrar utomhus. Dessa beska \u00e4r k\u00e4nsliga f\u00f6r n\u00e4san och t\u00e5l aggressiva drycker. Grapefrukt m\u00f6ter humle f\u00f6r att skapa en fr\u00e4sch, ljus citrusnot och \u00e4r ett bra komplement till brusande och fruktiga drycker.<\/p>\n<p>B\u00e4sta v\u00e4nner med gin, vodka, Blanco tequila och l\u00e4tt rom, dessa grapefruktbitter \u00e4r en underbar ingrediens f\u00f6r drycker som annars kan smaka f\u00f6r s\u00f6tt. Ge en modern twist till en klassisk Gin &#038; Tonic, l\u00e4gg till n\u00e5gra streck till en Daiquiri eller Margarita, eller l\u00e4gg till ett nytt lager av komplexitet till cocktails som traditionellt sett inte inneh\u00f6ll bitter.<\/p>\n<p>Om den bittra sanningen<br \/>\nSedan 2006 har Tysklands The Bitter Truth gjort sitt f\u00f6r att bidra till spridningen av bitter och cocktails. Allt b\u00f6rjade under ett bes\u00f6k p\u00e5 London Bar Show i juni 2006. P\u00e5 den m\u00e4ssan skapade bartendrarna Stephan Berg och Alexander Hauck fr\u00e5n M\u00fcnchen id\u00e9n att producera och distribuera cocktailbitter, eftersom de var sv\u00e5ra att hitta i Tyskland och m\u00e5nga andra platser.<\/p>\n<p>B\u00e5da hade redan stor erfarenhet av att tillverka handgjorda cocktailbitter till barerna de arbetade p\u00e5. Stephan \u00e4gde ocks\u00e5 en stor samling historiska bitterbitar, av vilka n\u00e5gra inte hade producerats p\u00e5 decennier. D\u00e4rmed visste han hur de mest ber\u00f6mda bitterarna i v\u00e4rlden smakade.<\/p>\n","protected":false},"excerpt":{"rendered":"<p>Aromatic Cocktail Bitter<\/p>\n","protected":false},"featured_media":54152,"template":"","meta":{"_acf_changed":false,"rs_blank_template":"","rs_page_bg_color":"","slide_template_v7":""},"product_brand":[],"product_cat":[2394],"product_tag":[],"class_list":{"0":"post-54027","1":"product","2":"type-product","3":"status-publish","4":"has-post-thumbnail","6":"product_cat-bitter-sv","7":"pa_land-tyskland-sv","8":"pa_procent-44-sv","9":"pa_volume-20-sv","11":"first","12":"instock","13":"taxable","14":"shipping-taxable","15":"purchasable","16":"product-type-simple"},"bundled_by":[],"bundle_stock_status":"instock","bundle_stock_quantity":null,"bundle_virtual":false,"bundle_layout":"","bundle_add_to_cart_form_location":"","bundle_editable_in_cart":false,"bundle_sold_individually_context":"","bundle_item_grouping":"","bundle_min_size":"","bundle_max_size":"","bundle_price":[],"bundled_items":[],"bundle_sell_ids":[],"acf":[],"_links":{"self":[{"href":"https:\/\/www.raschvin.com\/sv\/wp-json\/wp\/v2\/product\/54027","targetHints":{"allow":["GET"]}}],"collection":[{"href":"https:\/\/www.raschvin.com\/sv\/wp-json\/wp\/v2\/product"}],"about":[{"href":"https:\/\/www.raschvin.com\/sv\/wp-json\/wp\/v2\/types\/product"}],"wp:featuredmedia":[{"embeddable":true,"href":"https:\/\/www.raschvin.com\/sv\/wp-json\/wp\/v2\/media\/54152"}],"wp:attachment":[{"href":"https:\/\/www.raschvin.com\/sv\/wp-json\/wp\/v2\/media?parent=54027"}],"wp:term":[{"taxonomy":"product_brand","embeddable":true,"href":"https:\/\/www.raschvin.com\/sv\/wp-json\/wp\/v2\/product_brand?post=54027"},{"taxonomy":"product_cat","embeddable":true,"href":"https:\/\/www.raschvin.com\/sv\/wp-json\/wp\/v2\/product_cat?post=54027"},{"taxonomy":"product_tag","embeddable":true,"href":"https:\/\/www.raschvin.com\/sv\/wp-json\/wp\/v2\/product_tag?post=54027"}],"curies":[{"name":"wp","href":"https:\/\/api.w.org\/{rel}","templated":true}]}}