{"id":54024,"date":"2024-05-01T10:05:21","date_gmt":"2024-05-01T08:05:21","guid":{"rendered":"https:\/\/www.raschvin.com\/produkt\/bitter-truth-creole-bitters-20-cl-39\/"},"modified":"2024-05-01T10:05:21","modified_gmt":"2024-05-01T08:05:21","slug":"bitter-truth-creole-bitters-20-cl-39","status":"publish","type":"product","link":"https:\/\/www.raschvin.com\/sv\/produkt\/bitter-truth-creole-bitters-20-cl-39\/","title":{"rendered":"Bitter Truth &#8211; Creole Bitters 20 cl. 39%"},"content":{"rendered":"<p>En k\u00f6kskryddtyp av aromatiska beska<br \/>\nKreol \u00e4r lika med smak, och dessa beska \u00e4r lika unika som kulturen den kapslar in. Dessa beska luktar som ett k\u00f6k i de franska kvarteren.<br \/>\nThe Bitter Truth Creole Bitters p\u00e5minner om en bitter stil som g\u00e5r tillbaka till en era innan cocktails ens fanns. D\u00e5 tillverkades bitter av l\u00e4kare och apotekare, fr\u00e4mst f\u00f6r anv\u00e4ndning i flytande tonika och sedan s\u00e5 sm\u00e5ningom som ingrediens i alkoholhaltiga drycker.<\/p>\n<p>The Bitter Truth Creole Bitters speglar den kreolska livsstilen i all dess vackra komplexitet och kryddighet. Vid f\u00f6rsta smaken kommer cayenne- och rosapepparkorn upp, st\u00f6dda av anis, stor r\u00f6d kanel, m\u00f6rk spiskummin och f\u00e4nk\u00e5lsfr\u00f6. Fruktiga aromer av torkade aprikoser, k\u00f6rsb\u00e4r och tranb\u00e4r blandas med de starka smakerna av anis, r\u00f6kt paprika och inslag av rykande tall.<\/p>\n<p>Den vintage metalliska etiketten d\u00f6ljer brinnande anis, k\u00f6rsb\u00e4rsr\u00f6d v\u00e4tska. Prova det p\u00e5 din favorit Manhattan, Old Fashioned, French 75, eller f\u00f6r den delen, vilken dryck som helst som kan g\u00f6ra med att bli fr\u00e4sch. S\u00e4tt p\u00e5 en bl\u00e5sorkestermarsch och f\u00e5 fart p\u00e5 f\u00f6tterna!<\/p>\n<p>Om den bittra sanningen<br \/>\nSedan 2006 har Tysklands The Bitter Truth gjort sitt f\u00f6r att bidra till spridningen av bitter och cocktails. Allt b\u00f6rjade under ett bes\u00f6k p\u00e5 London Bar Show i juni 2006. P\u00e5 den m\u00e4ssan skapade bartendrarna Stephan Berg och Alexander Hauck fr\u00e5n M\u00fcnchen id\u00e9n att producera och distribuera cocktailbitter, eftersom de var sv\u00e5ra att hitta i Tyskland och m\u00e5nga andra platser.<\/p>\n<p>B\u00e5da hade redan stor erfarenhet av att tillverka handgjorda cocktailbitter till barerna de arbetade p\u00e5. Stephan \u00e4gde ocks\u00e5 en stor samling historiska bitterbitar, av vilka n\u00e5gra inte hade producerats p\u00e5 decennier. D\u00e4rmed visste han hur de mest ber\u00f6mda bitterarna i v\u00e4rlden smakade.<\/p>\n","protected":false},"excerpt":{"rendered":"<p>Aromatic Cocktail Bitter<\/p>\n","protected":false},"featured_media":54149,"template":"","meta":{"_acf_changed":false,"rs_blank_template":"","rs_page_bg_color":"","slide_template_v7":""},"product_brand":[],"product_cat":[2394],"product_tag":[],"class_list":{"0":"post-54024","1":"product","2":"type-product","3":"status-publish","4":"has-post-thumbnail","6":"product_cat-bitter-sv","7":"pa_land-tyskland-sv","8":"pa_procent-39-sv","9":"pa_volume-20-sv","11":"first","12":"instock","13":"taxable","14":"shipping-taxable","15":"purchasable","16":"product-type-simple"},"bundled_by":[],"bundle_stock_status":"instock","bundle_stock_quantity":null,"bundle_virtual":false,"bundle_layout":"","bundle_add_to_cart_form_location":"","bundle_editable_in_cart":false,"bundle_sold_individually_context":"","bundle_item_grouping":"","bundle_min_size":"","bundle_max_size":"","bundle_price":[],"bundled_items":[],"bundle_sell_ids":[],"acf":[],"_links":{"self":[{"href":"https:\/\/www.raschvin.com\/sv\/wp-json\/wp\/v2\/product\/54024","targetHints":{"allow":["GET"]}}],"collection":[{"href":"https:\/\/www.raschvin.com\/sv\/wp-json\/wp\/v2\/product"}],"about":[{"href":"https:\/\/www.raschvin.com\/sv\/wp-json\/wp\/v2\/types\/product"}],"wp:featuredmedia":[{"embeddable":true,"href":"https:\/\/www.raschvin.com\/sv\/wp-json\/wp\/v2\/media\/54149"}],"wp:attachment":[{"href":"https:\/\/www.raschvin.com\/sv\/wp-json\/wp\/v2\/media?parent=54024"}],"wp:term":[{"taxonomy":"product_brand","embeddable":true,"href":"https:\/\/www.raschvin.com\/sv\/wp-json\/wp\/v2\/product_brand?post=54024"},{"taxonomy":"product_cat","embeddable":true,"href":"https:\/\/www.raschvin.com\/sv\/wp-json\/wp\/v2\/product_cat?post=54024"},{"taxonomy":"product_tag","embeddable":true,"href":"https:\/\/www.raschvin.com\/sv\/wp-json\/wp\/v2\/product_tag?post=54024"}],"curies":[{"name":"wp","href":"https:\/\/api.w.org\/{rel}","templated":true}]}}