{"id":54020,"date":"2024-05-01T09:57:47","date_gmt":"2024-05-01T07:57:47","guid":{"rendered":"https:\/\/www.raschvin.com\/produkt\/bitter-truth-chocolate-bitters-10-cl-44\/"},"modified":"2024-05-01T09:59:57","modified_gmt":"2024-05-01T07:59:57","slug":"bitter-truth-chocolate-bitters-10-cl-44","status":"publish","type":"product","link":"https:\/\/www.raschvin.com\/sv\/produkt\/bitter-truth-chocolate-bitters-10-cl-44\/","title":{"rendered":"Bitter Truth &#8211; Chocolate Bitters 10 cl. 44%"},"content":{"rendered":"<p>En modern stil av aromatiska beska<\/p>\n<p>L\u00e5ng, m\u00f6rk och ja, n\u00e5got vacker, absolut rik och originell: Ny bitter f\u00f6r en ny era av cocktails!<\/p>\n<p>The Bitter Truth Chocolate Bitters suddar ut gr\u00e4nserna mellan gammaldags bitter och nya v\u00e4rldssmaker. Djupa chokladnoter st\u00f6ds av klassiska bittra smaker och accentueras med en hint av krydda. Kakaosm\u00f6r och m\u00f6rk choklad f\u00f6rf\u00f6r n\u00e4san. Inslag av vanilj, kanel och bittra toner av gentiana och mal\u00f6rt frammanas i gommen.<\/p>\n<p>The Bitter Truth Chocolate Bitters spelar exceptionellt bra med s\u00f6ta vermouths och alla typer av lagrad sprit som whisky, rom, tequila och konjak. L\u00e4gg till ett streck till en Manhattan eller Negroni f\u00f6r att b\u00f6rja utforska dess komplexa smaker eller anv\u00e4nd den i en Tequila Old Fashioned f\u00f6r att ta fram spritens vegetabiliska egenskaper.<\/p>\n<p>Om den bittra sanningen<br \/>\nSedan 2006 har Tysklands The Bitter Truth gjort sitt f\u00f6r att bidra till spridningen av bitter och cocktails. Allt b\u00f6rjade under ett bes\u00f6k p\u00e5 London Bar Show i juni 2006. P\u00e5 den m\u00e4ssan skapade bartendrarna Stephan Berg och Alexander Hauck fr\u00e5n M\u00fcnchen id\u00e9n att producera och distribuera cocktailbitter, eftersom de var sv\u00e5ra att hitta i Tyskland och m\u00e5nga andra platser.<\/p>\n<p>B\u00e5da hade redan stor erfarenhet av att tillverka handgjorda cocktailbitter till barerna de arbetade p\u00e5. Stephan \u00e4gde ocks\u00e5 en stor samling historiska bitterbitar, av vilka n\u00e5gra inte hade producerats p\u00e5 decennier. D\u00e4rmed visste han hur de mest ber\u00f6mda bitterarna i v\u00e4rlden smakade.<\/p>\n","protected":false},"excerpt":{"rendered":"<p>Aromatic Cocktail Bitter<\/p>\n","protected":false},"featured_media":54158,"template":"","meta":{"_acf_changed":false,"rs_blank_template":"","rs_page_bg_color":"","slide_template_v7":""},"product_brand":[],"product_cat":[2394],"product_tag":[],"class_list":{"0":"post-54020","1":"product","2":"type-product","3":"status-publish","4":"has-post-thumbnail","6":"product_cat-bitter-sv","7":"pa_land-tyskland-sv","8":"pa_procent-44-sv","9":"pa_volume-10-sv","11":"first","12":"instock","13":"taxable","14":"shipping-taxable","15":"purchasable","16":"product-type-simple"},"bundled_by":[],"bundle_stock_status":"instock","bundle_stock_quantity":null,"bundle_virtual":false,"bundle_layout":"","bundle_add_to_cart_form_location":"","bundle_editable_in_cart":false,"bundle_sold_individually_context":"","bundle_item_grouping":"","bundle_min_size":"","bundle_max_size":"","bundle_price":[],"bundled_items":[],"bundle_sell_ids":[],"acf":[],"_links":{"self":[{"href":"https:\/\/www.raschvin.com\/sv\/wp-json\/wp\/v2\/product\/54020","targetHints":{"allow":["GET"]}}],"collection":[{"href":"https:\/\/www.raschvin.com\/sv\/wp-json\/wp\/v2\/product"}],"about":[{"href":"https:\/\/www.raschvin.com\/sv\/wp-json\/wp\/v2\/types\/product"}],"wp:featuredmedia":[{"embeddable":true,"href":"https:\/\/www.raschvin.com\/sv\/wp-json\/wp\/v2\/media\/54158"}],"wp:attachment":[{"href":"https:\/\/www.raschvin.com\/sv\/wp-json\/wp\/v2\/media?parent=54020"}],"wp:term":[{"taxonomy":"product_brand","embeddable":true,"href":"https:\/\/www.raschvin.com\/sv\/wp-json\/wp\/v2\/product_brand?post=54020"},{"taxonomy":"product_cat","embeddable":true,"href":"https:\/\/www.raschvin.com\/sv\/wp-json\/wp\/v2\/product_cat?post=54020"},{"taxonomy":"product_tag","embeddable":true,"href":"https:\/\/www.raschvin.com\/sv\/wp-json\/wp\/v2\/product_tag?post=54020"}],"curies":[{"name":"wp","href":"https:\/\/api.w.org\/{rel}","templated":true}]}}