{"id":54016,"date":"2024-05-01T09:34:09","date_gmt":"2024-05-01T07:34:09","guid":{"rendered":"https:\/\/www.raschvin.com\/produkt\/my-hero-mandarin-gin-liqueur-70-cl-20\/"},"modified":"2024-05-01T09:34:09","modified_gmt":"2024-05-01T07:34:09","slug":"my-hero-mandarin-gin-liqueur-70-cl-20","status":"publish","type":"product","link":"https:\/\/www.raschvin.com\/sv\/produkt\/my-hero-mandarin-gin-liqueur-70-cl-20\/","title":{"rendered":"My Hero Mandarin Gin Liqueur 70 cl. 20%"},"content":{"rendered":"<p>Marsk Gin Lik\u00f6r Mandarin 20%. Mandarinlik\u00f6r \u00e4r en destillerad gin med s\u00f6tma och naturlig mandarinsmak. Drick den snygg eller med ice &#038; tonic &#038; garnera med apelsin &#8211; vacker ginlik\u00f6r med smak av mandarin.<\/p>\n<p>Om Marsk-destilleriet<br \/>\nUnder flera \u00e5r har Hans Sjursen och Pernille tillsammans skapat livsstilsst\u00e4llet Brinksgaard. Nu har Hans sagt upp sig och skapat Marskdestilleriet. H\u00e4r skapas dropparna i total n\u00e4rvaro av tr\u00e4skmarker, lera och en k\u00e4nsla av \u00e4ventyr. Producerad och lagrad p\u00e5 R\u00f8m\u00f8, d\u00e4r ljungen och den salta vinvinden spelar huvudrollerna. Marsh-destilleriets olika gin \u00e4r fyllda med smak fr\u00e5n de olika v\u00e4xterna \u2013 alla \u00e4r i den torra stilen, och avnjuts b\u00e4st med en l\u00e4tt l\u00e4tt, aptitretande tonic.<\/p>\n","protected":false},"excerpt":{"rendered":"<p>Marskdestilleriet \u2013 Denmark<\/p>\n","protected":false},"featured_media":54107,"template":"","meta":{"_acf_changed":false,"rs_blank_template":"","rs_page_bg_color":"","slide_template_v7":""},"product_brand":[],"product_cat":[2387,4700,4708,2402,2390,2404],"product_tag":[],"class_list":{"0":"post-54016","1":"product","2":"type-product","3":"status-publish","4":"has-post-thumbnail","6":"product_cat-avec-sv","7":"product_cat-flavoured-gin-sv","8":"product_cat-ginlikor","9":"product_cat-sprit-sv","10":"product_cat-sprit","11":"product_cat-gin-sv","12":"pa_land-danmark-sv","13":"pa_procent-20-sv","14":"pa_volume-70-sv-2","16":"first","17":"instock","18":"sale","19":"taxable","20":"shipping-taxable","21":"purchasable","22":"product-type-simple"},"bundled_by":[],"bundle_stock_status":"instock","bundle_stock_quantity":null,"bundle_virtual":false,"bundle_layout":"","bundle_add_to_cart_form_location":"","bundle_editable_in_cart":false,"bundle_sold_individually_context":"","bundle_item_grouping":"","bundle_min_size":"","bundle_max_size":"","bundle_price":[],"bundled_items":[],"bundle_sell_ids":[],"acf":[],"_links":{"self":[{"href":"https:\/\/www.raschvin.com\/sv\/wp-json\/wp\/v2\/product\/54016","targetHints":{"allow":["GET"]}}],"collection":[{"href":"https:\/\/www.raschvin.com\/sv\/wp-json\/wp\/v2\/product"}],"about":[{"href":"https:\/\/www.raschvin.com\/sv\/wp-json\/wp\/v2\/types\/product"}],"wp:featuredmedia":[{"embeddable":true,"href":"https:\/\/www.raschvin.com\/sv\/wp-json\/wp\/v2\/media\/54107"}],"wp:attachment":[{"href":"https:\/\/www.raschvin.com\/sv\/wp-json\/wp\/v2\/media?parent=54016"}],"wp:term":[{"taxonomy":"product_brand","embeddable":true,"href":"https:\/\/www.raschvin.com\/sv\/wp-json\/wp\/v2\/product_brand?post=54016"},{"taxonomy":"product_cat","embeddable":true,"href":"https:\/\/www.raschvin.com\/sv\/wp-json\/wp\/v2\/product_cat?post=54016"},{"taxonomy":"product_tag","embeddable":true,"href":"https:\/\/www.raschvin.com\/sv\/wp-json\/wp\/v2\/product_tag?post=54016"}],"curies":[{"name":"wp","href":"https:\/\/api.w.org\/{rel}","templated":true}]}}