{"id":54012,"date":"2024-05-01T09:29:17","date_gmt":"2024-05-01T07:29:17","guid":{"rendered":"https:\/\/www.raschvin.com\/produkt\/my-hero-elderflower-gin-liqueur-70-cl-20\/"},"modified":"2024-05-01T09:29:17","modified_gmt":"2024-05-01T07:29:17","slug":"my-hero-elderflower-gin-liqueur-70-cl-20","status":"publish","type":"product","link":"https:\/\/www.raschvin.com\/sv\/produkt\/my-hero-elderflower-gin-liqueur-70-cl-20\/","title":{"rendered":"My Hero Elderflower Gin Liqueur 70 cl. 20%"},"content":{"rendered":"<p>Marskdistillery&#8217;s Gin Liqueur fl\u00e4derblom 20%. Destillerad gin med fl\u00e4derblomsmak. Servera snyggt som lik\u00f6r eller med is &#038; tonic &#038; mynta.<\/p>\n<p>Om Marsk-destilleriet<br \/>\nUnder flera \u00e5r har Hans Sjursen och Pernille tillsammans skapat livsstilsst\u00e4llet Brinksgaard. Nu har Hans sagt upp sig och skapat Marskdestilleriet. H\u00e4r skapas dropparna i total n\u00e4rvaro av tr\u00e4skmarker, lera och en k\u00e4nsla av \u00e4ventyr. Producerad och lagrad p\u00e5 R\u00f8m\u00f8, d\u00e4r ljungen och den salta vinvinden spelar huvudrollerna. Marsh-destilleriets olika gin \u00e4r fyllda med smak fr\u00e5n de olika v\u00e4xterna \u2013 alla \u00e4r i den torra stilen, och avnjuts b\u00e4st med en l\u00e4tt l\u00e4tt, aptitretande tonic.<\/p>\n","protected":false},"excerpt":{"rendered":"<p>Marskdestilleriet \u2013 Denmark<\/p>\n","protected":false},"featured_media":54104,"template":"","meta":{"_acf_changed":false,"rs_blank_template":"","rs_page_bg_color":"","slide_template_v7":""},"product_brand":[],"product_cat":[2387,2390,2402,2404,4700,4708],"product_tag":[],"class_list":{"0":"post-54012","1":"product","2":"type-product","3":"status-publish","4":"has-post-thumbnail","6":"product_cat-avec-sv","7":"product_cat-sprit","8":"product_cat-sprit-sv","9":"product_cat-gin-sv","10":"product_cat-flavoured-gin-sv","11":"product_cat-ginlikor","12":"pa_land-danmark-sv","13":"pa_procent-20-sv","14":"pa_volume-70-sv-2","16":"first","17":"instock","18":"sale","19":"taxable","20":"shipping-taxable","21":"purchasable","22":"product-type-simple"},"bundled_by":[],"bundle_stock_status":"instock","bundle_stock_quantity":null,"bundle_virtual":false,"bundle_layout":"","bundle_add_to_cart_form_location":"","bundle_editable_in_cart":false,"bundle_sold_individually_context":"","bundle_item_grouping":"","bundle_min_size":"","bundle_max_size":"","bundle_price":[],"bundled_items":[],"bundle_sell_ids":[],"acf":[],"_links":{"self":[{"href":"https:\/\/www.raschvin.com\/sv\/wp-json\/wp\/v2\/product\/54012","targetHints":{"allow":["GET"]}}],"collection":[{"href":"https:\/\/www.raschvin.com\/sv\/wp-json\/wp\/v2\/product"}],"about":[{"href":"https:\/\/www.raschvin.com\/sv\/wp-json\/wp\/v2\/types\/product"}],"wp:featuredmedia":[{"embeddable":true,"href":"https:\/\/www.raschvin.com\/sv\/wp-json\/wp\/v2\/media\/54104"}],"wp:attachment":[{"href":"https:\/\/www.raschvin.com\/sv\/wp-json\/wp\/v2\/media?parent=54012"}],"wp:term":[{"taxonomy":"product_brand","embeddable":true,"href":"https:\/\/www.raschvin.com\/sv\/wp-json\/wp\/v2\/product_brand?post=54012"},{"taxonomy":"product_cat","embeddable":true,"href":"https:\/\/www.raschvin.com\/sv\/wp-json\/wp\/v2\/product_cat?post=54012"},{"taxonomy":"product_tag","embeddable":true,"href":"https:\/\/www.raschvin.com\/sv\/wp-json\/wp\/v2\/product_tag?post=54012"}],"curies":[{"name":"wp","href":"https:\/\/api.w.org\/{rel}","templated":true}]}}