{"id":54009,"date":"2024-05-01T09:21:58","date_gmt":"2024-05-01T07:21:58","guid":{"rendered":"https:\/\/www.raschvin.com\/produkt\/marsk-apple-gin-70-cl-40\/"},"modified":"2024-05-01T09:21:58","modified_gmt":"2024-05-01T07:21:58","slug":"marsk-apple-gin-70-cl-40","status":"publish","type":"product","link":"https:\/\/www.raschvin.com\/sv\/produkt\/marsk-apple-gin-70-cl-40\/","title":{"rendered":"Marsk Apple Gin 70 cl. 40%"},"content":{"rendered":"<p>MARSK GIN \u00c4PPLE 40%. Destillerad gin med \u00e4pplen fr\u00e5n tr\u00e4dg\u00e5rden, ekologisk kanel &#038; kardemumma. Drick som gin\/tonic med \u00e4ppelring. prova \u00e4ven fl\u00e4derblom f\u00f6r en s\u00f6tare GT. HOTGIN: v\u00e4rm upp en god \u00e4ppelcider, tills\u00e4tt gin &#038; kanelst\u00e5ng. Tillverkad p\u00e5 Marskdistillery kopparvattenkokare &#8211; London Dry Gin<\/p>\n<p>Om Marsk-destilleriet<br \/>\nUnder flera \u00e5r har Hans Sjursen och Pernille tillsammans skapat livsstilsst\u00e4llet Brinksgaard. Nu har Hans sagt upp sig och skapat Marskdestilleriet. H\u00e4r skapas dropparna i total n\u00e4rvaro av tr\u00e4skmarker, lera och en k\u00e4nsla av \u00e4ventyr. Producerad och lagrad p\u00e5 R\u00f8m\u00f8, d\u00e4r ljungen och den salta vinvinden spelar huvudrollerna. Marsh-destilleriets olika gin \u00e4r fyllda med smak fr\u00e5n de olika v\u00e4xterna \u2013 alla \u00e4r i den torra stilen, och avnjuts b\u00e4st med en l\u00e4tt l\u00e4tt, aptitretande tonic.<\/p>\n","protected":false},"excerpt":{"rendered":"<p>Marskdestilleriet \u2013 Denmark<\/p>\n","protected":false},"featured_media":54068,"template":"","meta":{"_acf_changed":false,"rs_blank_template":"","rs_page_bg_color":"","slide_template_v7":""},"product_brand":[],"product_cat":[4711,2404,2402],"product_tag":[],"class_list":{"0":"post-54009","1":"product","2":"type-product","3":"status-publish","4":"has-post-thumbnail","6":"product_cat-andra-gins","7":"product_cat-gin-sv","8":"product_cat-sprit-sv","9":"pa_land-danmark-sv","10":"pa_procent-40-sv-2","11":"pa_producent-marskdestilleriet-sv","12":"pa_volume-70-sv-2","14":"first","15":"instock","16":"sale","17":"taxable","18":"shipping-taxable","19":"purchasable","20":"product-type-simple"},"bundled_by":["117333"],"bundle_stock_status":"instock","bundle_stock_quantity":null,"bundle_virtual":false,"bundle_layout":"","bundle_add_to_cart_form_location":"","bundle_editable_in_cart":false,"bundle_sold_individually_context":"","bundle_item_grouping":"","bundle_min_size":"","bundle_max_size":"","bundle_price":[],"bundled_items":[],"bundle_sell_ids":[],"acf":[],"_links":{"self":[{"href":"https:\/\/www.raschvin.com\/sv\/wp-json\/wp\/v2\/product\/54009","targetHints":{"allow":["GET"]}}],"collection":[{"href":"https:\/\/www.raschvin.com\/sv\/wp-json\/wp\/v2\/product"}],"about":[{"href":"https:\/\/www.raschvin.com\/sv\/wp-json\/wp\/v2\/types\/product"}],"wp:featuredmedia":[{"embeddable":true,"href":"https:\/\/www.raschvin.com\/sv\/wp-json\/wp\/v2\/media\/54068"}],"wp:attachment":[{"href":"https:\/\/www.raschvin.com\/sv\/wp-json\/wp\/v2\/media?parent=54009"}],"wp:term":[{"taxonomy":"product_brand","embeddable":true,"href":"https:\/\/www.raschvin.com\/sv\/wp-json\/wp\/v2\/product_brand?post=54009"},{"taxonomy":"product_cat","embeddable":true,"href":"https:\/\/www.raschvin.com\/sv\/wp-json\/wp\/v2\/product_cat?post=54009"},{"taxonomy":"product_tag","embeddable":true,"href":"https:\/\/www.raschvin.com\/sv\/wp-json\/wp\/v2\/product_tag?post=54009"}],"curies":[{"name":"wp","href":"https:\/\/api.w.org\/{rel}","templated":true}]}}