{"id":54002,"date":"2024-05-01T09:11:56","date_gmt":"2024-05-01T07:11:56","guid":{"rendered":"https:\/\/www.raschvin.com\/produkt\/marsk-sort-sol-gin-black-sun-70-cl-40\/"},"modified":"2024-05-01T09:11:56","modified_gmt":"2024-05-01T07:11:56","slug":"marsk-sort-sol-gin-black-sun-70-cl-40","status":"publish","type":"product","link":"https:\/\/www.raschvin.com\/sv\/produkt\/marsk-sort-sol-gin-black-sun-70-cl-40\/","title":{"rendered":"Marsk Sort Sol Gin (Black Sun) 70 cl. 40%"},"content":{"rendered":"<p>MARSK GIN BLACK SOL 40%. Black Sol Gin destillerad med lokala aroniab\u00e4r (som \u00e4r rika p\u00e5 antioxidanter) &#038; citrus &#038; apelsin &#038; lakritsrot &#038; koriander. Serveras med tonic och apelsin \u2013 prova \u00e4ven ingef\u00e4ra eller citron. Ginen har smaksatts med aroniab\u00e4r och har d\u00e4rf\u00f6r en l\u00e4tt r\u00f6daktig f\u00e4rg. Tillverkad fr\u00e5n grunden i Marsk-destilleriets kopparkokare.<\/p>\n<p>Om Marsk-destilleriet<br \/>\nUnder flera \u00e5r har Hans Sjursen och Pernille tillsammans skapat livsstilsst\u00e4llet Brinksgaard. Nu har Hans sagt upp sig och skapat Marskdestilleriet. H\u00e4r skapas dropparna i total n\u00e4rvaro av tr\u00e4skmarker, lera och en k\u00e4nsla av \u00e4ventyr. Producerad och lagrad p\u00e5 R\u00f8m\u00f8, d\u00e4r ljungen och den salta vinvinden spelar huvudrollerna. Marsh-destilleriets olika gin \u00e4r fyllda med smak fr\u00e5n de olika v\u00e4xterna \u2013 alla \u00e4r i den torra stilen, och avnjuts b\u00e4st med en l\u00e4tt l\u00e4tt, aptitretande tonic.<\/p>\n","protected":false},"excerpt":{"rendered":"<p>Marskdestilleriet &#8211; Denmark<\/p>\n","protected":false},"featured_media":54065,"template":"","meta":{"_acf_changed":false,"rs_blank_template":"","rs_page_bg_color":"","slide_template_v7":""},"product_brand":[],"product_cat":[2404,4700,9290,9479],"product_tag":[],"class_list":{"0":"post-54002","1":"product","2":"type-product","3":"status-publish","4":"has-post-thumbnail","6":"product_cat-gin-sv","7":"product_cat-flavoured-gin-sv","8":"product_cat-distilled-gin","9":"product_cat-gintyper","10":"pa_land-danmark-sv","11":"pa_procent-40-sv-2","12":"pa_producent-marskdestilleriet-sv","13":"pa_region-syddanmark","14":"pa_volume-70-sv-2","16":"first","17":"instock","18":"sale","19":"taxable","20":"shipping-taxable","21":"purchasable","22":"product-type-simple"},"bundled_by":[],"bundle_stock_status":"instock","bundle_stock_quantity":null,"bundle_virtual":false,"bundle_layout":"","bundle_add_to_cart_form_location":"","bundle_editable_in_cart":false,"bundle_sold_individually_context":"","bundle_item_grouping":"","bundle_min_size":"","bundle_max_size":"","bundle_price":[],"bundled_items":[],"bundle_sell_ids":[],"acf":[],"_links":{"self":[{"href":"https:\/\/www.raschvin.com\/sv\/wp-json\/wp\/v2\/product\/54002","targetHints":{"allow":["GET"]}}],"collection":[{"href":"https:\/\/www.raschvin.com\/sv\/wp-json\/wp\/v2\/product"}],"about":[{"href":"https:\/\/www.raschvin.com\/sv\/wp-json\/wp\/v2\/types\/product"}],"wp:featuredmedia":[{"embeddable":true,"href":"https:\/\/www.raschvin.com\/sv\/wp-json\/wp\/v2\/media\/54065"}],"wp:attachment":[{"href":"https:\/\/www.raschvin.com\/sv\/wp-json\/wp\/v2\/media?parent=54002"}],"wp:term":[{"taxonomy":"product_brand","embeddable":true,"href":"https:\/\/www.raschvin.com\/sv\/wp-json\/wp\/v2\/product_brand?post=54002"},{"taxonomy":"product_cat","embeddable":true,"href":"https:\/\/www.raschvin.com\/sv\/wp-json\/wp\/v2\/product_cat?post=54002"},{"taxonomy":"product_tag","embeddable":true,"href":"https:\/\/www.raschvin.com\/sv\/wp-json\/wp\/v2\/product_tag?post=54002"}],"curies":[{"name":"wp","href":"https:\/\/api.w.org\/{rel}","templated":true}]}}