{"id":53992,"date":"2024-05-01T08:42:21","date_gmt":"2024-05-01T06:42:21","guid":{"rendered":"https:\/\/www.raschvin.com\/produkt\/leitz-eins-zwei-dry-sauvignon-blanc-75-cl\/"},"modified":"2024-05-01T08:42:21","modified_gmt":"2024-05-01T06:42:21","slug":"leitz-eins-zwei-dry-sauvignon-blanc-75-cl","status":"publish","type":"product","link":"https:\/\/www.raschvin.com\/sv\/produkt\/leitz-eins-zwei-dry-sauvignon-blanc-75-cl\/","title":{"rendered":"Leitz Eins Zwei Dry \u2013 Sauvignon Blanc 75 cl."},"content":{"rendered":"<p>Weingut Leitz Eins Zwei Dry-serie \u00e4r k\u00e4nd f\u00f6r ett o\u00f6vertr\u00e4ffat f\u00f6rh\u00e5llande mellan kvalitet och pris. D\u00e4rf\u00f6r \u00e4r vi alltid glada n\u00e4r familjen f\u00e5r en ny medlem, och den h\u00e4r g\u00e5ngen \u00e4r det n\u00e5got s\u00e5 ovanligt som en sauvignon blanc. Definitivt inte en druva man ser s\u00e4rskilt ofta i Rheingau (som trots allt \u00e4r Riesling-land). Det finns dock, och tack gud f\u00f6r det! Ett vackert, saftigt krispigt vin som utan tvekan \u00e4r ett av de b\u00e4sta tyska exemplen p\u00e5 denna druva vi har smakat.<\/p>\n<p>F\u00e4rg: Ljusgr\u00f6naktig gyllene.<br \/>\nDoft: Hoppar ur glaset med krusb\u00e4r, limeskal och kiwi.<br \/>\nSmaknoter: Livlig, frisk, gr\u00f6n frukt, citrus och v\u00e5t stenmineralitet, inslag av syra men mjukg\u00f6rande fruktighet. L\u00e5ng, fin eftersmak.<\/p>\n<p>Serveringsf\u00f6rslag: Njut av den kyld till l\u00e4tta fiskr\u00e4tter eller som terrassvin.<\/p>\n<p>Johannes Leitz tog \u00f6ver familjens ving\u00e5rd fr\u00e5n sin far 1999, efter att ha varit ansvarig f\u00f6r vinframst\u00e4llningen sedan 1985. Under Johannes \u00e4gande har Leitz bara g\u00e5tt en v\u00e4g &#8211; upp\u00e5t! Kvaliteten har \u00f6kat fr\u00e5n bra till v\u00e4rldsklass och de har lyckats ut\u00f6ka f\u00e4lten med n\u00e5gra av de b\u00e4sta paketen runt staden R\u00fcdesheim.<br \/>\n       Bergssluttningen v\u00e4ster om och omedelbart runt R\u00fcdesheim \u00e4r en av de mest magiska terroirerna i hela v\u00e4rlden f\u00f6r framst\u00e4llning av viner fr\u00e5n rieslingdruvan \u2013 det \u00e4r h\u00e4r n\u00e5gra av v\u00e4rldens st\u00f6rsta vita viner f\u00f6ds. H\u00e4r hittar du bland annat paketen Berg Schlo\u03b2berg, Berg Rottland, Berg Roseneck och Berg Kaisersteinfels, som alla \u00e5tnjuter h\u00f6gsta m\u00f6jliga klassificering och erk\u00e4nnande i Tysklands hierarki. V\u00e4rt att n\u00e4mna \u00e4r ocks\u00e5 monopolf\u00e4ltet Rosengarten, som ligger mitt i R\u00fcdesheim. Denna gamla \u00e5ker p\u00e5 1,22 hektar \u00e4r uppdelad i tv\u00e5 tomter, omgivna av gamla kvartsitv\u00e4ggar. Fr\u00e5n \u00e5kern kan man n\u00e4stan kasta en sten i Rhen \u2013 om man kan kasta \u00f6ver det 1 000 \u00e5r gamla slottet (ett av Rheingaus \u00e4ldsta), som ligger mellan en del av \u00e5kern och floden. Ren Riesling st\u00e5r p\u00e5 b\u00e5da markbitarna, och marken klassas som Grosse Lage.<\/p>\n<p>Idag \u00e4r Johannes son, Antonius, l\u00e4rling under sin far. Han har redan visat en enorm talang och \u00e4r utan tvekan r\u00e4tt person att f\u00f6ra familjens traditioner vidare.<\/p>\n","protected":false},"excerpt":{"rendered":"<p>Weingut Leitz \u2013 Germany<\/p>\n","protected":false},"featured_media":54137,"template":"","meta":{"_acf_changed":false,"rs_blank_template":"","rs_page_bg_color":"","slide_template_v7":""},"product_brand":[],"product_cat":[40],"product_tag":[],"class_list":{"0":"post-53992","1":"product","2":"type-product","3":"status-publish","4":"has-post-thumbnail","6":"product_cat-alla-produkter","7":"pa_aargang-2023-sv","8":"pa_drue-sauvignon-blanc-sv","9":"pa_land-tyskland-sv","10":"pa_procent-12-sv","11":"pa_producent-leitz-sv","12":"pa_region-rheingau-sv","13":"pa_serveringstemperatur-8-10-sv","14":"pa_volume-75-sv","16":"first","17":"instock","18":"taxable","19":"shipping-taxable","20":"purchasable","21":"product-type-simple"},"bundled_by":["119636","120370"],"bundle_stock_status":"instock","bundle_stock_quantity":null,"bundle_virtual":false,"bundle_layout":"","bundle_add_to_cart_form_location":"","bundle_editable_in_cart":false,"bundle_sold_individually_context":"","bundle_item_grouping":"","bundle_min_size":"","bundle_max_size":"","bundle_price":[],"bundled_items":[],"bundle_sell_ids":[],"acf":[],"_links":{"self":[{"href":"https:\/\/www.raschvin.com\/sv\/wp-json\/wp\/v2\/product\/53992","targetHints":{"allow":["GET"]}}],"collection":[{"href":"https:\/\/www.raschvin.com\/sv\/wp-json\/wp\/v2\/product"}],"about":[{"href":"https:\/\/www.raschvin.com\/sv\/wp-json\/wp\/v2\/types\/product"}],"wp:featuredmedia":[{"embeddable":true,"href":"https:\/\/www.raschvin.com\/sv\/wp-json\/wp\/v2\/media\/54137"}],"wp:attachment":[{"href":"https:\/\/www.raschvin.com\/sv\/wp-json\/wp\/v2\/media?parent=53992"}],"wp:term":[{"taxonomy":"product_brand","embeddable":true,"href":"https:\/\/www.raschvin.com\/sv\/wp-json\/wp\/v2\/product_brand?post=53992"},{"taxonomy":"product_cat","embeddable":true,"href":"https:\/\/www.raschvin.com\/sv\/wp-json\/wp\/v2\/product_cat?post=53992"},{"taxonomy":"product_tag","embeddable":true,"href":"https:\/\/www.raschvin.com\/sv\/wp-json\/wp\/v2\/product_tag?post=53992"}],"curies":[{"name":"wp","href":"https:\/\/api.w.org\/{rel}","templated":true}]}}