{"id":53708,"date":"2024-04-26T17:06:20","date_gmt":"2024-04-26T15:06:20","guid":{"rendered":"https:\/\/www.raschvin.com\/produkt\/buen-amigo-tequila-gold-70-cl-38\/"},"modified":"2024-04-26T17:06:20","modified_gmt":"2024-04-26T15:06:20","slug":"buen-amigo-tequila-gold-70-cl-38","status":"publish","type":"product","link":"https:\/\/www.raschvin.com\/sv\/produkt\/buen-amigo-tequila-gold-70-cl-38\/","title":{"rendered":"Buen Amigo Tequila Gold 70 cl. 38%"},"content":{"rendered":"<p>Buen Amigo Tequila Gold kommer fr\u00e5n Jalisco-regionen i Mexiko. Tequilan har en gyllene f\u00e4rg och en s\u00f6t doft med toner av agave, vanilj och kanel. Smaken \u00e4r mjuk och rund, med friska och s\u00f6ta toner. Eftersmaken \u00e4r l\u00e5ng och behaglig, med en l\u00e4tt kryddighet.<\/p>\n<p>Buen Amigo Gold \u00e4r en perfekt f\u00f6ljeslagare i en Margatita eller ett Long Island iste.<\/p>\n","protected":false},"excerpt":{"rendered":"<p>Classic Tequila Gold<\/p>\n","protected":false},"featured_media":53747,"template":"","meta":{"_acf_changed":false,"rs_blank_template":"","rs_page_bg_color":"","slide_template_v7":""},"product_brand":[],"product_cat":[2402,2408],"product_tag":[],"class_list":{"0":"post-53708","1":"product","2":"type-product","3":"status-publish","4":"has-post-thumbnail","6":"product_cat-sprit-sv","7":"product_cat-tequila-mescal-sv","8":"pa_land-mexiko","9":"pa_procent-38-sv","10":"pa_region-jalisco-sv","11":"pa_volume-70-sv-2","13":"first","14":"instock","15":"sale","16":"taxable","17":"shipping-taxable","18":"purchasable","19":"product-type-simple"},"bundled_by":[],"bundle_stock_status":"instock","bundle_stock_quantity":null,"bundle_virtual":false,"bundle_layout":"","bundle_add_to_cart_form_location":"","bundle_editable_in_cart":false,"bundle_sold_individually_context":"","bundle_item_grouping":"","bundle_min_size":"","bundle_max_size":"","bundle_price":[],"bundled_items":[],"bundle_sell_ids":[],"acf":[],"_links":{"self":[{"href":"https:\/\/www.raschvin.com\/sv\/wp-json\/wp\/v2\/product\/53708","targetHints":{"allow":["GET"]}}],"collection":[{"href":"https:\/\/www.raschvin.com\/sv\/wp-json\/wp\/v2\/product"}],"about":[{"href":"https:\/\/www.raschvin.com\/sv\/wp-json\/wp\/v2\/types\/product"}],"wp:featuredmedia":[{"embeddable":true,"href":"https:\/\/www.raschvin.com\/sv\/wp-json\/wp\/v2\/media\/53747"}],"wp:attachment":[{"href":"https:\/\/www.raschvin.com\/sv\/wp-json\/wp\/v2\/media?parent=53708"}],"wp:term":[{"taxonomy":"product_brand","embeddable":true,"href":"https:\/\/www.raschvin.com\/sv\/wp-json\/wp\/v2\/product_brand?post=53708"},{"taxonomy":"product_cat","embeddable":true,"href":"https:\/\/www.raschvin.com\/sv\/wp-json\/wp\/v2\/product_cat?post=53708"},{"taxonomy":"product_tag","embeddable":true,"href":"https:\/\/www.raschvin.com\/sv\/wp-json\/wp\/v2\/product_tag?post=53708"}],"curies":[{"name":"wp","href":"https:\/\/api.w.org\/{rel}","templated":true}]}}