{"id":53699,"date":"2024-04-26T16:35:14","date_gmt":"2024-04-26T14:35:14","guid":{"rendered":"https:\/\/www.raschvin.com\/produkt\/high-west-campfire-70-cl-46\/"},"modified":"2024-04-26T16:35:14","modified_gmt":"2024-04-26T14:35:14","slug":"high-west-campfire-70-cl-46","status":"publish","type":"product","link":"https:\/\/www.raschvin.com\/sv\/produkt\/high-west-campfire-70-cl-46\/","title":{"rendered":"High West &#8211; Campfire 70 cl. 46%"},"content":{"rendered":"<p>High West Campfire Whisky \u00e4r en blandning av amerikansk och skotsk visp(e)y, mognad fr\u00e5n 4 till 8 \u00e5r p\u00e5 nya f\u00f6rkolnade amerikanska ekfat och ex-bourbonfat. Den best\u00e5r av whisky producerad p\u00e5 f\u00f6ljande m\u00e4sksedlar:<\/p>\n<p>&#8211; Straight Rye Whisky: 95 % r\u00e5g, 5 % m\u00e4ltat korn fr\u00e5n Midwest Grain Products (MGP) och 80 % r\u00e5g, 20 % m\u00e4ltat r\u00e5g fr\u00e5n High West Distillery.<\/p>\n<p>&#8211; Straight Bourbon Whisky: 75% majs, 21% r\u00e5g, 4% m\u00e4ltat korn fr\u00e5n MGP.<\/p>\n<p>&#8211; Blended Peated Malt Scotch Whisky: Ok\u00e4nd k\u00e4lla p\u00e5 grund av avtalsm\u00e4ssiga sk\u00e4l.<\/p>\n<p>N\u00e4sa: Blommor, frukt, ljus och kryddig sm\u00f6rkola, l\u00e4tt r\u00f6k och pyrande ved fr\u00e5n en l\u00e4gereld morgonen efter. Dessutom jasmin, chai-te, l\u00e4der, tobak, harts och rostat br\u00f6d.<br \/>\nSmak: Vanilj, honung, kola, frukt, bl\u00e5b\u00e4r och svarta k\u00f6rsb\u00e4r, chaikryddor &#8211; muskotn\u00f6t, kanel, apelsinskal, saltade karameller, tobak och mjuk r\u00f6k.<br \/>\nFinish: L\u00e5ng, s\u00f6t, kryddig och r\u00f6kig.<\/p>\n<p>High West Campfire Whisky\u00ae \u00e4r v\u00e4rldens finaste blandning av scotch, bourbon och r\u00e5gwhisky. Den r\u00f6kiga skotska whiskyn i denna blandning erbjuder en h\u00e4rlig r\u00f6kig ton som p\u00e5minner om en l\u00e4gereld \u2013 d\u00e4rav namnet.<\/p>\n<p>High West Campfire Whisky buteljeras med 46 % alkohol.<\/p>\n<p>Priser f\u00f6r CAMPFIRE:<\/p>\n<p>91 po\u00e4ng &#8211; Robert Parker, vinadvokat<br \/>\n93 po\u00e4ng (exceptionell) Dryckestestinstitut<br \/>\nInternational Review of Spirits Award: Guldmedalj<br \/>\n93 po\u00e4ng &#8211; Jim Murray<\/p>\n<p>High West Distillery grundades 2006 av David Perkins och hans fru Jane. David \u2013 en f\u00f6re detta biokemist \u2013 blev inspirerad att \u00f6ppna sitt eget destilleri efter att ha sett parallellerna mellan j\u00e4snings- och destillationsprocessen och sitt eget arbete inom biokemi under en resa till Maker&#8217;s Mark Distillery i Loretto, Kentucky. 2004 flyttade David och hans familj till Park City, Utah f\u00f6r att b\u00f6rja sitt nya \u00e4ventyr, d\u00e4r de b\u00f6rjade destillera 2007. De valde Park City p\u00e5 grund av Davids k\u00e4rlek till Gamla V\u00e4stern och Utahs ok\u00e4nda whiskyhistoria.<\/p>\n<p>High West Distillery b\u00f6rjade med en liten 250 gallon destillation och ett bes\u00f6kscenter i salongen. Det som en g\u00e5ng var en liten verksamhet i centrala Park City har nu vuxit till ett internationellt erk\u00e4nt varum\u00e4rke med fyra unika l\u00e4gen. 2015 \u00f6ppnade High West sitt destilleri i Wanship, Utah, som fungerar som en plats f\u00f6r whiskyprovning och destilleriturn\u00e9 och som idag rymmer en 1600 gallon pot still.<\/p>\n<p>High Wests produkter har f\u00e5tt m\u00e5nga utm\u00e4rkelser. 2016 uts\u00e5g Whiskey Advocate \u2013 USA:s ledande whiskytidning \u2013 High West till &#8221;\u00c5rets destilleri&#8221;.<\/p>\n","protected":false},"excerpt":{"rendered":"<p>American Whiskey<\/p>\n","protected":false},"featured_media":53801,"template":"","meta":{"_acf_changed":false,"rs_blank_template":"","rs_page_bg_color":"","slide_template_v7":""},"product_brand":[],"product_cat":[4657,2387,2392],"product_tag":[],"class_list":{"0":"post-53699","1":"product","2":"type-product","3":"status-publish","4":"has-post-thumbnail","6":"product_cat-american-bourbon-sv","7":"product_cat-avec-sv","8":"product_cat-whisky-sv","9":"pa_land-usa-sv","10":"pa_procent-46-sv","11":"pa_producent-high-west-distillery-sv","12":"pa_volume-70-sv-2","14":"first","15":"instock","16":"sale","17":"taxable","18":"shipping-taxable","19":"purchasable","20":"product-type-simple"},"bundled_by":[],"bundle_stock_status":"instock","bundle_stock_quantity":null,"bundle_virtual":false,"bundle_layout":"","bundle_add_to_cart_form_location":"","bundle_editable_in_cart":false,"bundle_sold_individually_context":"","bundle_item_grouping":"","bundle_min_size":"","bundle_max_size":"","bundle_price":[],"bundled_items":[],"bundle_sell_ids":[],"acf":[],"_links":{"self":[{"href":"https:\/\/www.raschvin.com\/sv\/wp-json\/wp\/v2\/product\/53699","targetHints":{"allow":["GET"]}}],"collection":[{"href":"https:\/\/www.raschvin.com\/sv\/wp-json\/wp\/v2\/product"}],"about":[{"href":"https:\/\/www.raschvin.com\/sv\/wp-json\/wp\/v2\/types\/product"}],"wp:featuredmedia":[{"embeddable":true,"href":"https:\/\/www.raschvin.com\/sv\/wp-json\/wp\/v2\/media\/53801"}],"wp:attachment":[{"href":"https:\/\/www.raschvin.com\/sv\/wp-json\/wp\/v2\/media?parent=53699"}],"wp:term":[{"taxonomy":"product_brand","embeddable":true,"href":"https:\/\/www.raschvin.com\/sv\/wp-json\/wp\/v2\/product_brand?post=53699"},{"taxonomy":"product_cat","embeddable":true,"href":"https:\/\/www.raschvin.com\/sv\/wp-json\/wp\/v2\/product_cat?post=53699"},{"taxonomy":"product_tag","embeddable":true,"href":"https:\/\/www.raschvin.com\/sv\/wp-json\/wp\/v2\/product_tag?post=53699"}],"curies":[{"name":"wp","href":"https:\/\/api.w.org\/{rel}","templated":true}]}}