{"id":53691,"date":"2024-04-26T16:20:07","date_gmt":"2024-04-26T14:20:07","guid":{"rendered":"https:\/\/www.raschvin.com\/produkt\/high-west-american-prairie-70-cl-46\/"},"modified":"2024-04-26T16:20:07","modified_gmt":"2024-04-26T14:20:07","slug":"high-west-american-prairie-70-cl-46","status":"publish","type":"product","link":"https:\/\/www.raschvin.com\/sv\/produkt\/high-west-american-prairie-70-cl-46\/","title":{"rendered":"High West &#8211; American Prairie 70 cl. 46%"},"content":{"rendered":"<p>High West American Prairie Bourbon Whisky \u00e4r en klassisk bourbonwhisky, lagrad fr\u00e5n 2 till 13 \u00e5r p\u00e5 nya f\u00f6rkolnade amerikanska ekfat. Den \u00e4r sammansatt av whisky producerad p\u00e5 f\u00f6ljande m\u00e4sksedlar:<\/p>\n<p>&#8211; 75% majs, 21% r\u00e5g, 4% m\u00e4ltat korn fr\u00e5n Midwest Grain Products (MGP).<\/p>\n<p>&#8211; 84% majs, 8% r\u00e5g, 8% m\u00e4ltat korn fr\u00e5n ok\u00e4nd k\u00e4lla.<\/p>\n<p>&#8211; Andra whiskykomponenter avsl\u00f6jas inte av avtalsm\u00e4ssiga sk\u00e4l.<\/p>\n<p>Lukt och smak:<\/p>\n<p>N\u00e4sa: L\u00e4tt kola och s\u00f6t vanilj<br \/>\nSmak: Rik och tr\u00e4ig med v\u00e4lbalanserade smaker av majs, honung, nougat och s\u00f6ta kex och majsbr\u00f6d.<br \/>\nAvslutning: Vanilj med en touch av karamelliserat \u00e4pple.<\/p>\n<p>American Prairie\u2122 Bourbon \u00e4r uppkallad efter American Prairie Reserve, en grupp som arbetar f\u00f6r att skapa det st\u00f6rsta naturreservatet i de l\u00e4gre 48 delstaterna.<\/p>\n<p>American Prairie Bourbon Whisky buteljeras med 46 % alkohol.<\/p>\n<p>Priser f\u00f6r American Prairie:<\/p>\n<p>Silvermedalj &#8211; Bourbon &#8211; High Rye &#8211; Whiskys of the World 2015<br \/>\nDubbel guldmedalj &#8211; Femtio b\u00e4sta 2015<br \/>\n92 po\u00e4ng &#8211; Smakrutan<\/p>\n<p>High West Distillery grundades 2006 av David Perkins och hans fru Jane. David \u2013 en f\u00f6re detta biokemist \u2013 blev inspirerad att \u00f6ppna sitt eget destilleri efter att ha sett parallellerna mellan j\u00e4snings- och destillationsprocessen och sitt eget arbete inom biokemi under en resa till Maker&#8217;s Mark Distillery i Loretto, Kentucky. 2004 flyttade David och hans familj till Park City, Utah f\u00f6r att b\u00f6rja sitt nya \u00e4ventyr, d\u00e4r de b\u00f6rjade destillera 2007. De valde Park City p\u00e5 grund av Davids k\u00e4rlek till Gamla V\u00e4stern och Utahs ok\u00e4nda whiskyhistoria.<\/p>\n<p>High West Distillery b\u00f6rjade med en liten 250 gallon destillation och ett bes\u00f6kscenter i salongen. Det som en g\u00e5ng var en liten verksamhet i centrala Park City har nu vuxit till ett internationellt erk\u00e4nt varum\u00e4rke med fyra unika l\u00e4gen. 2015 \u00f6ppnade High West sitt destilleri i Wanship, Utah, som fungerar som en plats f\u00f6r whiskyprovning och destilleriturn\u00e9 och som idag rymmer en 1600 gallon pot still.<\/p>\n<p>High Wests produkter har f\u00e5tt m\u00e5nga utm\u00e4rkelser. 2016 uts\u00e5g Whiskey Advocate \u2013 USA:s ledande whiskytidning \u2013 High West till &#8221;\u00c5rets destilleri&#8221;.<\/p>\n","protected":false},"excerpt":{"rendered":"<p>American Bourbon Whiskey<\/p>\n","protected":false},"featured_media":53723,"template":"","meta":{"_acf_changed":false,"rs_blank_template":"","rs_page_bg_color":"","slide_template_v7":""},"product_brand":[],"product_cat":[4657,2387,2392],"product_tag":[],"class_list":{"0":"post-53691","1":"product","2":"type-product","3":"status-publish","4":"has-post-thumbnail","6":"product_cat-american-bourbon-sv","7":"product_cat-avec-sv","8":"product_cat-whisky-sv","9":"pa_land-usa-sv","10":"pa_procent-46-sv","11":"pa_producent-high-west-distillery-sv","12":"pa_volume-70-sv-2","14":"first","15":"instock","16":"sale","17":"taxable","18":"shipping-taxable","19":"purchasable","20":"product-type-simple"},"bundled_by":[],"bundle_stock_status":"instock","bundle_stock_quantity":null,"bundle_virtual":false,"bundle_layout":"","bundle_add_to_cart_form_location":"","bundle_editable_in_cart":false,"bundle_sold_individually_context":"","bundle_item_grouping":"","bundle_min_size":"","bundle_max_size":"","bundle_price":[],"bundled_items":[],"bundle_sell_ids":[],"acf":[],"_links":{"self":[{"href":"https:\/\/www.raschvin.com\/sv\/wp-json\/wp\/v2\/product\/53691","targetHints":{"allow":["GET"]}}],"collection":[{"href":"https:\/\/www.raschvin.com\/sv\/wp-json\/wp\/v2\/product"}],"about":[{"href":"https:\/\/www.raschvin.com\/sv\/wp-json\/wp\/v2\/types\/product"}],"wp:featuredmedia":[{"embeddable":true,"href":"https:\/\/www.raschvin.com\/sv\/wp-json\/wp\/v2\/media\/53723"}],"wp:attachment":[{"href":"https:\/\/www.raschvin.com\/sv\/wp-json\/wp\/v2\/media?parent=53691"}],"wp:term":[{"taxonomy":"product_brand","embeddable":true,"href":"https:\/\/www.raschvin.com\/sv\/wp-json\/wp\/v2\/product_brand?post=53691"},{"taxonomy":"product_cat","embeddable":true,"href":"https:\/\/www.raschvin.com\/sv\/wp-json\/wp\/v2\/product_cat?post=53691"},{"taxonomy":"product_tag","embeddable":true,"href":"https:\/\/www.raschvin.com\/sv\/wp-json\/wp\/v2\/product_tag?post=53691"}],"curies":[{"name":"wp","href":"https:\/\/api.w.org\/{rel}","templated":true}]}}