{"id":53684,"date":"2024-04-26T16:04:14","date_gmt":"2024-04-26T14:04:14","guid":{"rendered":"https:\/\/www.raschvin.com\/produkt\/dictador-2-masters-despagne-1979-70-cl-42\/"},"modified":"2024-04-26T16:04:14","modified_gmt":"2024-04-26T14:04:14","slug":"dictador-2-masters-despagne-1979-70-cl-42","status":"publish","type":"product","link":"https:\/\/www.raschvin.com\/sv\/produkt\/dictador-2-masters-despagne-1979-70-cl-42\/","title":{"rendered":"Dictador 2 Masters Despagne 1979 70 cl. 42%"},"content":{"rendered":"<p>DICTADOR TWO MASTERS RUM 42% Despagne 1979 \u00e4r framtagen i ett samarbete mellan Thibault Despagne, Winemaker p\u00e5 Despagne och Hernan Parra, Master Blender p\u00e5 Dictador.<\/p>\n<p>Rommen lagras i f\u00f6rsta hand p\u00e5 Dictador i Columbia, men \u00e4ven p\u00e5 Despagne, d\u00e4r rommen har lagrats i en l\u00e4tt \u00e5terf\u00f6rkolnad Selmer Barrel i 34 m\u00e5nader. Totalt har 257 flaskor tillverkats, numrerade 1-257.<\/p>\n<p>P\u00e5 n\u00e4san finns toner av fikon \u00f6vers\u00e5llade med manukahonung, pollen, inslag av ekkol samt kolapudding och l\u00e4ckra dadlar. Toner av f\u00e4rska persikor lyfter rommen fint och ger bra balans tillsammans med honungstonerna. I munnen finns kryddiga ektoner och en hint av druvor som n\u00e4stan slutar i en cola-liknande karakt\u00e4r. Rommen bjuder \u00e4ven p\u00e5 lite kryddpeppar och r\u00f6da k\u00f6rsb\u00e4r, vilket ger en h\u00e4rlig smak och en fin, rundad finish. Eftersmaken avrundas med nyanser av k\u00f6rsb\u00e4r, kokan\u00f6tter och en fin, v\u00e4lbalanserad finish.<\/p>\n<p>En riktigt fin och v\u00e4lkomponerad rom. Tyv\u00e4rr har vi bara f\u00e5tt in v\u00e4ldigt f\u00e5 flaskor till Danmark.<\/p>\n<p>Dictador \u00e4r en colombiansk romproducent vars starka r\u00f6tter g\u00e5r tillbaka till 1913, d\u00e5 f\u00f6retaget grundades under namnet Destiler\u00eda Colombiana av Don Julio Aango y Parra.<\/p>\n<p>Dictador ligger i Cartagena i norra Colombia, mot Karibiska havet. Huset har genom sin m\u00e5ng\u00e5riga verksamhet kontinuerligt f\u00f6rfinat sin produktion, sina recept och sina f\u00f6rvaringsmetoder och idag h\u00f6r Dictador till eliten av kvalitetsproducenter inom b\u00e5de rom och gin.<\/p>\n<p>Hemligheten bakom de unika produkterna fr\u00e5n Dictador ligger i Parra-familjen (Hernan Parra), som \u00e4r 3:e generationens master blenders hos Dictador. F\u00f6r familjen Parra \u00e4r rom inte bara rom, utan en konstform som st\u00e4ndigt utvecklas och f\u00f6rb\u00e4ttras. Det \u00e4r konst p\u00e5 flaska. Prova sj\u00e4lv och upplev den colombianska skatten i flytande form.<\/p>\n","protected":false},"excerpt":{"rendered":"<p>Colombian Rum<\/p>\n","protected":false},"featured_media":53732,"template":"","meta":{"_acf_changed":false,"rs_blank_template":"","rs_page_bg_color":"","slide_template_v7":""},"product_brand":[],"product_cat":[2387,4634,2391],"product_tag":[],"class_list":{"0":"post-53684","1":"product","2":"type-product","3":"status-publish","4":"has-post-thumbnail","6":"product_cat-avec-sv","7":"product_cat-premium-aged-sv","8":"product_cat-rom-sv","9":"pa_land-colombia-sv","10":"pa_procent-42-sv","11":"pa_producent-dictador-destileria-colombiana-sv","12":"pa_volume-70-sv-2","14":"first","15":"instock","16":"sale","17":"taxable","18":"shipping-taxable","19":"purchasable","20":"product-type-simple"},"bundled_by":[],"bundle_stock_status":"instock","bundle_stock_quantity":null,"bundle_virtual":false,"bundle_layout":"","bundle_add_to_cart_form_location":"","bundle_editable_in_cart":false,"bundle_sold_individually_context":"","bundle_item_grouping":"","bundle_min_size":"","bundle_max_size":"","bundle_price":[],"bundled_items":[],"bundle_sell_ids":[],"acf":[],"_links":{"self":[{"href":"https:\/\/www.raschvin.com\/sv\/wp-json\/wp\/v2\/product\/53684","targetHints":{"allow":["GET"]}}],"collection":[{"href":"https:\/\/www.raschvin.com\/sv\/wp-json\/wp\/v2\/product"}],"about":[{"href":"https:\/\/www.raschvin.com\/sv\/wp-json\/wp\/v2\/types\/product"}],"wp:featuredmedia":[{"embeddable":true,"href":"https:\/\/www.raschvin.com\/sv\/wp-json\/wp\/v2\/media\/53732"}],"wp:attachment":[{"href":"https:\/\/www.raschvin.com\/sv\/wp-json\/wp\/v2\/media?parent=53684"}],"wp:term":[{"taxonomy":"product_brand","embeddable":true,"href":"https:\/\/www.raschvin.com\/sv\/wp-json\/wp\/v2\/product_brand?post=53684"},{"taxonomy":"product_cat","embeddable":true,"href":"https:\/\/www.raschvin.com\/sv\/wp-json\/wp\/v2\/product_cat?post=53684"},{"taxonomy":"product_tag","embeddable":true,"href":"https:\/\/www.raschvin.com\/sv\/wp-json\/wp\/v2\/product_tag?post=53684"}],"curies":[{"name":"wp","href":"https:\/\/api.w.org\/{rel}","templated":true}]}}