{"id":53680,"date":"2024-04-26T15:58:15","date_gmt":"2024-04-26T13:58:15","guid":{"rendered":"https:\/\/www.raschvin.com\/produkt\/dictador-2-masters-royal-tokaji-1982-70-cl-44\/"},"modified":"2024-04-26T15:58:15","modified_gmt":"2024-04-26T13:58:15","slug":"dictador-2-masters-royal-tokaji-1982-70-cl-44","status":"publish","type":"product","link":"https:\/\/www.raschvin.com\/sv\/produkt\/dictador-2-masters-royal-tokaji-1982-70-cl-44\/","title":{"rendered":"Dictador 2 Masters Royal Tokaji 1982 70 cl. 44%"},"content":{"rendered":"<p>DICTADOR TWO MASTERS RUM 44% Royal Tokaji 1982 \u00e4r producerad i ett samarbete mellan Kovacs Adorjan Zolt\u00e1n, Winery Manager p\u00e5 Royal Tokaji och Hernan Parra, Master Blender p\u00e5 Dictador.<\/p>\n<p>Rommen lagras i f\u00f6rsta hand hos Dictador i Columbia, men \u00e4ven hos Royal Tokaji, p\u00e5 gamla Zemplen Oak Tokaji Aszu-fat i hela 31 m\u00e5nader. Totalt har 500 flaskor producerats, numrerade 1-500.<\/p>\n<p>L\u00e4ckra toner av choklad, blandat med n\u00e4stan PX-aktiva nyanser, bakverk, kanel och en hint av ingef\u00e4ra. Det \u00e4r en mycket fyllig rom som \u00e4ven har toner av l\u00e4der och lite gammalt bibliotek avrundat med m\u00f6rka k\u00f6rsb\u00e4r. Munnen bjuder p\u00e5 toner av Schwarzwaldkaka, k\u00f6rsb\u00e4r, gr\u00e4dde och choklad, som kombineras elegant. Kanelnoterna fr\u00e5n tidigare blir n\u00e4stan tobak med en touch av kaffe som kompletterar rommen. Avslutningen \u00e4r l\u00e5ng och aptitretande. Kakao- och k\u00f6rsb\u00e4rsnoterna kommer igenom riktigt fint. En helt fenomenal rom som vi tyv\u00e4rr bara fick v\u00e4ldigt f\u00e5 flaskor av till Danmark.<\/p>\n<p>Dictador \u00e4r en colombiansk romproducent vars starka r\u00f6tter g\u00e5r tillbaka till 1913, d\u00e5 f\u00f6retaget grundades under namnet Destiler\u00eda Colombiana av Don Julio Aango y Parra.<\/p>\n<p>Dictador ligger i Cartagena i norra Colombia, mot Karibiska havet. Huset har genom sin m\u00e5ng\u00e5riga verksamhet kontinuerligt f\u00f6rfinat sin produktion, sina recept och sina f\u00f6rvaringsmetoder och idag h\u00f6r Dictador till eliten av kvalitetsproducenter inom b\u00e5de rom och gin.<\/p>\n<p>Hemligheten bakom de unika produkterna fr\u00e5n Dictador ligger i Parra-familjen (Hernan Parra), som \u00e4r 3:e generationens master blenders hos Dictador. F\u00f6r familjen Parra \u00e4r rom inte bara rom, utan en konstform som st\u00e4ndigt utvecklas och f\u00f6rb\u00e4ttras. Det \u00e4r konst p\u00e5 flaska. Prova sj\u00e4lv och upplev den colombianska skatten i flytande form.<\/p>\n","protected":false},"excerpt":{"rendered":"<p>Colombian Rum<\/p>\n","protected":false},"featured_media":53856,"template":"","meta":{"_acf_changed":false,"rs_blank_template":"","rs_page_bg_color":"","slide_template_v7":""},"product_brand":[],"product_cat":[2387,4634,2391],"product_tag":[],"class_list":{"0":"post-53680","1":"product","2":"type-product","3":"status-publish","4":"has-post-thumbnail","6":"product_cat-avec-sv","7":"product_cat-premium-aged-sv","8":"product_cat-rom-sv","9":"pa_land-colombia-sv","10":"pa_procent-44-sv","11":"pa_producent-dictador-destileria-colombiana-sv","12":"pa_volume-70-sv-2","14":"first","15":"instock","16":"sale","17":"taxable","18":"shipping-taxable","19":"purchasable","20":"product-type-simple"},"bundled_by":[],"bundle_stock_status":"instock","bundle_stock_quantity":null,"bundle_virtual":false,"bundle_layout":"","bundle_add_to_cart_form_location":"","bundle_editable_in_cart":false,"bundle_sold_individually_context":"","bundle_item_grouping":"","bundle_min_size":"","bundle_max_size":"","bundle_price":[],"bundled_items":[],"bundle_sell_ids":[],"acf":[],"_links":{"self":[{"href":"https:\/\/www.raschvin.com\/sv\/wp-json\/wp\/v2\/product\/53680","targetHints":{"allow":["GET"]}}],"collection":[{"href":"https:\/\/www.raschvin.com\/sv\/wp-json\/wp\/v2\/product"}],"about":[{"href":"https:\/\/www.raschvin.com\/sv\/wp-json\/wp\/v2\/types\/product"}],"wp:featuredmedia":[{"embeddable":true,"href":"https:\/\/www.raschvin.com\/sv\/wp-json\/wp\/v2\/media\/53856"}],"wp:attachment":[{"href":"https:\/\/www.raschvin.com\/sv\/wp-json\/wp\/v2\/media?parent=53680"}],"wp:term":[{"taxonomy":"product_brand","embeddable":true,"href":"https:\/\/www.raschvin.com\/sv\/wp-json\/wp\/v2\/product_brand?post=53680"},{"taxonomy":"product_cat","embeddable":true,"href":"https:\/\/www.raschvin.com\/sv\/wp-json\/wp\/v2\/product_cat?post=53680"},{"taxonomy":"product_tag","embeddable":true,"href":"https:\/\/www.raschvin.com\/sv\/wp-json\/wp\/v2\/product_tag?post=53680"}],"curies":[{"name":"wp","href":"https:\/\/api.w.org\/{rel}","templated":true}]}}