{"id":53676,"date":"2024-04-26T15:53:06","date_gmt":"2024-04-26T13:53:06","guid":{"rendered":"https:\/\/www.raschvin.com\/produkt\/dictador-2-masters-chateau-darche-1979-70-cl-41\/"},"modified":"2024-04-26T15:53:06","modified_gmt":"2024-04-26T13:53:06","slug":"dictador-2-masters-chateau-darche-1979-70-cl-41","status":"publish","type":"product","link":"https:\/\/www.raschvin.com\/sv\/produkt\/dictador-2-masters-chateau-darche-1979-70-cl-41\/","title":{"rendered":"Dictador 2 Masters Chateau d&#8217;Arche 1979 70 cl. 41%"},"content":{"rendered":"<p>DICTADOR TWO MASTERS RUM 41% Chateau d&#8217;Arche 1979 \u00e4r framtagen i ett samarbete mellan J\u00e9r\u00f4me Cosson, Celler Master p\u00e5 Sauternes Chateau D&#8217;Arche och Hernan Parra, Master Blender p\u00e5 Dictador.<\/p>\n<p>Rommen lagras i f\u00f6rsta hand p\u00e5 Dictador i Columbia, men \u00e4ven p\u00e5 Chateau D&#8217;Arche p\u00e5 gamla sauternesfat (amerikansk ek) fr\u00e5n Quintessence i 34 m\u00e5nader. Totalt har 237 flaskor tillverkats, numrerade 1-237.<\/p>\n<p>L\u00e4ckra toner av chokladt\u00e4ckta, kanderat apelsinskal, sommarfrukter och mogna plommon. Apelsinen f\u00f6rvandlas till n\u00e4stan ingef\u00e4rsliknande toner, uppbackade av vanilj. Det finns \u00e4ven en antydan av l\u00e4der. Munnen erbjuder nyanser av franska pannkakor (t\u00e4nk flamberade Crepes Suzette), mandarin och r\u00f6da \u00e4pplen, samt en underliggande ton av skogsbotten och druvfrukt som lyfter romen elegant. Rommen har en bra balans mellan skogsbottentonerna och s\u00f6tmagraden vilket ger en l\u00e5ng finish. H\u00e4r kommer de kanderade apelsintonerna verkligen fram och f\u00e5r hj\u00e4lp av p\u00e4rontoner och lite r\u00f6kt ek. En riktigt fin rom, som vi tyv\u00e4rr bara fick n\u00e5gra flaskor av till Danmark.<\/p>\n<p>Dictador \u00e4r en colombiansk romproducent vars starka r\u00f6tter g\u00e5r tillbaka till 1913, d\u00e5 f\u00f6retaget grundades under namnet Destiler\u00eda Colombiana av Don Julio Aango y Parra.<\/p>\n<p>Dictador ligger i Cartagena i norra Colombia, mot Karibiska havet. Huset har genom sin m\u00e5ng\u00e5riga verksamhet kontinuerligt f\u00f6rfinat sin produktion, sina recept och sina f\u00f6rvaringsmetoder och idag h\u00f6r Dictador till eliten av kvalitetsproducenter inom b\u00e5de rom och gin.<\/p>\n<p>Hemligheten bakom de unika produkterna fr\u00e5n Dictador ligger i Parra-familjen (Hernan Parra), som \u00e4r 3:e generationens master blenders hos Dictador. F\u00f6r familjen Parra \u00e4r rom inte bara rom, utan en konstform som st\u00e4ndigt utvecklas och f\u00f6rb\u00e4ttras. Det \u00e4r konst p\u00e5 flaska. Prova sj\u00e4lv och upplev den colombianska skatten i flytande form.<\/p>\n","protected":false},"excerpt":{"rendered":"<p>Colombian Rum<\/p>\n","protected":false},"featured_media":53853,"template":"","meta":{"_acf_changed":false,"rs_blank_template":"","rs_page_bg_color":"","slide_template_v7":""},"product_brand":[],"product_cat":[2391,4634,9225],"product_tag":[],"class_list":{"0":"post-53676","1":"product","2":"type-product","3":"status-publish","4":"has-post-thumbnail","6":"product_cat-rom-sv","7":"product_cat-premium-aged-sv","8":"product_cat-alternativa-romtyper","9":"pa_land-colombia-sv","10":"pa_procent-41-sv","11":"pa_producent-dictador-destileria-colombiana-sv","12":"pa_vintage-1979-sv","13":"pa_volume-70-sv-2","15":"first","16":"instock","17":"sale","18":"taxable","19":"shipping-taxable","20":"purchasable","21":"product-type-simple"},"bundled_by":[],"bundle_stock_status":"instock","bundle_stock_quantity":null,"bundle_virtual":false,"bundle_layout":"","bundle_add_to_cart_form_location":"","bundle_editable_in_cart":false,"bundle_sold_individually_context":"","bundle_item_grouping":"","bundle_min_size":"","bundle_max_size":"","bundle_price":[],"bundled_items":[],"bundle_sell_ids":[],"acf":[],"_links":{"self":[{"href":"https:\/\/www.raschvin.com\/sv\/wp-json\/wp\/v2\/product\/53676","targetHints":{"allow":["GET"]}}],"collection":[{"href":"https:\/\/www.raschvin.com\/sv\/wp-json\/wp\/v2\/product"}],"about":[{"href":"https:\/\/www.raschvin.com\/sv\/wp-json\/wp\/v2\/types\/product"}],"wp:featuredmedia":[{"embeddable":true,"href":"https:\/\/www.raschvin.com\/sv\/wp-json\/wp\/v2\/media\/53853"}],"wp:attachment":[{"href":"https:\/\/www.raschvin.com\/sv\/wp-json\/wp\/v2\/media?parent=53676"}],"wp:term":[{"taxonomy":"product_brand","embeddable":true,"href":"https:\/\/www.raschvin.com\/sv\/wp-json\/wp\/v2\/product_brand?post=53676"},{"taxonomy":"product_cat","embeddable":true,"href":"https:\/\/www.raschvin.com\/sv\/wp-json\/wp\/v2\/product_cat?post=53676"},{"taxonomy":"product_tag","embeddable":true,"href":"https:\/\/www.raschvin.com\/sv\/wp-json\/wp\/v2\/product_tag?post=53676"}],"curies":[{"name":"wp","href":"https:\/\/api.w.org\/{rel}","templated":true}]}}