{"id":53471,"date":"2024-04-26T12:05:47","date_gmt":"2024-04-26T10:05:47","guid":{"rendered":"https:\/\/www.raschvin.com\/produkt\/dictador-jerarquia-borbon-1991-29-years-70-cl-41\/"},"modified":"2024-04-26T12:05:47","modified_gmt":"2024-04-26T10:05:47","slug":"dictador-jerarquia-borbon-1991-29-years-70-cl-41","status":"publish","type":"product","link":"https:\/\/www.raschvin.com\/sv\/produkt\/dictador-jerarquia-borbon-1991-29-years-70-cl-41\/","title":{"rendered":"Dictador Jerarquia Borb\u00f3n 1991 29 Years 70 cl. 41%"},"content":{"rendered":"<p>Dictador Jerarquia Rum Borbon 1991, 41 % \u00e4r en 29-\u00e5rig, fatlagrad rom, destillerad 1991. Jerarquia betyder hierarki p\u00e5 spanska och syftar p\u00e5 en samling mycket unika fat som \u00e4gs av familjen Parra, fr\u00e5n \u00f6versta hyllan \u2013 eller toppen av hierarkin. Varje enskild r\u00e4tt i kollektionen har f\u00e5tt sin helt unika smak och det \u00e4r f\u00f6rsta g\u00e5ngen de sl\u00e4pps p\u00e5 Dictador. Alla rum i Jerarquia-serien \u00e4r destillerade och producerade i hj\u00e4rtat av Columbia, p\u00e5 ett numera nedlagt destilleri, varf\u00f6r det inte g\u00e5r att g\u00f6ra fler. Varje fat speglar det t\u00e5lamod och finess som tiden ger n\u00e4r man g\u00f6r rom. Ett fenomenalt verk.<\/p>\n<p>Denna rom \u00e4r lagrad p\u00e5 amerikansk ek och har en bourbonfatfinish. P\u00e5 n\u00e4san finns noter av nytt l\u00e4der, lavendel och timjan samt en hint av gammalt bibliotek. Det finns kolatoner, popcorn och sm\u00f6rat rostat br\u00f6d. En charmig n\u00e4sa. I munnen hittar du fruktiga, tropiska toner av ananas och mango, som backas upp av m\u00f6rk choklad med en hint av havssalt. Vackra toner av charkuterier, fikon och n\u00f6tter.<\/p>\n<p>Det \u00e4r verkligen mycket som h\u00e4nder, och smaken rusar fram. Avslutningen f\u00f6ljs av toner av myntte, ek och vanilj i en fin balans. Eftersmaken h\u00e5ller verkligen l\u00e4nge. Ett riktigt gott glas rom.<\/p>\n<p>Dictador \u00e4r en colombiansk romproducent vars starka r\u00f6tter g\u00e5r tillbaka till 1913, d\u00e5 f\u00f6retaget grundades under namnet Destiler\u00eda Colombiana av Don Julio Aango y Parra.<\/p>\n<p>Dictador ligger i Cartagena i norra Colombia, mot Karibiska havet. Huset har genom sin m\u00e5ng\u00e5riga verksamhet kontinuerligt f\u00f6rfinat sin produktion, sina recept och sina f\u00f6rvaringsmetoder och idag h\u00f6r Dictador till eliten av kvalitetsproducenter inom b\u00e5de rom och gin.<\/p>\n<p>Hemligheten bakom de unika produkterna fr\u00e5n Dictador ligger i Parra-familjen (Hernan Parra), som \u00e4r 3:e generationens master blenders hos Dictador. F\u00f6r familjen Parra \u00e4r rom inte bara rom, utan en konstform som st\u00e4ndigt utvecklas och f\u00f6rb\u00e4ttras. Det \u00e4r konst p\u00e5 flaska. Prova sj\u00e4lv och upplev den colombianska skatten i flytande form.<\/p>\n","protected":false},"excerpt":{"rendered":"<p>Colombian Aged Rum<\/p>\n","protected":false},"featured_media":53555,"template":"","meta":{"_acf_changed":false,"rs_blank_template":"","rs_page_bg_color":"","slide_template_v7":""},"product_brand":[],"product_cat":[2391,4634,9225],"product_tag":[],"class_list":{"0":"post-53471","1":"product","2":"type-product","3":"status-publish","4":"has-post-thumbnail","6":"product_cat-rom-sv","7":"product_cat-premium-aged-sv","8":"product_cat-alternativa-romtyper","9":"pa_land-colombia-sv","10":"pa_procent-41-sv","11":"pa_producent-dictador-destileria-colombiana-sv","12":"pa_vintage-1991-sv","13":"pa_volume-70-sv-2","15":"first","16":"instock","17":"sale","18":"taxable","19":"shipping-taxable","20":"purchasable","21":"product-type-simple"},"bundled_by":[],"bundle_stock_status":"instock","bundle_stock_quantity":null,"bundle_virtual":false,"bundle_layout":"","bundle_add_to_cart_form_location":"","bundle_editable_in_cart":false,"bundle_sold_individually_context":"","bundle_item_grouping":"","bundle_min_size":"","bundle_max_size":"","bundle_price":[],"bundled_items":[],"bundle_sell_ids":[],"acf":[],"_links":{"self":[{"href":"https:\/\/www.raschvin.com\/sv\/wp-json\/wp\/v2\/product\/53471","targetHints":{"allow":["GET"]}}],"collection":[{"href":"https:\/\/www.raschvin.com\/sv\/wp-json\/wp\/v2\/product"}],"about":[{"href":"https:\/\/www.raschvin.com\/sv\/wp-json\/wp\/v2\/types\/product"}],"wp:featuredmedia":[{"embeddable":true,"href":"https:\/\/www.raschvin.com\/sv\/wp-json\/wp\/v2\/media\/53555"}],"wp:attachment":[{"href":"https:\/\/www.raschvin.com\/sv\/wp-json\/wp\/v2\/media?parent=53471"}],"wp:term":[{"taxonomy":"product_brand","embeddable":true,"href":"https:\/\/www.raschvin.com\/sv\/wp-json\/wp\/v2\/product_brand?post=53471"},{"taxonomy":"product_cat","embeddable":true,"href":"https:\/\/www.raschvin.com\/sv\/wp-json\/wp\/v2\/product_cat?post=53471"},{"taxonomy":"product_tag","embeddable":true,"href":"https:\/\/www.raschvin.com\/sv\/wp-json\/wp\/v2\/product_tag?post=53471"}],"curies":[{"name":"wp","href":"https:\/\/api.w.org\/{rel}","templated":true}]}}