{"id":53454,"date":"2024-04-26T11:09:23","date_gmt":"2024-04-26T09:09:23","guid":{"rendered":"https:\/\/www.raschvin.com\/produkt\/dictador-jerarquia-fino-1991-29-years-70-cl-41\/"},"modified":"2024-04-26T11:09:23","modified_gmt":"2024-04-26T09:09:23","slug":"dictador-jerarquia-fino-1991-29-years-70-cl-41","status":"publish","type":"product","link":"https:\/\/www.raschvin.com\/sv\/produkt\/dictador-jerarquia-fino-1991-29-years-70-cl-41\/","title":{"rendered":"Dictador Jerarquia Fino 1991 29 Years 70 cl. 41%"},"content":{"rendered":"<p>Dictador Jerarquia Rum Fino 1991, 41 % \u00e4r en 29 \u00e5r gammal fatlagrad rom, destillerad 1991. Jerarquia betyder hierarki p\u00e5 spanska, och syftar p\u00e5 en samling helt unika fat som \u00e4gs av familjen Parra, fr\u00e5n \u00f6versta hyllan \u2013 eller \u00f6verst i hierarkin. Varje enskild r\u00e4tt i kollektionen har f\u00e5tt sin helt unika smak och det \u00e4r f\u00f6rsta g\u00e5ngen de sl\u00e4pps p\u00e5 Dictador. Alla rum i Jerarquia-serien \u00e4r destillerade och producerade i hj\u00e4rtat av Columbia, p\u00e5 ett numera nedlagt destilleri, varf\u00f6r det inte g\u00e5r att g\u00f6ra fler. Varje fat speglar det t\u00e5lamod och finess som tiden ger n\u00e4r man g\u00f6r rom. Ett fenomenalt verk.<\/p>\n<p>Denna rom \u00e4r lagrad i amerikansk ek och har en sherryfatfinish. P\u00e5 n\u00e4san finns toner av hallon, bj\u00f6rnb\u00e4r, lite stenfrukt och ingef\u00e4ra. Dessutom erbjuder rommen nyanser av krossad, svartpeppar, l\u00e4der och cedertr\u00e4. I munnen finns det mycket frukt, fr\u00e4mst plommon, fikon, men \u00e4ven svart te, lite r\u00f6tt \u00e4pple och en ton av bittert apelsinskal och valn\u00f6t. N\u00f6tterna forts\u00e4tter till pepparkakstoner och slutar i en f\u00f6rf\u00f6riskt l\u00e5ng finish, med b\u00e5de guavatoner och kakao. Ett alldeles exceptionellt glas rom.<\/p>\n<p>Dictador \u00e4r en colombiansk romproducent vars starka r\u00f6tter g\u00e5r tillbaka till 1913, d\u00e5 f\u00f6retaget grundades under namnet Destiler\u00eda Colombiana av Don Julio Aango y Parra.<\/p>\n<p>Dictador ligger i Cartagena i norra Colombia, mot Karibiska havet. Huset har genom sin m\u00e5ng\u00e5riga verksamhet kontinuerligt f\u00f6rfinat sin produktion, sina recept och sina f\u00f6rvaringsmetoder och idag h\u00f6r Dictador till eliten av kvalitetsproducenter inom b\u00e5de rom och gin.<\/p>\n<p>Hemligheten bakom de unika produkterna fr\u00e5n Dictador ligger i Parra-familjen (Hernan Parra), som \u00e4r 3:e generationens master blenders hos Dictador. F\u00f6r familjen Parra \u00e4r rom inte bara rom, utan en konstform som st\u00e4ndigt utvecklas och f\u00f6rb\u00e4ttras. Det \u00e4r konst p\u00e5 flaska. Prova sj\u00e4lv och upplev den colombianska skatten i flytande form.<\/p>\n","protected":false},"excerpt":{"rendered":"<p>Colombian Rum<\/p>\n","protected":false},"featured_media":53558,"template":"","meta":{"_acf_changed":false,"rs_blank_template":"","rs_page_bg_color":"","slide_template_v7":""},"product_brand":[],"product_cat":[2387,4634,2391],"product_tag":[],"class_list":{"0":"post-53454","1":"product","2":"type-product","3":"status-publish","4":"has-post-thumbnail","6":"product_cat-avec-sv","7":"product_cat-premium-aged-sv","8":"product_cat-rom-sv","9":"pa_land-colombia-sv","10":"pa_procent-41-sv","11":"pa_producent-dictador-destileria-colombiana-sv","12":"pa_vintage-1991-sv","13":"pa_volume-70-sv-2","15":"first","16":"instock","17":"taxable","18":"shipping-taxable","19":"purchasable","20":"product-type-simple"},"bundled_by":[],"bundle_stock_status":"instock","bundle_stock_quantity":null,"bundle_virtual":false,"bundle_layout":"","bundle_add_to_cart_form_location":"","bundle_editable_in_cart":false,"bundle_sold_individually_context":"","bundle_item_grouping":"","bundle_min_size":"","bundle_max_size":"","bundle_price":[],"bundled_items":[],"bundle_sell_ids":[],"acf":[],"_links":{"self":[{"href":"https:\/\/www.raschvin.com\/sv\/wp-json\/wp\/v2\/product\/53454","targetHints":{"allow":["GET"]}}],"collection":[{"href":"https:\/\/www.raschvin.com\/sv\/wp-json\/wp\/v2\/product"}],"about":[{"href":"https:\/\/www.raschvin.com\/sv\/wp-json\/wp\/v2\/types\/product"}],"wp:featuredmedia":[{"embeddable":true,"href":"https:\/\/www.raschvin.com\/sv\/wp-json\/wp\/v2\/media\/53558"}],"wp:attachment":[{"href":"https:\/\/www.raschvin.com\/sv\/wp-json\/wp\/v2\/media?parent=53454"}],"wp:term":[{"taxonomy":"product_brand","embeddable":true,"href":"https:\/\/www.raschvin.com\/sv\/wp-json\/wp\/v2\/product_brand?post=53454"},{"taxonomy":"product_cat","embeddable":true,"href":"https:\/\/www.raschvin.com\/sv\/wp-json\/wp\/v2\/product_cat?post=53454"},{"taxonomy":"product_tag","embeddable":true,"href":"https:\/\/www.raschvin.com\/sv\/wp-json\/wp\/v2\/product_tag?post=53454"}],"curies":[{"name":"wp","href":"https:\/\/api.w.org\/{rel}","templated":true}]}}