{"id":53451,"date":"2024-04-26T11:02:30","date_gmt":"2024-04-26T09:02:30","guid":{"rendered":"https:\/\/www.raschvin.com\/produkt\/dictador-aged-12-years-70-cl-40\/"},"modified":"2026-04-15T06:48:53","modified_gmt":"2026-04-15T04:48:53","slug":"dictador-aged-12-years-70-cl-40","status":"publish","type":"product","link":"https:\/\/www.raschvin.com\/sv\/produkt\/dictador-aged-12-years-70-cl-40\/","title":{"rendered":"Dictador Reserva Premium 12 (D12) 70 cl. 40%"},"content":{"rendered":"<p data-start=\"882\" data-end=\"1133\">Dictador D12 Blend \u00e4r en del av Dictadors Essentials Collection, som lyfter fram hantverket och arvet bakom Dictadors ikoniska rom. Denna blend skapas i Cartagena de Indias p\u00e5 den karibiska kusten av tredje generationen i familjen Parra.<\/p>\n<p data-start=\"1135\" data-end=\"1440\">D12 Blend \u00e4r k\u00e4nd f\u00f6r sin komplexa smakprofil. Doften bjuder p\u00e5 aromer av l\u00f6nnsirap, tobak och l\u00e4der, kompletterade av mjuka toner av karamell och medelfyllig ek. Smaken erbjuder en explosion av frukt och honung, kombinerad med kr\u00e4miga kryddor. Avslutningen pr\u00e4glas av l\u00e4tt ek, djup cigarrtobak och kaffe.<\/p>\n<p data-start=\"1442\" data-end=\"1670\">Denna rom \u00e4r baserad p\u00e5 rom som lagrats mellan fem och tolv \u00e5r p\u00e5 amerikanska ekfat, vilket ger den en rik och nyanserad karakt\u00e4r. D12 Blend passar b\u00e5de k\u00e4nnare och nyb\u00f6rjare, och varje flaska levererar en tidl\u00f6s smakupplevelse.<\/p>\n","protected":false},"excerpt":{"rendered":"<p>Colombian Rum<\/p>\n","protected":false},"featured_media":121796,"template":"","meta":{"_acf_changed":false,"rs_blank_template":"","rs_page_bg_color":"","slide_template_v7":""},"product_brand":[],"product_cat":[2387,4634,2391],"product_tag":[],"class_list":{"0":"post-53451","1":"product","2":"type-product","3":"status-publish","4":"has-post-thumbnail","6":"product_cat-avec-sv","7":"product_cat-premium-aged-sv","8":"product_cat-rom-sv","9":"pa_land-colombia-sv","10":"pa_procent-40-sv-2","11":"pa_producent-dictador-destileria-colombiana-sv","12":"pa_volume-70-sv-2","14":"first","15":"instock","16":"sale","17":"taxable","18":"shipping-taxable","19":"purchasable","20":"product-type-simple"},"bundled_by":[],"bundle_stock_status":"instock","bundle_stock_quantity":null,"bundle_virtual":false,"bundle_layout":"","bundle_add_to_cart_form_location":"","bundle_editable_in_cart":false,"bundle_sold_individually_context":"","bundle_item_grouping":"","bundle_min_size":"","bundle_max_size":"","bundle_price":[],"bundled_items":[],"bundle_sell_ids":[],"acf":[],"_links":{"self":[{"href":"https:\/\/www.raschvin.com\/sv\/wp-json\/wp\/v2\/product\/53451","targetHints":{"allow":["GET"]}}],"collection":[{"href":"https:\/\/www.raschvin.com\/sv\/wp-json\/wp\/v2\/product"}],"about":[{"href":"https:\/\/www.raschvin.com\/sv\/wp-json\/wp\/v2\/types\/product"}],"wp:featuredmedia":[{"embeddable":true,"href":"https:\/\/www.raschvin.com\/sv\/wp-json\/wp\/v2\/media\/121796"}],"wp:attachment":[{"href":"https:\/\/www.raschvin.com\/sv\/wp-json\/wp\/v2\/media?parent=53451"}],"wp:term":[{"taxonomy":"product_brand","embeddable":true,"href":"https:\/\/www.raschvin.com\/sv\/wp-json\/wp\/v2\/product_brand?post=53451"},{"taxonomy":"product_cat","embeddable":true,"href":"https:\/\/www.raschvin.com\/sv\/wp-json\/wp\/v2\/product_cat?post=53451"},{"taxonomy":"product_tag","embeddable":true,"href":"https:\/\/www.raschvin.com\/sv\/wp-json\/wp\/v2\/product_tag?post=53451"}],"curies":[{"name":"wp","href":"https:\/\/api.w.org\/{rel}","templated":true}]}}