{"id":53440,"date":"2024-04-26T10:39:24","date_gmt":"2024-04-26T08:39:24","guid":{"rendered":"https:\/\/www.raschvin.com\/produkt\/dictador-liberto-70-cl-44\/"},"modified":"2024-04-26T10:43:25","modified_gmt":"2024-04-26T08:43:25","slug":"dictador-liberto-70-cl-44","status":"publish","type":"product","link":"https:\/\/www.raschvin.com\/sv\/produkt\/dictador-liberto-70-cl-44\/","title":{"rendered":"Dictador Liberto American Oak Vintage 1996 70 cl. 44%"},"content":{"rendered":"<p>DICTADOR LIBRETO RUM 44% American Oak Vintage 1996 \u00e4r en fenomenal rom.<\/p>\n<p>Libreto-serien, tillsammans med Sinfonia-serien, \u00e4r de senaste speciallanseringarna fr\u00e5n Master Blender Hernan Parra. Varje flaska \u00e4r lagrad i amerikansk ek, och en del har f\u00e4rdigst\u00e4llts p\u00e5 antingen sherryfat eller portvinsfat. Det \u00e4r vintage rom och singelfat fr\u00e5n b\u00e4sta l\u00e5dan. Hitta din egen favorit!<\/p>\n<p>American Oak 1996-utg\u00e5van med sina 44% har en n\u00e4sa av cream soda, nybryggt svart te, inslag av r\u00f6kt bacon, f\u00e4rsk ek och fruktiga toner av guava och litchi. I munnen finns noter av bakverk, saffran, kanel och kardemumma, samt inslag av n\u00e5got s\u00f6tt, kanske lite munkliknande. Det finns ocks\u00e5 noter av stekt marshmallows. lite kakao och inslag av ek, det finns en l\u00e5ng finish med inslag av ingef\u00e4ra och ek\/vanilj.<\/p>\n<p>Riktigt trevligt rum f\u00f6r pengarna.<\/p>\n<p>Dictador \u00e4r en colombiansk romproducent vars starka r\u00f6tter g\u00e5r tillbaka till 1913, d\u00e5 f\u00f6retaget grundades under namnet Destiler\u00eda Colombiana av Don Julio Aango y Parra.<\/p>\n<p>Dictador ligger i Cartagena i norra Colombia, mot Karibiska havet. Huset har genom sin m\u00e5ng\u00e5riga verksamhet kontinuerligt f\u00f6rfinat sin produktion, sina recept och sina f\u00f6rvaringsmetoder och idag h\u00f6r Dictador till eliten av kvalitetsproducenter inom b\u00e5de rom och gin.<\/p>\n<p>Hemligheten bakom de unika produkterna fr\u00e5n Dictador ligger i Parra-familjen (Hernan Parra), som \u00e4r 3:e generationens master blenders hos Dictador. F\u00f6r familjen Parra \u00e4r rom inte bara rom, utan en konstform som st\u00e4ndigt utvecklas och f\u00f6rb\u00e4ttras. Det \u00e4r konst p\u00e5 flaska. Prova sj\u00e4lv och upplev den colombianska skatten i flytande form.<\/p>\n","protected":false},"excerpt":{"rendered":"<p>Colombian Aged Rum<\/p>\n","protected":false},"featured_media":53537,"template":"","meta":{"_acf_changed":false,"rs_blank_template":"","rs_page_bg_color":"","slide_template_v7":""},"product_brand":[],"product_cat":[2387,4634,2391],"product_tag":[],"class_list":{"0":"post-53440","1":"product","2":"type-product","3":"status-publish","4":"has-post-thumbnail","6":"product_cat-avec-sv","7":"product_cat-premium-aged-sv","8":"product_cat-rom-sv","9":"pa_land-colombia-sv","10":"pa_procent-44-sv","11":"pa_producent-dictador-destileria-colombiana-sv","12":"pa_vintage-1996-sv","13":"pa_volume-70-sv-2","15":"first","16":"instock","17":"taxable","18":"shipping-taxable","19":"purchasable","20":"product-type-simple"},"bundled_by":[],"bundle_stock_status":"instock","bundle_stock_quantity":null,"bundle_virtual":false,"bundle_layout":"","bundle_add_to_cart_form_location":"","bundle_editable_in_cart":false,"bundle_sold_individually_context":"","bundle_item_grouping":"","bundle_min_size":"","bundle_max_size":"","bundle_price":[],"bundled_items":[],"bundle_sell_ids":[],"acf":[],"_links":{"self":[{"href":"https:\/\/www.raschvin.com\/sv\/wp-json\/wp\/v2\/product\/53440","targetHints":{"allow":["GET"]}}],"collection":[{"href":"https:\/\/www.raschvin.com\/sv\/wp-json\/wp\/v2\/product"}],"about":[{"href":"https:\/\/www.raschvin.com\/sv\/wp-json\/wp\/v2\/types\/product"}],"wp:featuredmedia":[{"embeddable":true,"href":"https:\/\/www.raschvin.com\/sv\/wp-json\/wp\/v2\/media\/53537"}],"wp:attachment":[{"href":"https:\/\/www.raschvin.com\/sv\/wp-json\/wp\/v2\/media?parent=53440"}],"wp:term":[{"taxonomy":"product_brand","embeddable":true,"href":"https:\/\/www.raschvin.com\/sv\/wp-json\/wp\/v2\/product_brand?post=53440"},{"taxonomy":"product_cat","embeddable":true,"href":"https:\/\/www.raschvin.com\/sv\/wp-json\/wp\/v2\/product_cat?post=53440"},{"taxonomy":"product_tag","embeddable":true,"href":"https:\/\/www.raschvin.com\/sv\/wp-json\/wp\/v2\/product_tag?post=53440"}],"curies":[{"name":"wp","href":"https:\/\/api.w.org\/{rel}","templated":true}]}}