{"id":53422,"date":"2024-04-26T09:40:08","date_gmt":"2024-04-26T07:40:08","guid":{"rendered":"https:\/\/www.raschvin.com\/produkt\/dictador-aurum-70-cl-40\/"},"modified":"2024-04-26T09:40:08","modified_gmt":"2024-04-26T07:40:08","slug":"dictador-aurum-70-cl-40","status":"publish","type":"product","link":"https:\/\/www.raschvin.com\/sv\/produkt\/dictador-aurum-70-cl-40\/","title":{"rendered":"Dictador Aurum 70 cl. 40%"},"content":{"rendered":"<p>Dictador XO Aurum 40% \u00e4r en blandning av rom i \u00e5ldern 25-35 \u00e5r. Rommen \u00e4r gjord av &#8221;first press&#8221; sockerr\u00f6rsjuice och inte melass. Efter j\u00e4sning destilleras romen i en antik koppardestillation. Rommen lagras i en kombination av b\u00e5de bourbon- och sherrybutter fr\u00e5n Jerez och p\u00e5 portfat. Slutligen blandas rummen s\u00e5 att de uppn\u00e5r det perfekta Aurum-uttrycket, som k\u00e4nnetecknas av balansen mellan den r\u00f6kiga, intensiva smaken och s\u00f6tman.<br \/>\nP\u00e5 n\u00e4san finns noter av rostad honung, colombianskt kaffe, mogen ek och vanilj. I munnen finns toner av kryddor, kryddpeppar, ek, kola och lite vanilj. Det finns en bra balans mellan de r\u00f6kiga tonerna och de klassiska romnoterna. Det finns en enormt l\u00e5ng finish, och en l\u00e4tt s\u00f6tma som kompletterar fatnoterna v\u00e4l. Det \u00e4r en starkare rom j\u00e4mf\u00f6rt med Platinum som har ett l\u00e4ttare uttryck.<\/p>\n<p>Dictador \u00e4r en colombiansk romproducent vars starka r\u00f6tter g\u00e5r tillbaka till 1913, d\u00e5 f\u00f6retaget grundades under namnet Destiler\u00eda Colombiana av Don Julio Aango y Parra.<\/p>\n<p>Dictador ligger i Cartagena i norra Colombia, mot Karibiska havet. Huset har genom sin m\u00e5ng\u00e5riga verksamhet kontinuerligt f\u00f6rfinat sin produktion, sina recept och sina f\u00f6rvaringsmetoder och idag h\u00f6r Dictador till eliten av kvalitetsproducenter inom b\u00e5de rom och gin.<\/p>\n<p>Hemligheten bakom de unika produkterna fr\u00e5n Dictador ligger i Parra-familjen (Hernan Parra), som \u00e4r 3:e generationens master blenders hos Dictador. F\u00f6r familjen Parra \u00e4r rom inte bara rom, utan en konstform som st\u00e4ndigt utvecklas och f\u00f6rb\u00e4ttras. Det \u00e4r konst p\u00e5 flaska. Prova sj\u00e4lv och upplev den colombianska skatten i flytande form.<\/p>\n","protected":false},"excerpt":{"rendered":"<p>Colombian Aged Rum<\/p>\n","protected":false},"featured_media":53516,"template":"","meta":{"_acf_changed":false,"rs_blank_template":"","rs_page_bg_color":"","slide_template_v7":""},"product_brand":[],"product_cat":[2387,4634,2391],"product_tag":[],"class_list":{"0":"post-53422","1":"product","2":"type-product","3":"status-publish","4":"has-post-thumbnail","6":"product_cat-avec-sv","7":"product_cat-premium-aged-sv","8":"product_cat-rom-sv","9":"pa_land-colombia-sv","10":"pa_procent-40-sv-2","11":"pa_producent-dictador-destileria-colombiana-sv","12":"pa_volume-70-sv-2","14":"first","15":"instock","16":"sale","17":"taxable","18":"shipping-taxable","19":"purchasable","20":"product-type-simple"},"bundled_by":[],"bundle_stock_status":"instock","bundle_stock_quantity":null,"bundle_virtual":false,"bundle_layout":"","bundle_add_to_cart_form_location":"","bundle_editable_in_cart":false,"bundle_sold_individually_context":"","bundle_item_grouping":"","bundle_min_size":"","bundle_max_size":"","bundle_price":[],"bundled_items":[],"bundle_sell_ids":[],"acf":[],"_links":{"self":[{"href":"https:\/\/www.raschvin.com\/sv\/wp-json\/wp\/v2\/product\/53422","targetHints":{"allow":["GET"]}}],"collection":[{"href":"https:\/\/www.raschvin.com\/sv\/wp-json\/wp\/v2\/product"}],"about":[{"href":"https:\/\/www.raschvin.com\/sv\/wp-json\/wp\/v2\/types\/product"}],"wp:featuredmedia":[{"embeddable":true,"href":"https:\/\/www.raschvin.com\/sv\/wp-json\/wp\/v2\/media\/53516"}],"wp:attachment":[{"href":"https:\/\/www.raschvin.com\/sv\/wp-json\/wp\/v2\/media?parent=53422"}],"wp:term":[{"taxonomy":"product_brand","embeddable":true,"href":"https:\/\/www.raschvin.com\/sv\/wp-json\/wp\/v2\/product_brand?post=53422"},{"taxonomy":"product_cat","embeddable":true,"href":"https:\/\/www.raschvin.com\/sv\/wp-json\/wp\/v2\/product_cat?post=53422"},{"taxonomy":"product_tag","embeddable":true,"href":"https:\/\/www.raschvin.com\/sv\/wp-json\/wp\/v2\/product_tag?post=53422"}],"curies":[{"name":"wp","href":"https:\/\/api.w.org\/{rel}","templated":true}]}}