{"id":53419,"date":"2024-04-26T09:15:37","date_gmt":"2024-04-26T07:15:37","guid":{"rendered":"https:\/\/www.raschvin.com\/produkt\/beach-house-gold-spiced-70-cl-40\/"},"modified":"2024-04-26T09:15:37","modified_gmt":"2024-04-26T07:15:37","slug":"beach-house-gold-spiced-70-cl-40","status":"publish","type":"product","link":"https:\/\/www.raschvin.com\/sv\/produkt\/beach-house-gold-spiced-70-cl-40\/","title":{"rendered":"Beach House Gold Spiced 70 cl. 40%"},"content":{"rendered":"<p>S\u00f6t, fyllig rom kryddad med smak av apelsin, ingef\u00e4ra och lime och mandarin. Bra balans mellan det fr\u00e4scha och s\u00f6ta, vilket erbjuder m\u00e5nga alternativ f\u00f6r drinkar och cocktails. L\u00e5ng, kryddig eftersmak med fint djup.<\/p>\n<p>Prova &#8221;The Mauritius Tonic&#8221;<br \/>\n5 cl. Beach House Guld Kryddat<br \/>\n10 cl Ginger Ale<br \/>\n2cl Joseph Cartron fl\u00e4derlik\u00f6r<\/p>\n<p>Servera \u00f6ver is med en limeklyfta och ditt st\u00f6rsta leende.<\/p>\n","protected":false},"excerpt":{"rendered":"<p>Mauritius Rum With Spices<\/p>\n","protected":false},"featured_media":53570,"template":"","meta":{"_acf_changed":false,"rs_blank_template":"","rs_page_bg_color":"","slide_template_v7":""},"product_brand":[],"product_cat":[2387,2391,4631],"product_tag":[],"class_list":{"0":"post-53419","1":"product","2":"type-product","3":"status-publish","4":"has-post-thumbnail","6":"product_cat-avec-sv","7":"product_cat-rom-sv","8":"product_cat-spiced-sv","9":"pa_land-mauritius-sv","10":"pa_procent-40-sv-2","11":"pa_volume-70-sv-2","13":"first","14":"instock","15":"sale","16":"taxable","17":"shipping-taxable","18":"purchasable","19":"product-type-simple"},"bundled_by":[],"bundle_stock_status":"instock","bundle_stock_quantity":null,"bundle_virtual":false,"bundle_layout":"","bundle_add_to_cart_form_location":"","bundle_editable_in_cart":false,"bundle_sold_individually_context":"","bundle_item_grouping":"","bundle_min_size":"","bundle_max_size":"","bundle_price":[],"bundled_items":[],"bundle_sell_ids":[],"acf":[],"_links":{"self":[{"href":"https:\/\/www.raschvin.com\/sv\/wp-json\/wp\/v2\/product\/53419","targetHints":{"allow":["GET"]}}],"collection":[{"href":"https:\/\/www.raschvin.com\/sv\/wp-json\/wp\/v2\/product"}],"about":[{"href":"https:\/\/www.raschvin.com\/sv\/wp-json\/wp\/v2\/types\/product"}],"wp:featuredmedia":[{"embeddable":true,"href":"https:\/\/www.raschvin.com\/sv\/wp-json\/wp\/v2\/media\/53570"}],"wp:attachment":[{"href":"https:\/\/www.raschvin.com\/sv\/wp-json\/wp\/v2\/media?parent=53419"}],"wp:term":[{"taxonomy":"product_brand","embeddable":true,"href":"https:\/\/www.raschvin.com\/sv\/wp-json\/wp\/v2\/product_brand?post=53419"},{"taxonomy":"product_cat","embeddable":true,"href":"https:\/\/www.raschvin.com\/sv\/wp-json\/wp\/v2\/product_cat?post=53419"},{"taxonomy":"product_tag","embeddable":true,"href":"https:\/\/www.raschvin.com\/sv\/wp-json\/wp\/v2\/product_tag?post=53419"}],"curies":[{"name":"wp","href":"https:\/\/api.w.org\/{rel}","templated":true}]}}