{"id":53416,"date":"2024-04-26T09:06:47","date_gmt":"2024-04-26T07:06:47","guid":{"rendered":"https:\/\/www.raschvin.com\/produkt\/ron-sostenible-port-experimental-cask-8-years-70-cl-43\/"},"modified":"2024-04-26T09:06:47","modified_gmt":"2024-04-26T07:06:47","slug":"ron-sostenible-port-experimental-cask-8-years-70-cl-43","status":"publish","type":"product","link":"https:\/\/www.raschvin.com\/sv\/produkt\/ron-sostenible-port-experimental-cask-8-years-70-cl-43\/","title":{"rendered":"Ron Sostenible Port Experimental Cask 8 Years 70 cl. 43%"},"content":{"rendered":"<p>Varf\u00f6r finns det s\u00e5 mycket val och variation n\u00e4r man k\u00f6per rom? \u00c4ven om destillerierna och tapparna inte har s\u00e5 m\u00e5nga alternativ n\u00e4r det kommer till r\u00e5varan p\u00e5 grund av fokus p\u00e5 sockerr\u00f6r, kan de l\u00e5ta sin kreativitet fl\u00f6da fritt med de andra detaljerna i produktionen. Framf\u00f6r allt erbjuder lagring av rom fr\u00e5n Karibien eller resten av v\u00e4rlden f\u00f6retagen ett stort utrymme f\u00f6r experiment. Ta bara den lovande Ron Sostenible Experimental Cask Series Port Cask. En dominikansk rom med modern karakt\u00e4r, den fick chansen att lagras p\u00e5 tv\u00e5 olika typer av fat. Detta g\u00f6r ocks\u00e5 k\u00e4nnare nyfikna p\u00e5 den h\u00f6gkvalitativa nyheten i en begr\u00e4nsad upplaga.<\/p>\n<p>Den sofistikerade Ron Sostenible Experimental Cask Series Port Cask f\u00f6rtj\u00e4nar full uppm\u00e4rksamhet. F\u00f6r all modern karibisk rom \u00e4r vi skyldiga det till ett danskt f\u00f6retag som heter A Clean Spirit. Deras m\u00e5l \u00e4r att erbjuda rom och annan sprit fr\u00e5n h\u00e5llbar produktion. F\u00f6r detta \u00e4ndam\u00e5l har f\u00f6retaget f\u00f6rlitat sig p\u00e5 ett av de mest h\u00e5llbara destillerierna f\u00f6r Ron Sostenible Experimental Cask Series Port Cask. Romen fr\u00e5n Dominikanska republiken \u00e4r baserad p\u00e5 sockerr\u00f6r odlad utan kemikalier. Efter destillationen mognade den p\u00e5 amerikanska bourbonfat i \u00e5tta \u00e5r. Han p\u00e5verkades av det lokala tropiska klimatet.<\/p>\n<p>Rommen transporterades sedan till Europa med segelfartyg, d\u00e4r den lagrades p\u00e5 portvinsfat fr\u00e5n Portugal i ett kontinentalt klimat.<\/p>\n<p>N\u00e4r det g\u00e4ller arom och smak ska den m\u00f6rka Ron Sostenible Experimental Cask Series Port Cask inte underskattas. F\u00f6rutom ett s\u00f6tt f\u00f6rsta intryck m\u00e4rker man fruktiga till vin\u00f6sa \u00f6vertoner. Karamell och vanilj g\u00e5r hand i hand med m\u00f6rk choklad och b\u00e4r i den skiktade och fylliga Ron Sostenible Experimental Cask Series Port Cask. Apelsinskal och vanilj avrundar den f\u00f6rf\u00f6riska dryckesupplevelsen. Dominikansk rom gillar det n\u00e4r du dricker det snyggt.<\/p>\n","protected":false},"excerpt":{"rendered":"<p>Dominican Republic Rum<\/p>\n","protected":false},"featured_media":53588,"template":"","meta":{"_acf_changed":false,"rs_blank_template":"","rs_page_bg_color":"","slide_template_v7":""},"product_brand":[],"product_cat":[2387,4634,2391],"product_tag":[],"class_list":{"0":"post-53416","1":"product","2":"type-product","3":"status-publish","4":"has-post-thumbnail","6":"product_cat-avec-sv","7":"product_cat-premium-aged-sv","8":"product_cat-rom-sv","9":"pa_land-dominikanska-republiken","10":"pa_procent-43-sv","11":"pa_producent-a-clean-spirit-sv","12":"pa_traefad-port-sv","13":"pa_volume-70-sv-2","15":"first","16":"instock","17":"taxable","18":"shipping-taxable","19":"purchasable","20":"product-type-simple"},"bundled_by":[],"bundle_stock_status":"instock","bundle_stock_quantity":null,"bundle_virtual":false,"bundle_layout":"","bundle_add_to_cart_form_location":"","bundle_editable_in_cart":false,"bundle_sold_individually_context":"","bundle_item_grouping":"","bundle_min_size":"","bundle_max_size":"","bundle_price":[],"bundled_items":[],"bundle_sell_ids":[],"acf":[],"_links":{"self":[{"href":"https:\/\/www.raschvin.com\/sv\/wp-json\/wp\/v2\/product\/53416","targetHints":{"allow":["GET"]}}],"collection":[{"href":"https:\/\/www.raschvin.com\/sv\/wp-json\/wp\/v2\/product"}],"about":[{"href":"https:\/\/www.raschvin.com\/sv\/wp-json\/wp\/v2\/types\/product"}],"wp:featuredmedia":[{"embeddable":true,"href":"https:\/\/www.raschvin.com\/sv\/wp-json\/wp\/v2\/media\/53588"}],"wp:attachment":[{"href":"https:\/\/www.raschvin.com\/sv\/wp-json\/wp\/v2\/media?parent=53416"}],"wp:term":[{"taxonomy":"product_brand","embeddable":true,"href":"https:\/\/www.raschvin.com\/sv\/wp-json\/wp\/v2\/product_brand?post=53416"},{"taxonomy":"product_cat","embeddable":true,"href":"https:\/\/www.raschvin.com\/sv\/wp-json\/wp\/v2\/product_cat?post=53416"},{"taxonomy":"product_tag","embeddable":true,"href":"https:\/\/www.raschvin.com\/sv\/wp-json\/wp\/v2\/product_tag?post=53416"}],"curies":[{"name":"wp","href":"https:\/\/api.w.org\/{rel}","templated":true}]}}