{"id":53412,"date":"2024-04-26T09:03:00","date_gmt":"2024-04-26T07:03:00","guid":{"rendered":"https:\/\/www.raschvin.com\/produkt\/ron-sostenible-pedro-ximenez-experimental-cask-8-years-70-cl-43\/"},"modified":"2024-04-26T09:03:00","modified_gmt":"2024-04-26T07:03:00","slug":"ron-sostenible-pedro-ximenez-experimental-cask-8-years-70-cl-43","status":"publish","type":"product","link":"https:\/\/www.raschvin.com\/sv\/produkt\/ron-sostenible-pedro-ximenez-experimental-cask-8-years-70-cl-43\/","title":{"rendered":"Ron Sostenible Pedro Ximen\u00e9z Experimental Cask 8 Years 70 cl. 43%"},"content":{"rendered":"<p>Karibisk rom f\u00e5r alltmer chansen att bli p\u00e5verkad av olika typer av fat under sin lagring. Denna trend p\u00e5minner om modern skotsk whisky fr\u00e5n Skottland, som destillerier ocks\u00e5 g\u00e4rna f\u00f6rfinar med en s\u00e5dan finish. Rom fr\u00e5n Karibien, som fick mogna tv\u00e5 eller tre g\u00e5nger och vanligtvis formats av olika klimatf\u00f6rh\u00e5llanden, f\u00f6rtj\u00e4nar v\u00e5r odelade uppm\u00e4rksamhet. Bland dessa trends\u00e4ttare, som fortfarande \u00e4r relativt s\u00e4llsynta, \u00e4r det efterl\u00e4ngtade Ron Sostenible Experimental Cask Series PX Cask. Den finns i en begr\u00e4nsad upplaga och riktar sig \u00e4ven till finsmakare med h\u00f6ga f\u00f6rv\u00e4ntningar.<\/p>\n<p>Den fascinerande Ron Sostenible Experimental Cask Series PX Cask kommer fr\u00e5n ett danskt f\u00f6retag. Det passande namnet A Clean Spirit \u00e4r dedikerat till h\u00e5llbart producerad sprit. Huvudfokus ligger p\u00e5 romen fr\u00e5n Dominikanska republiken. Ron Sostenible Experimental Cask Series PX Cask kommer fr\u00e5n ett h\u00e5llbart destilleri som f\u00f6rlitar sig p\u00e5 kemikaliefritt sockerr\u00f6r som r\u00e5vara. Tillverkad p\u00e5 ett milj\u00f6v\u00e4nligt s\u00e4tt \u00e4r detta en dominikansk rom med en exemplarisk karakt\u00e4r. Den tillbringade f\u00f6rst \u00e5tta \u00e5r p\u00e5 amerikanska vita ekfat och lagrades i sitt hemland i ett tropiskt klimat.<\/p>\n<p>Rommen transporterades sedan till Europa p\u00e5 ett segelfartyg, d\u00e4r den lagrades p\u00e5 Pedro Ximenez sherryfat fr\u00e5n Spanien i det kontinentala klimatet. Inte konstigt,<\/p>\n<p>Om du l\u00e5ter dig f\u00f6rf\u00f6ras av det m\u00f6rka Ron Sostenible Experimental Cask Series PX Cask kommer du att minnas det l\u00e4nge. Kraftfull och komplex, den f\u00e5ngar uppm\u00e4rksamheten fr\u00e5n f\u00f6rsta klunken till den sista. Mognad p\u00e5 bourbonfat och PX-sherryfat, Ron Sostenible Experimental Cask Series PX Cask avsl\u00f6jar s\u00f6ta toner av sm\u00f6rkola, kola, vanilj och karamell. Dessutom har den moderna Limited Edition \u00f6vertoner av ek, russin, citrusskal och m\u00f6rk choklad. Det \u00e4r tillr\u00e5dligt att ta dig tid och l\u00e5ta denna \u00e4dla droppe ha sin effekt p\u00e5 dig.<\/p>\n","protected":false},"excerpt":{"rendered":"<p>Dominican Republic Rum<\/p>\n","protected":false},"featured_media":53582,"template":"","meta":{"_acf_changed":false,"rs_blank_template":"","rs_page_bg_color":"","slide_template_v7":""},"product_brand":[],"product_cat":[2387,4634,2391],"product_tag":[],"class_list":{"0":"post-53412","1":"product","2":"type-product","3":"status-publish","4":"has-post-thumbnail","6":"product_cat-avec-sv","7":"product_cat-premium-aged-sv","8":"product_cat-rom-sv","9":"pa_land-dominikanska-republiken","10":"pa_procent-43-sv","11":"pa_producent-a-clean-spirit-sv","12":"pa_traefad-pedro-ximenez-px-sv","13":"pa_volume-70-sv-2","15":"first","16":"instock","17":"taxable","18":"shipping-taxable","19":"purchasable","20":"product-type-simple"},"bundled_by":[],"bundle_stock_status":"instock","bundle_stock_quantity":null,"bundle_virtual":false,"bundle_layout":"","bundle_add_to_cart_form_location":"","bundle_editable_in_cart":false,"bundle_sold_individually_context":"","bundle_item_grouping":"","bundle_min_size":"","bundle_max_size":"","bundle_price":[],"bundled_items":[],"bundle_sell_ids":[],"acf":[],"_links":{"self":[{"href":"https:\/\/www.raschvin.com\/sv\/wp-json\/wp\/v2\/product\/53412","targetHints":{"allow":["GET"]}}],"collection":[{"href":"https:\/\/www.raschvin.com\/sv\/wp-json\/wp\/v2\/product"}],"about":[{"href":"https:\/\/www.raschvin.com\/sv\/wp-json\/wp\/v2\/types\/product"}],"wp:featuredmedia":[{"embeddable":true,"href":"https:\/\/www.raschvin.com\/sv\/wp-json\/wp\/v2\/media\/53582"}],"wp:attachment":[{"href":"https:\/\/www.raschvin.com\/sv\/wp-json\/wp\/v2\/media?parent=53412"}],"wp:term":[{"taxonomy":"product_brand","embeddable":true,"href":"https:\/\/www.raschvin.com\/sv\/wp-json\/wp\/v2\/product_brand?post=53412"},{"taxonomy":"product_cat","embeddable":true,"href":"https:\/\/www.raschvin.com\/sv\/wp-json\/wp\/v2\/product_cat?post=53412"},{"taxonomy":"product_tag","embeddable":true,"href":"https:\/\/www.raschvin.com\/sv\/wp-json\/wp\/v2\/product_tag?post=53412"}],"curies":[{"name":"wp","href":"https:\/\/api.w.org\/{rel}","templated":true}]}}