{"id":53406,"date":"2024-04-26T08:50:24","date_gmt":"2024-04-26T06:50:24","guid":{"rendered":"https:\/\/www.raschvin.com\/produkt\/ron-sostenible-rioja-experimental-cask-8-years-70-cl-43\/"},"modified":"2024-04-26T08:50:24","modified_gmt":"2024-04-26T06:50:24","slug":"ron-sostenible-rioja-experimental-cask-8-years-70-cl-43","status":"publish","type":"product","link":"https:\/\/www.raschvin.com\/sv\/produkt\/ron-sostenible-rioja-experimental-cask-8-years-70-cl-43\/","title":{"rendered":"Ron Sostenible Rioja Experimental Cask 8 Years 70 cl. 43%"},"content":{"rendered":"<p>De senaste \u00e5ren har en trend fr\u00e5n whiskynv\u00e4rlden spridit \u00f6ver till romv\u00e4rlden. Detta ger karibisk rom mer och mer chansen att bli p\u00e5verkad av flera typer av fat under lagring. F\u00f6rvarad tv\u00e5 eller tre g\u00e5nger, presenterar s\u00e5dan rom fr\u00e5n Karibien sig fr\u00e5n den \u00e4nnu mer fascinerande sidan. Den efterl\u00e4ngtade Ron Sostenible Experimental Cask Series Rioja Cask h\u00f6r precis till denna trendiga kategori. Intressant nog \u00e4r vi skyldiga den och de andra tappningarna inom den passande namngivna specialserien till ett skandinaviskt f\u00f6retag.<\/p>\n<p>Den lovande Ron Sostenible Experimental Cask Series Rioja Cask lanseras av det danska f\u00f6retaget A Clean Spirit. Det agerar som en oberoende buteljerare och \u00e4r engagerad i h\u00e5llbarhet. P\u00e5 l\u00e4mpligt s\u00e4tt h\u00e4mtar hon spriten fr\u00e5n ett av de mest h\u00e5llbara destillerierna i Dominikanska republiken. H\u00f6gkvalitativ dominikansk rom baserad p\u00e5 sockerr\u00f6r fr\u00e5n odling utan kemikalier fungerar som bas. Denna rom fr\u00e5n Dominikanska republiken mognar p\u00e5 amerikanska vita ekfat i \u00e5tta \u00e5r. F\u00f6r att ge Ron Sostenible Experimental Cask Series Rioja Cask pricken \u00f6ver i:et \u00f6verf\u00f6rdes den sedan till r\u00f6dvinsfat fr\u00e5n Spanien. Dessa Rioa efterbehandlingsfat har l\u00e4mnat ett anm\u00e4rkningsv\u00e4rt sp\u00e5r.<\/p>\n<p>Du kan s\u00e4ga att det m\u00f6rka Ron Sostenible Experimental Cask Series Rioja Cask var inrymt i olika typer av fat. Det upplevs som kraftfullt och komplext, exotiskt och rikt. Fruktiga toner av apelsinskal dominerar, kompletterat med en inte alltf\u00f6r uttalad s\u00f6tma av m\u00f6rk choklad, vanilj och karamell. D\u00e5 och d\u00e5 m\u00e4rker du en antydan av r\u00f6tt vin i det fylliga och komplexa. Flerskiktad och karismatisk med en hint av fint kryddad ek, den dominikanska rommen s\u00e4ger adj\u00f6 till finsmakare. Du kan dricka det begr\u00e4nsade Ron Sostenible Experimental Cask Series Rioja Cask underbart rent.<\/p>\n","protected":false},"excerpt":{"rendered":"<p>Dominican Republic Rum<\/p>\n","protected":false},"featured_media":53585,"template":"","meta":{"_acf_changed":false,"rs_blank_template":"","rs_page_bg_color":"","slide_template_v7":""},"product_brand":[],"product_cat":[2387,4634,2391],"product_tag":[],"class_list":{"0":"post-53406","1":"product","2":"type-product","3":"status-publish","4":"has-post-thumbnail","6":"product_cat-avec-sv","7":"product_cat-premium-aged-sv","8":"product_cat-rom-sv","9":"pa_land-dominikanska-republiken","10":"pa_procent-43-sv","11":"pa_producent-a-clean-spirit-sv","12":"pa_traefad-rioja-sv","13":"pa_volume-70-sv-2","15":"first","16":"instock","17":"taxable","18":"shipping-taxable","19":"purchasable","20":"product-type-simple"},"bundled_by":[],"bundle_stock_status":"instock","bundle_stock_quantity":null,"bundle_virtual":false,"bundle_layout":"","bundle_add_to_cart_form_location":"","bundle_editable_in_cart":false,"bundle_sold_individually_context":"","bundle_item_grouping":"","bundle_min_size":"","bundle_max_size":"","bundle_price":[],"bundled_items":[],"bundle_sell_ids":[],"acf":[],"_links":{"self":[{"href":"https:\/\/www.raschvin.com\/sv\/wp-json\/wp\/v2\/product\/53406","targetHints":{"allow":["GET"]}}],"collection":[{"href":"https:\/\/www.raschvin.com\/sv\/wp-json\/wp\/v2\/product"}],"about":[{"href":"https:\/\/www.raschvin.com\/sv\/wp-json\/wp\/v2\/types\/product"}],"wp:featuredmedia":[{"embeddable":true,"href":"https:\/\/www.raschvin.com\/sv\/wp-json\/wp\/v2\/media\/53585"}],"wp:attachment":[{"href":"https:\/\/www.raschvin.com\/sv\/wp-json\/wp\/v2\/media?parent=53406"}],"wp:term":[{"taxonomy":"product_brand","embeddable":true,"href":"https:\/\/www.raschvin.com\/sv\/wp-json\/wp\/v2\/product_brand?post=53406"},{"taxonomy":"product_cat","embeddable":true,"href":"https:\/\/www.raschvin.com\/sv\/wp-json\/wp\/v2\/product_cat?post=53406"},{"taxonomy":"product_tag","embeddable":true,"href":"https:\/\/www.raschvin.com\/sv\/wp-json\/wp\/v2\/product_tag?post=53406"}],"curies":[{"name":"wp","href":"https:\/\/api.w.org\/{rel}","templated":true}]}}