{"id":53401,"date":"2024-04-26T08:33:35","date_gmt":"2024-04-26T06:33:35","guid":{"rendered":"https:\/\/www.raschvin.com\/produkt\/ron-sostenible-cognac-cask-12-years-70-cl-43\/"},"modified":"2024-04-26T08:33:35","modified_gmt":"2024-04-26T06:33:35","slug":"ron-sostenible-cognac-cask-12-years-70-cl-43","status":"publish","type":"product","link":"https:\/\/www.raschvin.com\/sv\/produkt\/ron-sostenible-cognac-cask-12-years-70-cl-43\/","title":{"rendered":"Ron Sostenible Cognac Cask 12 Years 70 cl. 43%"},"content":{"rendered":"<p>Inslag av l\u00e4der, milt kryddig piptobak, mj\u00f6lkchoklad, apelsinskal, torkad aprikos, dadlar och russin. En riktigt sp\u00e4nnande och intensiv rom som precis som alla v\u00e5ra m\u00f6rka produkter i den h\u00e4r serien b\u00f6rjar sin resa p\u00e5 bourbonfat. Denna rom forts\u00e4tter dock sin resa p\u00e5 konjakfat och tillf\u00f6r en l\u00e4cker rundhet och smakrik touch. \u00c4nnu en lyxig premiumrom som verkligen upphetsar och utmanar sinnena. En rom som har mycket djup och komplexitet och god smak.<\/p>\n<p>Ron Sostenible betyder &#8221;h\u00e5llbar rom&#8221; p\u00e5 spanska, och utg\u00e5ngspunkten f\u00f6r denna serie \u00e4r baserad p\u00e5 en \u00f6nskan att skapa den mest h\u00e5llbara rom p\u00e5 marknaden. Alla produkter i denna serie produceras i Dominikanska republiken p\u00e5 ett av v\u00e4rldens mest h\u00e5llbara destillerier, d\u00e4r de anv\u00e4nder sockerr\u00f6ret som omger destilleriet f\u00f6r att skapa utg\u00e5ngspunkten f\u00f6r alla dessa smakrika rom.<br \/>\nDetta sortiment \u00e4r baserat p\u00e5 en smaksatt juice gjord av pressad sockerr\u00f6r, vilket betyder att romen inte \u00e4r melassbaserad. Detta g\u00f6r en v\u00e4rld av skillnad f\u00f6r smak och kvalitet.<br \/>\nDestilleriet producerar sj\u00e4lv sin egen gr\u00f6na kraft fr\u00e5n sockerr\u00f6rens biomassa, vilket g\u00f6r att destilleriet \u00e4r helt sj\u00e4lvf\u00f6rs\u00f6rjande. Dessutom anv\u00e4nds vinassen, resterna fr\u00e5n destillationen, som naturligt g\u00f6dningsmedel f\u00f6r destilleriets sockerr\u00f6r. Slutligen f\u00e5ngas minst 50 % av CO2 fr\u00e5n produktionen upp och \u00e5teranv\u00e4nds f\u00f6r tillverkning av drycker. Dessa faktorer utg\u00f6r en h\u00e5llbar, cirkul\u00e4r och medveten produktion som bildar ramarna f\u00f6r en fantastiskt smakrik, sp\u00e4nnande och exotisk romserie av h\u00f6g kvalitet.<br \/>\nAll rom i sortimentet skeppas fr\u00e5n Dominikanska republiken ombord p\u00e5 ett traditionellt segelfartyg som helt drivs av vindkraft; det vill s\u00e4ga inget br\u00e4nsle och ingen motorkraft. Flaskorna \u00e4r tillverkade av 100 % \u00e5tervunnet glas, etiketterna \u00e4r tryckta p\u00e5 100 % \u00e5tervunnet papper och v\u00e5r nya, f\u00f6rb\u00e4ttrade propp \u00e4r tillverkad av \u00e5tervunnen kork, som genom tillsats av aktivt kol skapar mindre CO2-utsl\u00e4pp i produktionen.<\/p>\n","protected":false},"excerpt":{"rendered":"<p>Dominican Republic Rum<\/p>\n","protected":false},"featured_media":53579,"template":"","meta":{"_acf_changed":false,"rs_blank_template":"","rs_page_bg_color":"","slide_template_v7":""},"product_brand":[],"product_cat":[2387,4634,2391],"product_tag":[],"class_list":{"0":"post-53401","1":"product","2":"type-product","3":"status-publish","4":"has-post-thumbnail","6":"product_cat-avec-sv","7":"product_cat-premium-aged-sv","8":"product_cat-rom-sv","9":"pa_land-dominikanska-republiken","10":"pa_procent-43-sv","11":"pa_producent-a-clean-spirit-sv","12":"pa_traefad-cognac-sv","13":"pa_volume-70-sv-2","15":"first","16":"instock","17":"taxable","18":"shipping-taxable","19":"purchasable","20":"product-type-simple"},"bundled_by":[],"bundle_stock_status":"instock","bundle_stock_quantity":null,"bundle_virtual":false,"bundle_layout":"","bundle_add_to_cart_form_location":"","bundle_editable_in_cart":false,"bundle_sold_individually_context":"","bundle_item_grouping":"","bundle_min_size":"","bundle_max_size":"","bundle_price":[],"bundled_items":[],"bundle_sell_ids":[],"acf":[],"_links":{"self":[{"href":"https:\/\/www.raschvin.com\/sv\/wp-json\/wp\/v2\/product\/53401","targetHints":{"allow":["GET"]}}],"collection":[{"href":"https:\/\/www.raschvin.com\/sv\/wp-json\/wp\/v2\/product"}],"about":[{"href":"https:\/\/www.raschvin.com\/sv\/wp-json\/wp\/v2\/types\/product"}],"wp:featuredmedia":[{"embeddable":true,"href":"https:\/\/www.raschvin.com\/sv\/wp-json\/wp\/v2\/media\/53579"}],"wp:attachment":[{"href":"https:\/\/www.raschvin.com\/sv\/wp-json\/wp\/v2\/media?parent=53401"}],"wp:term":[{"taxonomy":"product_brand","embeddable":true,"href":"https:\/\/www.raschvin.com\/sv\/wp-json\/wp\/v2\/product_brand?post=53401"},{"taxonomy":"product_cat","embeddable":true,"href":"https:\/\/www.raschvin.com\/sv\/wp-json\/wp\/v2\/product_cat?post=53401"},{"taxonomy":"product_tag","embeddable":true,"href":"https:\/\/www.raschvin.com\/sv\/wp-json\/wp\/v2\/product_tag?post=53401"}],"curies":[{"name":"wp","href":"https:\/\/api.w.org\/{rel}","templated":true}]}}