{"id":53397,"date":"2024-04-26T08:26:51","date_gmt":"2024-04-26T06:26:51","guid":{"rendered":"https:\/\/www.raschvin.com\/produkt\/rum-malecon-17-years-rare-proof-70-cl-512\/"},"modified":"2024-04-26T08:26:51","modified_gmt":"2024-04-26T06:26:51","slug":"rum-malecon-17-years-rare-proof-70-cl-512","status":"publish","type":"product","link":"https:\/\/www.raschvin.com\/sv\/produkt\/rum-malecon-17-years-rare-proof-70-cl-512\/","title":{"rendered":"Rum Malecon 17 Years Rare Proof 70 cl. 51,2%"},"content":{"rendered":"<p>Ron Malecon 17 \u00e5r 51,2% Rare Proof, \u00e4r den nya mellanutg\u00e5van av Malecon Rare-proof-serien vi har i Danmark. Liksom m\u00e5nga av de andra Malecon-rommen \u00e4r den intensiv i b\u00e5de doft och smak, det \u00e4r en fin vidareutveckling fr\u00e5n den tidigare 18-\u00e5riga s\u00e4llsynta rommen, som det tyv\u00e4rr inte fanns mer av. Den extra alkoholen ger en extra intensiv och l\u00e4cker smak. Det finns toner av salt karamell, sm\u00f6rkola och en aning r\u00f6k, samt vanilj. Det finns en mycket v\u00e4lintegrerad alkohol och det finns massor av h\u00e4rliga fattoner, eken kommer igenom fint och rommen har den klassiska kubanska torra touchen, utan att vara i obalans. Det finns en trevlig s\u00f6tma som balanseras ut av alkoholen och \u00f6verlag \u00e4r det bara ett gott glas rom f\u00f6r pengarna. Denna rom har gott om kant och kan med f\u00f6rdel anv\u00e4ndas till cocktails som kr\u00e4ver lite urvattning, t.ex. Garnera med apelsinskal.<\/p>\n<p>\u00c4ven om Malecon \u00e4r en rom i kubansk stil, \u00e4r det faktiskt en panamansk rom. Rommen \u00e4r framtagen i samarbete med Varela Hermanos Bodegas de America SA. Malecon g\u00f6r flera olika typer av rom. All rom \u00e4r gjord av melass och det finns flera niv\u00e5er och m\u00e5nga skillnader i rummen. Varela Hermanos ligger i staden Pes\u00e9 i s\u00f6dra centrala Panama. 1908 grundade den d\u00e5varande \u00e4garen, Don Jos\u00e9 Varela Blanco, den f\u00f6rsta sockerfabriken. Senare, 1936, \u00f6ppnade romfabriken som sedan dess har producerat h\u00f6gkvalitativ rom. Malecon \u00e4r lite torrare \u00e4n sin bror Malteco, men mer komplex. Det finns i allm\u00e4nhet 3 kategorier: &#8217;Rum-Reservas&#8217;, &#8217;Rum Rare Proof&#8217; och &#8217;Rum Seleccion Esplendida&#8217;. Reservas \u00e4r lagrade rom i \u00e5ldern 10-25 \u00e5r. Rare Proof buteljeras i fatstyrka, vilket varierar n\u00e5got beroende p\u00e5 var rommen lagras och hur stor procentandel den kom in i fatet. Det finns en 13-\u00e5ring, en 17-\u00e5ring och en 20-\u00e5ring, samt ett antal vintage s\u00e4llsynta rom, som buteljerades f\u00f6r f\u00f6rsta g\u00e5ngen 2021 med \u00e5rg\u00e5ngen 2014. Seleccion Esplendida \u00e4r \u00e5rg\u00e5ngsrom fr\u00e5n speciellt utvalda \u00e5rg\u00e5ngar, utvald av Marco Savio, fenomenal rom finns h\u00e4r. Slutligen g\u00f6r Malecon en s\u00f6tare Licor de Ron p\u00e5 35%, vilket \u00e4r otroligt popul\u00e4rt p\u00e5 grund av dess komplexitet och s\u00f6tma.<\/p>\n","protected":false},"excerpt":{"rendered":"<p>Premium Panama Aged Rum<\/p>\n","protected":false},"featured_media":53528,"template":"","meta":{"_acf_changed":false,"rs_blank_template":"","rs_page_bg_color":"","slide_template_v7":""},"product_brand":[],"product_cat":[2391,4634,9225],"product_tag":[],"class_list":{"0":"post-53397","1":"product","2":"type-product","3":"status-publish","4":"has-post-thumbnail","6":"product_cat-rom-sv","7":"product_cat-premium-aged-sv","8":"product_cat-alternativa-romtyper","9":"pa_land-panama-sv","10":"pa_procent-51-2-sv","11":"pa_producent-malecon-sv","12":"pa_volume-70-sv-2","14":"first","15":"instock","16":"sale","17":"taxable","18":"shipping-taxable","19":"purchasable","20":"product-type-simple"},"bundled_by":[],"bundle_stock_status":"instock","bundle_stock_quantity":null,"bundle_virtual":false,"bundle_layout":"","bundle_add_to_cart_form_location":"","bundle_editable_in_cart":false,"bundle_sold_individually_context":"","bundle_item_grouping":"","bundle_min_size":"","bundle_max_size":"","bundle_price":[],"bundled_items":[],"bundle_sell_ids":[],"acf":[],"_links":{"self":[{"href":"https:\/\/www.raschvin.com\/sv\/wp-json\/wp\/v2\/product\/53397","targetHints":{"allow":["GET"]}}],"collection":[{"href":"https:\/\/www.raschvin.com\/sv\/wp-json\/wp\/v2\/product"}],"about":[{"href":"https:\/\/www.raschvin.com\/sv\/wp-json\/wp\/v2\/types\/product"}],"wp:featuredmedia":[{"embeddable":true,"href":"https:\/\/www.raschvin.com\/sv\/wp-json\/wp\/v2\/media\/53528"}],"wp:attachment":[{"href":"https:\/\/www.raschvin.com\/sv\/wp-json\/wp\/v2\/media?parent=53397"}],"wp:term":[{"taxonomy":"product_brand","embeddable":true,"href":"https:\/\/www.raschvin.com\/sv\/wp-json\/wp\/v2\/product_brand?post=53397"},{"taxonomy":"product_cat","embeddable":true,"href":"https:\/\/www.raschvin.com\/sv\/wp-json\/wp\/v2\/product_cat?post=53397"},{"taxonomy":"product_tag","embeddable":true,"href":"https:\/\/www.raschvin.com\/sv\/wp-json\/wp\/v2\/product_tag?post=53397"}],"curies":[{"name":"wp","href":"https:\/\/api.w.org\/{rel}","templated":true}]}}