{"id":53394,"date":"2024-04-26T08:18:38","date_gmt":"2024-04-26T06:18:38","guid":{"rendered":"https:\/\/www.raschvin.com\/produkt\/beach-house-white-spiced-70-cl-40\/"},"modified":"2024-04-26T08:18:38","modified_gmt":"2024-04-26T06:18:38","slug":"beach-house-white-spiced-70-cl-40","status":"publish","type":"product","link":"https:\/\/www.raschvin.com\/sv\/produkt\/beach-house-white-spiced-70-cl-40\/","title":{"rendered":"Beach House White Spiced 70 cl. 40%"},"content":{"rendered":"<p>S\u00f6t vit rom kryddad med en infusion av litchi, druva, lime och passionsfrukt. Fantastisk harmoni, d\u00e4r de distinkta smakerna av litchi och grapefrukt fr\u00e4schar upp romen. N\u00e5got kryddig och varm eftersmak som kommer att matcha m\u00e5nga goda cocktails, helt enkelt med tonic eller strax \u00f6ver is.<\/p>\n<p>Njut av en &#8221;Fruity Tonic&#8221;<br \/>\n5 cl. Beach House Vit Kryddat<br \/>\n10 cl. Torr tonic<br \/>\n2cl Joseph Cartron passionsfruktlik\u00f6r<br \/>\n1\/2 pressad lime<\/p>\n<p>H\u00e4ll ingredienserna \u00f6ver is och garnera med en skiva grapefrukt.<\/p>\n","protected":false},"excerpt":{"rendered":"<p>Mauritius Rum With Spices<\/p>\n","protected":false},"featured_media":53567,"template":"","meta":{"_acf_changed":false,"rs_blank_template":"","rs_page_bg_color":"","slide_template_v7":""},"product_brand":[],"product_cat":[2387,4642,2391,4631,4621],"product_tag":[],"class_list":{"0":"post-53394","1":"product","2":"type-product","3":"status-publish","4":"has-post-thumbnail","6":"product_cat-avec-sv","7":"product_cat-flavoured-rom-sv","8":"product_cat-rom-sv","9":"product_cat-spiced-sv","10":"product_cat-white-sv","11":"pa_land-mauritius-sv","12":"pa_procent-40-sv-2","13":"pa_volume-70-sv-2","15":"first","16":"instock","17":"sale","18":"taxable","19":"shipping-taxable","20":"purchasable","21":"product-type-simple"},"bundled_by":[],"bundle_stock_status":"instock","bundle_stock_quantity":null,"bundle_virtual":false,"bundle_layout":"","bundle_add_to_cart_form_location":"","bundle_editable_in_cart":false,"bundle_sold_individually_context":"","bundle_item_grouping":"","bundle_min_size":"","bundle_max_size":"","bundle_price":[],"bundled_items":[],"bundle_sell_ids":[],"acf":[],"_links":{"self":[{"href":"https:\/\/www.raschvin.com\/sv\/wp-json\/wp\/v2\/product\/53394","targetHints":{"allow":["GET"]}}],"collection":[{"href":"https:\/\/www.raschvin.com\/sv\/wp-json\/wp\/v2\/product"}],"about":[{"href":"https:\/\/www.raschvin.com\/sv\/wp-json\/wp\/v2\/types\/product"}],"wp:featuredmedia":[{"embeddable":true,"href":"https:\/\/www.raschvin.com\/sv\/wp-json\/wp\/v2\/media\/53567"}],"wp:attachment":[{"href":"https:\/\/www.raschvin.com\/sv\/wp-json\/wp\/v2\/media?parent=53394"}],"wp:term":[{"taxonomy":"product_brand","embeddable":true,"href":"https:\/\/www.raschvin.com\/sv\/wp-json\/wp\/v2\/product_brand?post=53394"},{"taxonomy":"product_cat","embeddable":true,"href":"https:\/\/www.raschvin.com\/sv\/wp-json\/wp\/v2\/product_cat?post=53394"},{"taxonomy":"product_tag","embeddable":true,"href":"https:\/\/www.raschvin.com\/sv\/wp-json\/wp\/v2\/product_tag?post=53394"}],"curies":[{"name":"wp","href":"https:\/\/api.w.org\/{rel}","templated":true}]}}