{"id":53389,"date":"2024-04-26T08:12:30","date_gmt":"2024-04-26T06:12:30","guid":{"rendered":"https:\/\/www.raschvin.com\/produkt\/beach-house-pink-spiced-70-cl-40\/"},"modified":"2024-04-26T08:12:30","modified_gmt":"2024-04-26T06:12:30","slug":"beach-house-pink-spiced-70-cl-40","status":"publish","type":"product","link":"https:\/\/www.raschvin.com\/sv\/produkt\/beach-house-pink-spiced-70-cl-40\/","title":{"rendered":"Beach House Pink Spiced 70 cl. 40%"},"content":{"rendered":"<p>Fruktig, blommig och s\u00f6t rom med h\u00e4rlig doft. Med smaker av rosa grapefrukt, svarta vinb\u00e4r och hibiskusblomma. Stor komplexitet som inbjuder p\u00e5 b\u00e4sta s\u00e4tt till en sommardrink. L\u00e4cker kryddad rom, som \u00e4r destillerad med naturliga aromer av rosa druva, svarta vinb\u00e4r, hibiskus och kokos. Det finns \u00e4ven noter av kanel, muscat, litchi och lime. En hit tol sommarens h\u00e4rliga drinkar.<\/p>\n<p>Erbjud g\u00e4sterna en &#8221;Pink Escape&#8221;<br \/>\n5 cl. Beach House Pink Spiced<br \/>\n10 cl. Torr tonic<br \/>\n1 cl. Joseph Cartron Grenadinelik\u00f6r<br \/>\n1\/2 pressad lime<\/p>\n<p>Glass fylls i ett glas med saften av en halv lime, varefter ingredienserna h\u00e4lls i glaset och r\u00f6rs om<\/p>\n","protected":false},"excerpt":{"rendered":"<p>Mauritius Rum With Spices<\/p>\n","protected":false},"featured_media":53573,"template":"","meta":{"_acf_changed":false,"rs_blank_template":"","rs_page_bg_color":"","slide_template_v7":""},"product_brand":[],"product_cat":[2387,4642,2391,4631,4621],"product_tag":[],"class_list":{"0":"post-53389","1":"product","2":"type-product","3":"status-publish","4":"has-post-thumbnail","6":"product_cat-avec-sv","7":"product_cat-flavoured-rom-sv","8":"product_cat-rom-sv","9":"product_cat-spiced-sv","10":"product_cat-white-sv","11":"pa_land-mauritius-sv","12":"pa_procent-40-sv-2","13":"pa_producent-spiribam-sv","14":"pa_volume-70-sv-2","16":"first","17":"instock","18":"sale","19":"taxable","20":"shipping-taxable","21":"purchasable","22":"product-type-simple"},"bundled_by":[],"bundle_stock_status":"instock","bundle_stock_quantity":null,"bundle_virtual":false,"bundle_layout":"","bundle_add_to_cart_form_location":"","bundle_editable_in_cart":false,"bundle_sold_individually_context":"","bundle_item_grouping":"","bundle_min_size":"","bundle_max_size":"","bundle_price":[],"bundled_items":[],"bundle_sell_ids":[],"acf":[],"_links":{"self":[{"href":"https:\/\/www.raschvin.com\/sv\/wp-json\/wp\/v2\/product\/53389","targetHints":{"allow":["GET"]}}],"collection":[{"href":"https:\/\/www.raschvin.com\/sv\/wp-json\/wp\/v2\/product"}],"about":[{"href":"https:\/\/www.raschvin.com\/sv\/wp-json\/wp\/v2\/types\/product"}],"wp:featuredmedia":[{"embeddable":true,"href":"https:\/\/www.raschvin.com\/sv\/wp-json\/wp\/v2\/media\/53573"}],"wp:attachment":[{"href":"https:\/\/www.raschvin.com\/sv\/wp-json\/wp\/v2\/media?parent=53389"}],"wp:term":[{"taxonomy":"product_brand","embeddable":true,"href":"https:\/\/www.raschvin.com\/sv\/wp-json\/wp\/v2\/product_brand?post=53389"},{"taxonomy":"product_cat","embeddable":true,"href":"https:\/\/www.raschvin.com\/sv\/wp-json\/wp\/v2\/product_cat?post=53389"},{"taxonomy":"product_tag","embeddable":true,"href":"https:\/\/www.raschvin.com\/sv\/wp-json\/wp\/v2\/product_tag?post=53389"}],"curies":[{"name":"wp","href":"https:\/\/api.w.org\/{rel}","templated":true}]}}