{"id":53107,"date":"2024-04-25T14:04:50","date_gmt":"2024-04-25T12:04:50","guid":{"rendered":"https:\/\/www.raschvin.com\/produkt\/sierra-tropical-chili-passionfruit-mango-100-cl-18\/"},"modified":"2024-04-25T14:04:50","modified_gmt":"2024-04-25T12:04:50","slug":"sierra-tropical-chili-passionfruit-mango-100-cl-18","status":"publish","type":"product","link":"https:\/\/www.raschvin.com\/sv\/produkt\/sierra-tropical-chili-passionfruit-mango-100-cl-18\/","title":{"rendered":"Sierra Tropical Chili Passionfruit &#038; Mango 100 cl. 18%"},"content":{"rendered":"<p>Den tropiska fruktiga shoten med en kryddig karakt\u00e4r<br \/>\nSierra Tropical Chilli \u00e4r en l\u00e4tt tequilalik\u00f6r med endast 18% vol. Sierra Tropical Chili har en intensiv fruktig smak av exotisk mango och maracuja, med en touch av chili som ger den dess kryddiga karakt\u00e4r. I kombination med den autentiska och unika tequilasmaken fr\u00e5n Sierra Tequila Blanco f\u00e5r vi en harmonisk smakprofil med en perfekt kombination av fruktiga och kryddiga inslag. Sierra Tropical Chili best\u00e5r uteslutande av h\u00f6gkvalitativa ingredienser och 100% naturliga smaker, samt mango- och maracujakoncentrat, utan n\u00e5gra konstgjorda smaker, vilket garanterar en fruktig smak av tropiska frukter. Dess rika arom och extravaganta sammans\u00e4ttning g\u00f6r Sierra Tropical Chili till en unik shot, som kan konsumeras rent eller i rumstemperatur.<\/p>\n<p>Tequila, mexikanernas nationaldryck<br \/>\nEnligt den mexikanska regeringens strikta lagar tillverkas tequila uteslutande fr\u00e5n hj\u00e4rtat av den bl\u00e5 Weber-agaven. Premium agaveplantor mognar flera \u00e5r efter plantering och sk\u00f6rdas sedan. Hj\u00e4rtan destilleras tv\u00e5 g\u00e5nger i typiska koppartankar (pot still-metoden). Ursprunget och produktionen \u00f6vervakas noga av Consejo Regulador del Tequila A.C.<\/p>\n<p>N\u00e4sa:<br \/>\nFruktig tropisk frukt<br \/>\nSmak:<br \/>\nExotisk fruktighet av mango och maracuja med en mild kryddighet<br \/>\nSlutlig:<br \/>\nBehagligt s\u00f6t med en l\u00e4tt kryddig ton<\/p>\n<p>Om Sierra Tequila<br \/>\nFamiljens destilleri Sierra Unidas grundades i slutet av 1970-talet i Guadalajara och ligger fortfarande idag i ett historiskt omr\u00e5de, i hj\u00e4rtat av Mexikos n\u00e4st st\u00f6rsta stad, tequilans &#8221;huvudstad&#8221;. Distiller\u00eda \u00e4r ett av de tv\u00e5 sista familje\u00e4gda tequiladestillerierna och producerar fortfarande den prisbel\u00f6nta Sierra Tequila idag. \u00c5r av tradition och talang f\u00f6r tequilaproduktion har g\u00e5tt i arv fr\u00e5n generation till generation under de senaste 150 \u00e5ren. S\u00e5 h\u00e4r blev Sierra Tequila vad det \u00e4r idag: en premium, fruktig tequila, nummer 1 i Europa och nummer 3 i v\u00e4rlden.<\/p>\n","protected":false},"excerpt":{"rendered":"<p>Lic\u00f3r con Tequila &#8211; Jalisco Mexico<\/p>\n","protected":false},"featured_media":53151,"template":"","meta":{"_acf_changed":false,"rs_blank_template":"","rs_page_bg_color":"","slide_template_v7":""},"product_brand":[],"product_cat":[4716,2387,4670,2402,2390,2408],"product_tag":[],"class_list":{"0":"post-53107","1":"product","2":"type-product","3":"status-publish","4":"has-post-thumbnail","6":"product_cat-andra-likorer","7":"product_cat-avec-sv","8":"product_cat-frukt","9":"product_cat-sprit-sv","10":"product_cat-sprit","11":"product_cat-tequila-mescal-sv","12":"pa_land-mexiko","13":"pa_procent-18-sv","14":"pa_producent-destilleria-sierra-sv","15":"pa_region-jalisco-sv","16":"pa_volume-100-sv","18":"first","19":"instock","20":"sale","21":"taxable","22":"shipping-taxable","23":"purchasable","24":"product-type-simple"},"bundled_by":[],"bundle_stock_status":"instock","bundle_stock_quantity":null,"bundle_virtual":false,"bundle_layout":"","bundle_add_to_cart_form_location":"","bundle_editable_in_cart":false,"bundle_sold_individually_context":"","bundle_item_grouping":"","bundle_min_size":"","bundle_max_size":"","bundle_price":[],"bundled_items":[],"bundle_sell_ids":[],"acf":[],"_links":{"self":[{"href":"https:\/\/www.raschvin.com\/sv\/wp-json\/wp\/v2\/product\/53107","targetHints":{"allow":["GET"]}}],"collection":[{"href":"https:\/\/www.raschvin.com\/sv\/wp-json\/wp\/v2\/product"}],"about":[{"href":"https:\/\/www.raschvin.com\/sv\/wp-json\/wp\/v2\/types\/product"}],"wp:featuredmedia":[{"embeddable":true,"href":"https:\/\/www.raschvin.com\/sv\/wp-json\/wp\/v2\/media\/53151"}],"wp:attachment":[{"href":"https:\/\/www.raschvin.com\/sv\/wp-json\/wp\/v2\/media?parent=53107"}],"wp:term":[{"taxonomy":"product_brand","embeddable":true,"href":"https:\/\/www.raschvin.com\/sv\/wp-json\/wp\/v2\/product_brand?post=53107"},{"taxonomy":"product_cat","embeddable":true,"href":"https:\/\/www.raschvin.com\/sv\/wp-json\/wp\/v2\/product_cat?post=53107"},{"taxonomy":"product_tag","embeddable":true,"href":"https:\/\/www.raschvin.com\/sv\/wp-json\/wp\/v2\/product_tag?post=53107"}],"curies":[{"name":"wp","href":"https:\/\/api.w.org\/{rel}","templated":true}]}}