{"id":53082,"date":"2024-04-25T12:05:18","date_gmt":"2024-04-25T10:05:18","guid":{"rendered":"https:\/\/www.raschvin.com\/produkt\/ledaig-17-years-2005-smos-cask-78-70-cl-542\/"},"modified":"2024-04-25T12:05:18","modified_gmt":"2024-04-25T10:05:18","slug":"ledaig-17-years-2005-smos-cask-78-70-cl-542","status":"publish","type":"product","link":"https:\/\/www.raschvin.com\/sv\/produkt\/ledaig-17-years-2005-smos-cask-78-70-cl-542\/","title":{"rendered":"Ledaig 17 Years 2005 SMOS Cask #78 70 cl. 54,2%"},"content":{"rendered":"<p>Denna 17-\u00e5riga Ledaig fr\u00e5n &#8221;The Single Malts of Scotland&#8221;-serien kommer fr\u00e5n den oberoende tappningsf\u00f6retaget Elixier Distillers 2005. Whiskyn destillerades den 3 februari 2005 och mognade p\u00e5 ett enda fat till den 7 april 2022. Den buteljerades p\u00e5 bara 253 flaskor med fatstyrka med 54,2% vol.<\/p>\n","protected":false},"excerpt":{"rendered":"<p>Single Malt Scotch Whisky<\/p>\n","protected":false},"featured_media":53274,"template":"","meta":{"_acf_changed":false,"rs_blank_template":"","rs_page_bg_color":"","slide_template_v7":""},"product_brand":[],"product_cat":[2387,2392,4651],"product_tag":[],"class_list":{"0":"post-53082","1":"product","2":"type-product","3":"status-publish","4":"has-post-thumbnail","6":"product_cat-avec-sv","7":"product_cat-whisky-sv","8":"product_cat-single-malt-sv","9":"pa_champagne-type-single-cask-sv","10":"pa_land-skottland","11":"pa_procent-54-2-sv","12":"pa_producent-elixir-distillers-sv","13":"pa_region-islands-sv","14":"pa_vintage-2005-sv","15":"pa_volume-70-sv-2","17":"first","18":"instock","19":"taxable","20":"shipping-taxable","21":"purchasable","22":"product-type-simple"},"bundled_by":[],"bundle_stock_status":"instock","bundle_stock_quantity":null,"bundle_virtual":false,"bundle_layout":"","bundle_add_to_cart_form_location":"","bundle_editable_in_cart":false,"bundle_sold_individually_context":"","bundle_item_grouping":"","bundle_min_size":"","bundle_max_size":"","bundle_price":[],"bundled_items":[],"bundle_sell_ids":[],"acf":[],"_links":{"self":[{"href":"https:\/\/www.raschvin.com\/sv\/wp-json\/wp\/v2\/product\/53082","targetHints":{"allow":["GET"]}}],"collection":[{"href":"https:\/\/www.raschvin.com\/sv\/wp-json\/wp\/v2\/product"}],"about":[{"href":"https:\/\/www.raschvin.com\/sv\/wp-json\/wp\/v2\/types\/product"}],"wp:featuredmedia":[{"embeddable":true,"href":"https:\/\/www.raschvin.com\/sv\/wp-json\/wp\/v2\/media\/53274"}],"wp:attachment":[{"href":"https:\/\/www.raschvin.com\/sv\/wp-json\/wp\/v2\/media?parent=53082"}],"wp:term":[{"taxonomy":"product_brand","embeddable":true,"href":"https:\/\/www.raschvin.com\/sv\/wp-json\/wp\/v2\/product_brand?post=53082"},{"taxonomy":"product_cat","embeddable":true,"href":"https:\/\/www.raschvin.com\/sv\/wp-json\/wp\/v2\/product_cat?post=53082"},{"taxonomy":"product_tag","embeddable":true,"href":"https:\/\/www.raschvin.com\/sv\/wp-json\/wp\/v2\/product_tag?post=53082"}],"curies":[{"name":"wp","href":"https:\/\/api.w.org\/{rel}","templated":true}]}}