{"id":53079,"date":"2024-04-25T11:53:48","date_gmt":"2024-04-25T09:53:48","guid":{"rendered":"https:\/\/www.raschvin.com\/produkt\/benrinnes-12-years-2009-smos-reserve-cask-parcel-9-70-cl-48\/"},"modified":"2024-04-25T11:53:48","modified_gmt":"2024-04-25T09:53:48","slug":"benrinnes-12-years-2009-smos-reserve-cask-parcel-9-70-cl-48","status":"publish","type":"product","link":"https:\/\/www.raschvin.com\/sv\/produkt\/benrinnes-12-years-2009-smos-reserve-cask-parcel-9-70-cl-48\/","title":{"rendered":"Benrinnes 12 Years 2009 SMOS Reserve Cask Parcel #9 70 cl. 48%"},"content":{"rendered":"<p>En liten sats av fyra refill sherry hogsheads och en sherry but fr\u00e5n Benrinnes Distillery har anv\u00e4nts f\u00f6r att skapa denna Speyside Single Malt, destillerad 2009 och lagrad i 12 \u00e5r. Detta \u00e4r en rik, kryddig whisky med toner av l\u00e4der, choklad och k\u00f6rsb\u00e4r.<\/p>\n<p>Smakanteckningar:<\/p>\n<p>N\u00e4sa: Att sitta p\u00e5 en mjuk, sliten l\u00e4derf\u00e5t\u00f6lj medan du smuttar p\u00e5 en Manhattan &#8211; det h\u00e4r \u00e4r k\u00f6rsb\u00e4r och krydda! Sandeltr\u00e4, kryddnejlika, kanel inbjuder dig att njuta av denna dram<\/p>\n<p>Smak: Choklad och k\u00f6rsb\u00e4r finns i \u00f6verfl\u00f6d och tar till sig rikedomen hos en svartskogsgrind toppad med mandelflis. Ingef\u00e4ra kn\u00e4pper med en kopp kaffe, balanserar s\u00f6tman och bidrar bara till dess mera kvalit\u00e9<\/p>\n<p>Finish: Detta \u00e4r en vackert intensiv, kryddig finish som bleknar till k\u00f6rsb\u00e4rscola och svartpepparkorn<\/p>\n","protected":false},"excerpt":{"rendered":"<p>Single Malt Scotch Whisky<\/p>\n","protected":false},"featured_media":53331,"template":"","meta":{"_acf_changed":false,"rs_blank_template":"","rs_page_bg_color":"","slide_template_v7":""},"product_brand":[],"product_cat":[2387,4651,2392],"product_tag":[],"class_list":{"0":"post-53079","1":"product","2":"type-product","3":"status-publish","4":"has-post-thumbnail","6":"product_cat-avec-sv","7":"product_cat-single-malt-sv","8":"product_cat-whisky-sv","9":"pa_land-skottland","10":"pa_procent-48-sv","11":"pa_producent-elixir-distillers-sv","12":"pa_region-speyside-sv","13":"pa_vintage-2009-sv","14":"pa_volume-70-sv-2","16":"first","17":"instock","18":"taxable","19":"shipping-taxable","20":"purchasable","21":"product-type-simple"},"bundled_by":[],"bundle_stock_status":"instock","bundle_stock_quantity":null,"bundle_virtual":false,"bundle_layout":"","bundle_add_to_cart_form_location":"","bundle_editable_in_cart":false,"bundle_sold_individually_context":"","bundle_item_grouping":"","bundle_min_size":"","bundle_max_size":"","bundle_price":[],"bundled_items":[],"bundle_sell_ids":[],"acf":[],"_links":{"self":[{"href":"https:\/\/www.raschvin.com\/sv\/wp-json\/wp\/v2\/product\/53079","targetHints":{"allow":["GET"]}}],"collection":[{"href":"https:\/\/www.raschvin.com\/sv\/wp-json\/wp\/v2\/product"}],"about":[{"href":"https:\/\/www.raschvin.com\/sv\/wp-json\/wp\/v2\/types\/product"}],"wp:featuredmedia":[{"embeddable":true,"href":"https:\/\/www.raschvin.com\/sv\/wp-json\/wp\/v2\/media\/53331"}],"wp:attachment":[{"href":"https:\/\/www.raschvin.com\/sv\/wp-json\/wp\/v2\/media?parent=53079"}],"wp:term":[{"taxonomy":"product_brand","embeddable":true,"href":"https:\/\/www.raschvin.com\/sv\/wp-json\/wp\/v2\/product_brand?post=53079"},{"taxonomy":"product_cat","embeddable":true,"href":"https:\/\/www.raschvin.com\/sv\/wp-json\/wp\/v2\/product_cat?post=53079"},{"taxonomy":"product_tag","embeddable":true,"href":"https:\/\/www.raschvin.com\/sv\/wp-json\/wp\/v2\/product_tag?post=53079"}],"curies":[{"name":"wp","href":"https:\/\/api.w.org\/{rel}","templated":true}]}}