{"id":53076,"date":"2024-04-25T11:43:04","date_gmt":"2024-04-25T09:43:04","guid":{"rendered":"https:\/\/www.raschvin.com\/produkt\/ichiros-malt-chichibu-paris-edition-2022-515\/"},"modified":"2024-12-10T15:06:45","modified_gmt":"2024-12-10T14:06:45","slug":"ichiros-malt-chichibu-paris-edition-2022-515","status":"publish","type":"product","link":"https:\/\/www.raschvin.com\/sv\/produkt\/ichiros-malt-chichibu-paris-edition-2022-515\/","title":{"rendered":"Ichiro&#8217;s Malt Chichibu Paris Edition 2022 70 cl. 51,5%"},"content":{"rendered":"<p>CUV\u00c9E PRESENTATION<\/p>\n<p>Chichibu Paris Edition 2022 \u00e4r en blandning av ex-bourbonfat och ex-torvade Chichibu-fat som lagrats i 6-7 \u00e5r. Varje \u00e5r sedan 2018, f\u00f6r att markera Whiskey Live, har La Maison du Whiskey sl\u00e4ppt en exklusiv blandning av Chichibu med en etikett som hyllar Paris. F\u00f6r den h\u00e4r versionen best\u00e5r Chichibu Paris Edition av 36 olika etiketter som visar Henri Rivi\u00e8res trettiosex vyer av Eiffeltornet. Rivi\u00e8res verk var en hyllning till b\u00e5de det nya tornet i Paris och till Hokusais trettiosex utsikter \u00f6ver berget Fuji. En begr\u00e4nsad upplaga p\u00e5 1 900 flaskor.<br \/>\nDISTILLERIET CHICHIBU<\/p>\n<p>Japan, Saitama. Destilleri i drift. \u00c4gare: Venture Whisky.<\/p>\n<p>Oberoende och familje\u00e4gt Det var 2007 som Ichiro Akuto, barnbarn till grundaren av Hanyu-destilleriet, byggde ett nytt destilleri i nordv\u00e4stra Tokyo, i Saitama-prefekturen. Den fick namnet Chichibu och avslutade flera decennier pr\u00e4glat av nedl\u00e4ggningen av m\u00e5nga produktionsanl\u00e4ggningar och gjorde det m\u00f6jligt f\u00f6r Ichiro Akuto att f\u00f6rnya sin familjs historia av expertis. Trots sin lilla storlek (produktionskapacitet p\u00e5 80 000 LPA\/\u00e5r) v\u00e4ckte Chichibu snabbt uppm\u00e4rksamhet och blev mycket eftertraktad. Det var under namnet &#8221;New Born&#8221; som Ichiro s\u00e5lde exklusivt sin malt i tre \u00e5r. 2011 sl\u00e4pptes den f\u00f6rsta upplagan av en liten sats Chichibu vid namn The First (7 400 flaskor). Det v\u00e4lkomnades omedelbart av distribut\u00f6rer och v\u00e4rldens whiskyentusiaster, vilket satte Chichibu p\u00e5 snabbsp\u00e5ret mot att bli ett destilleri med stark potential som samlarobjekt. Sedan dess har Ichiro sl\u00e4ppt ett flertal enstaka fat f\u00f6r att svara p\u00e5 konsumenternas efterfr\u00e5gan, vilket \u00f6kar destilleriets attraktionskraft bland samlare.<\/p>\n","protected":false},"excerpt":{"rendered":"<p>Single Malt Japanese Whisky<\/p>\n","protected":false},"featured_media":53211,"template":"","meta":{"_acf_changed":false,"rs_blank_template":"","rs_page_bg_color":"","slide_template_v7":""},"product_brand":[],"product_cat":[2392,9263,9266],"product_tag":[],"class_list":{"0":"post-53076","1":"product","2":"type-product","3":"status-publish","4":"has-post-thumbnail","6":"product_cat-whisky-sv","7":"product_cat-world-whisky","8":"product_cat-japanese-whisky","9":"pa_aargang-2022-sv","10":"pa_land-japan-sv","11":"pa_procent-51-5-sv","12":"pa_producent-chichibu-distillery-sv","13":"pa_region-honshu-sv","14":"pa_volume-70-sv-2","16":"first","17":"instock","18":"taxable","19":"shipping-taxable","20":"purchasable","21":"product-type-simple"},"bundled_by":[],"bundle_stock_status":"instock","bundle_stock_quantity":1,"bundle_virtual":false,"bundle_layout":"","bundle_add_to_cart_form_location":"","bundle_editable_in_cart":false,"bundle_sold_individually_context":"","bundle_item_grouping":"","bundle_min_size":"","bundle_max_size":"","bundle_price":[],"bundled_items":[],"bundle_sell_ids":[],"acf":[],"_links":{"self":[{"href":"https:\/\/www.raschvin.com\/sv\/wp-json\/wp\/v2\/product\/53076","targetHints":{"allow":["GET"]}}],"collection":[{"href":"https:\/\/www.raschvin.com\/sv\/wp-json\/wp\/v2\/product"}],"about":[{"href":"https:\/\/www.raschvin.com\/sv\/wp-json\/wp\/v2\/types\/product"}],"wp:featuredmedia":[{"embeddable":true,"href":"https:\/\/www.raschvin.com\/sv\/wp-json\/wp\/v2\/media\/53211"}],"wp:attachment":[{"href":"https:\/\/www.raschvin.com\/sv\/wp-json\/wp\/v2\/media?parent=53076"}],"wp:term":[{"taxonomy":"product_brand","embeddable":true,"href":"https:\/\/www.raschvin.com\/sv\/wp-json\/wp\/v2\/product_brand?post=53076"},{"taxonomy":"product_cat","embeddable":true,"href":"https:\/\/www.raschvin.com\/sv\/wp-json\/wp\/v2\/product_cat?post=53076"},{"taxonomy":"product_tag","embeddable":true,"href":"https:\/\/www.raschvin.com\/sv\/wp-json\/wp\/v2\/product_tag?post=53076"}],"curies":[{"name":"wp","href":"https:\/\/api.w.org\/{rel}","templated":true}]}}