{"id":53043,"date":"2026-04-27T10:11:19","date_gmt":"2026-04-27T08:11:19","guid":{"rendered":"https:\/\/www.raschvin.com\/produkt\/mermaid-zest-gin-70-cl-40\/"},"modified":"2026-04-27T10:12:34","modified_gmt":"2026-04-27T08:12:34","slug":"mermaid-zest-gin-70-cl-40","status":"publish","type":"product","link":"https:\/\/www.raschvin.com\/sv\/produkt\/mermaid-zest-gin-70-cl-40\/","title":{"rendered":"Mermaid Zest Gin 100 cl. 40%"},"content":{"rendered":"<p>Mermaid Zest Gin p\u00e5 40 % abv ger grapefrukt, \u00f6bergamott och vildfodrad kustrosmarin med den mjuka men \u00e4nd\u00e5 komplexa smaken av v\u00e5r prisbel\u00f6nta Mermaid Gin. En blandning av ljus citrus och subtil s\u00f6tma kombineras f\u00f6r en pikant fr\u00e4sch sprit med en hint av havsluft.<br \/>\nMermaid Zest Gin \u00e4r perfekt f\u00f6r sommarens sundowners, antingen som en uppfriskande spritz eller en Mermaid Zest &#038; Mediterranean tonic, garnerad med en skiva f\u00e4rsk citron och en kvist rosmarin.<\/p>\n<p>FLASKAN<br \/>\nInspirerad av den frodiga, gr\u00f6nskande \u00f6n, sj\u00f6gr\u00e4sb\u00e4ddarna och den naturliga v\u00e4rlden, h\u00e4mtade Mermaid Zest Gin sin f\u00f6rpackningsinspiration fr\u00e5n landskapet runt den.<\/p>\n<p>Vanligtvis n\u00e4r du t\u00e4nker &#8221;citrus&#8221; kan du initialt luta dig mot varmare m\u00e4ttade toner av orange eller gult, som var p\u00e5 korten ett tag h\u00e4r. Men vi tror att den smaragdgr\u00f6na f\u00e5r Mermaid Zest att sticka ut p\u00e5 alla de r\u00e4tta s\u00e4tten. Den h\u00e5ller fast vid deras \u00f6rtartade k\u00e4rna och till deras oceaniska hem, det \u00e4r ocks\u00e5 en trevlig nick till gins traditionella f\u00e4rgtoner \u2013 en elegant touch som g\u00f6r den h\u00e4r utg\u00e5van lika vacker att titta p\u00e5 som resten av sortimentet.<\/p>\n<p>Det faktum att det \u00e4r helt plastfritt hj\u00e4lper ocks\u00e5 till att \u00f6ka dess meriter.<\/p>\n","protected":false},"excerpt":{"rendered":"<p>Isle of Wight Distillery &#8211; England<\/p>\n","protected":false},"featured_media":53184,"template":"","meta":{"_acf_changed":false,"rs_blank_template":"","rs_page_bg_color":"","slide_template_v7":""},"product_brand":[],"product_cat":[4711,2402,2404],"product_tag":[],"class_list":{"0":"post-53043","1":"product","2":"type-product","3":"status-publish","4":"has-post-thumbnail","6":"product_cat-andra-gins","7":"product_cat-sprit-sv","8":"product_cat-gin-sv","9":"pa_land-england-sv","10":"pa_procent-40-sv-2","11":"pa_producent-isle-of-wight-distillery-sv","12":"pa_region-isle-of-wight-sv","13":"pa_volume-100-sv","15":"first","16":"instock","17":"sale","18":"taxable","19":"shipping-taxable","20":"purchasable","21":"product-type-simple"},"bundled_by":[],"bundle_stock_status":"instock","bundle_stock_quantity":null,"bundle_virtual":false,"bundle_layout":"","bundle_add_to_cart_form_location":"","bundle_editable_in_cart":false,"bundle_sold_individually_context":"","bundle_item_grouping":"","bundle_min_size":"","bundle_max_size":"","bundle_price":[],"bundled_items":[],"bundle_sell_ids":[],"acf":[],"_links":{"self":[{"href":"https:\/\/www.raschvin.com\/sv\/wp-json\/wp\/v2\/product\/53043","targetHints":{"allow":["GET"]}}],"collection":[{"href":"https:\/\/www.raschvin.com\/sv\/wp-json\/wp\/v2\/product"}],"about":[{"href":"https:\/\/www.raschvin.com\/sv\/wp-json\/wp\/v2\/types\/product"}],"wp:featuredmedia":[{"embeddable":true,"href":"https:\/\/www.raschvin.com\/sv\/wp-json\/wp\/v2\/media\/53184"}],"wp:attachment":[{"href":"https:\/\/www.raschvin.com\/sv\/wp-json\/wp\/v2\/media?parent=53043"}],"wp:term":[{"taxonomy":"product_brand","embeddable":true,"href":"https:\/\/www.raschvin.com\/sv\/wp-json\/wp\/v2\/product_brand?post=53043"},{"taxonomy":"product_cat","embeddable":true,"href":"https:\/\/www.raschvin.com\/sv\/wp-json\/wp\/v2\/product_cat?post=53043"},{"taxonomy":"product_tag","embeddable":true,"href":"https:\/\/www.raschvin.com\/sv\/wp-json\/wp\/v2\/product_tag?post=53043"}],"curies":[{"name":"wp","href":"https:\/\/api.w.org\/{rel}","templated":true}]}}