{"id":53040,"date":"2024-04-25T08:11:01","date_gmt":"2024-04-25T06:11:01","guid":{"rendered":"https:\/\/www.raschvin.com\/produkt\/whyte-mackay-triple-matured-100-cl-40\/"},"modified":"2024-04-25T08:11:01","modified_gmt":"2024-04-25T06:11:01","slug":"whyte-mackay-triple-matured-100-cl-40","status":"publish","type":"product","link":"https:\/\/www.raschvin.com\/sv\/produkt\/whyte-mackay-triple-matured-100-cl-40\/","title":{"rendered":"Whyte &#038; Mackay Triple Matured 100 cl. 40%"},"content":{"rendered":"<p>Whyte &#038; Mackay Blended Scotch Whisky 1L<br \/>\nTriple Maturation \u00e4r hemligheten bakom den prisbel\u00f6nta smaken av Whyte &#038; Mackay.<\/p>\n<p>Hemligheten bakom den prisbel\u00f6nta smaken av Whyte &#038; Mackay \u00e4r v\u00e5r tredubbla mognadsprocess och s\u00e4ttet vi blandar f\u00f6r att s\u00e4kerst\u00e4lla att ingen enskild whisky dominerar en annan, vilket skapar en harmoni av smaker som samverkar f\u00f6r att producera v\u00e5r ber\u00f6mda mjukare, rikare smak.<\/p>\n<p>N\u00e4sa: Sl\u00e4t med varma tilltalande h\u00f6jdpunkter av marsipan, Manuka-honung, kr\u00e4mig kola och Demerara-socker, f\u00f6ljt av viskningar av glaserad ananas, cider\u00e4pplen och pralinchoklad.<\/p>\n<p>Smak: Det b\u00f6rjar med mjuka och sp\u00e4nnande smaker av tropiska frukter, nyponsirap, karamelliserade apelsinsegment och makroner.<\/p>\n<p>Avslutning: persikor i sirap, lakrits och Sevillamarmelad.<\/p>\n<p>Steg 1: De finaste malt- och grainwhiskyn, mognade i m\u00e5nga \u00e5r, \u00e4r noggrant utvalda av v\u00e5r Master Blender.<\/p>\n<p>Steg 2: D\u00e4refter kombineras de i sherryfat och mognas igen.<\/p>\n<p>Steg 3: Slutligen blandas den \u00e5ldrade malten och spannm\u00e5len och \u00e5terf\u00f6rs till fat en sista g\u00e5ng f\u00f6r att uppn\u00e5 en perfekt harmoni av smaker.<\/p>\n<p>Denna h\u00e4ngivenhet till konsten att blanda skapar en extra sl\u00e4t och rikare whisky.<\/p>\n<p>Trippelmognad f\u00f6r en j\u00e4mnare, rikare smak<br \/>\nInternational Spirits Challenge 2021 &#8211; Guld<br \/>\nF\u00f6rpackningsstorlek: 100CL<\/p>\n","protected":false},"excerpt":{"rendered":"<p>Blended Scotch Whisky<\/p>\n","protected":false},"featured_media":53166,"template":"","meta":{"_acf_changed":false,"rs_blank_template":"","rs_page_bg_color":"","slide_template_v7":""},"product_brand":[],"product_cat":[2387,4765,2392],"product_tag":[],"class_list":{"0":"post-53040","1":"product","2":"type-product","3":"status-publish","4":"has-post-thumbnail","6":"product_cat-avec-sv","7":"product_cat-blended-sv","8":"product_cat-whisky-sv","9":"pa_land-skottland","10":"pa_procent-40-sv-2","11":"pa_volume-100-sv","13":"first","14":"instock","15":"sale","16":"taxable","17":"shipping-taxable","18":"purchasable","19":"product-type-simple"},"bundled_by":[],"bundle_stock_status":"instock","bundle_stock_quantity":null,"bundle_virtual":false,"bundle_layout":"","bundle_add_to_cart_form_location":"","bundle_editable_in_cart":false,"bundle_sold_individually_context":"","bundle_item_grouping":"","bundle_min_size":"","bundle_max_size":"","bundle_price":[],"bundled_items":[],"bundle_sell_ids":[],"acf":[],"_links":{"self":[{"href":"https:\/\/www.raschvin.com\/sv\/wp-json\/wp\/v2\/product\/53040","targetHints":{"allow":["GET"]}}],"collection":[{"href":"https:\/\/www.raschvin.com\/sv\/wp-json\/wp\/v2\/product"}],"about":[{"href":"https:\/\/www.raschvin.com\/sv\/wp-json\/wp\/v2\/types\/product"}],"wp:featuredmedia":[{"embeddable":true,"href":"https:\/\/www.raschvin.com\/sv\/wp-json\/wp\/v2\/media\/53166"}],"wp:attachment":[{"href":"https:\/\/www.raschvin.com\/sv\/wp-json\/wp\/v2\/media?parent=53040"}],"wp:term":[{"taxonomy":"product_brand","embeddable":true,"href":"https:\/\/www.raschvin.com\/sv\/wp-json\/wp\/v2\/product_brand?post=53040"},{"taxonomy":"product_cat","embeddable":true,"href":"https:\/\/www.raschvin.com\/sv\/wp-json\/wp\/v2\/product_cat?post=53040"},{"taxonomy":"product_tag","embeddable":true,"href":"https:\/\/www.raschvin.com\/sv\/wp-json\/wp\/v2\/product_tag?post=53040"}],"curies":[{"name":"wp","href":"https:\/\/api.w.org\/{rel}","templated":true}]}}