{"id":53036,"date":"2024-04-25T08:00:18","date_gmt":"2024-04-25T06:00:18","guid":{"rendered":"https:\/\/www.raschvin.com\/produkt\/ciroc-vodka-summer-watermelon-70-cl-375\/"},"modified":"2024-04-25T08:00:18","modified_gmt":"2024-04-25T06:00:18","slug":"ciroc-vodka-summer-watermelon-70-cl-375","status":"publish","type":"product","link":"https:\/\/www.raschvin.com\/sv\/produkt\/ciroc-vodka-summer-watermelon-70-cl-375\/","title":{"rendered":"Ciroc Vodka \u2013 Summer Watermelon 70 cl. 37,5%"},"content":{"rendered":"<p>C\u00eeroc Summer Watermelon \u00e4r en smakrik sprit gjord p\u00e5 vodka fem g\u00e5nger destillerad fr\u00e5n fina franska druvor, f\u00e4rdig i en skr\u00e4ddarsydd kopparpott i s\u00f6dra Frankrike. Vodkan \u00e4r m\u00e4sterligt infunderad med en distinkt blandning av sommarvattenmeloner och andra naturliga smaker, vilket resulterar i en smakupplevelse som \u00e4r ljuvligt annorlunda och elegant smidig.<\/p>\n<p>F\u00f6dd fr\u00e5n generationer av vintillverkare och destillat\u00f6rer som g\u00e5r tillbaka till 1500-talet, Jean-S\u00e9bastien Robicquet, Master Distiller of C\u00ceROC har konsten att destillera i sina \u00e5dror. Jean-S\u00e9bastien \u00e4r baserad i Villevert, Frankrike i den ber\u00f6mda vinregionen Cognac.<\/p>\n<p>Jean-S\u00e9bastien tog sitt enologidiplom 1988 och en magisterexamen i juridik, ekonomi och vinbranschens ledning 1990. Han kombinerade sin destilleringsexpertis och sin skicklighet som oenolog f\u00f6r att skapa C\u00ceROC Vodka 2003. Jean-S\u00e9bastien har blivit erk\u00e4nd av Great Council of Bordeaux Wines som &#8221;Commandeur de Bordeaux&#8221;, som ett erk\u00e4nnande av hans beslutsamhet f\u00f6r h\u00f6gkvalitativa, \u00f6verl\u00e4gsna och \u00e4rliga produkter.<br \/>\nL\u00e5t oss nu ta dig dit vi firar idag.<\/p>\n","protected":false},"excerpt":{"rendered":"<p>Premium Vodka From Fine French Grapes \u2013 Watermelon Flavored<\/p>\n","protected":false},"featured_media":53364,"template":"","meta":{"_acf_changed":false,"rs_blank_template":"","rs_page_bg_color":"","slide_template_v7":""},"product_brand":[],"product_cat":[2402,2409,4614],"product_tag":[],"class_list":{"0":"post-53036","1":"product","2":"type-product","3":"status-publish","4":"has-post-thumbnail","6":"product_cat-sprit-sv","7":"product_cat-vodka-sv","8":"product_cat-flavoured-sv","9":"pa_land-frankrike","10":"pa_procent-37-5-sv","11":"pa_producent-ciroc-sv","12":"pa_volume-70-sv-2","14":"first","15":"instock","16":"taxable","17":"shipping-taxable","18":"purchasable","19":"product-type-simple"},"bundled_by":[],"bundle_stock_status":"instock","bundle_stock_quantity":null,"bundle_virtual":false,"bundle_layout":"","bundle_add_to_cart_form_location":"","bundle_editable_in_cart":false,"bundle_sold_individually_context":"","bundle_item_grouping":"","bundle_min_size":"","bundle_max_size":"","bundle_price":[],"bundled_items":[],"bundle_sell_ids":[],"acf":[],"_links":{"self":[{"href":"https:\/\/www.raschvin.com\/sv\/wp-json\/wp\/v2\/product\/53036","targetHints":{"allow":["GET"]}}],"collection":[{"href":"https:\/\/www.raschvin.com\/sv\/wp-json\/wp\/v2\/product"}],"about":[{"href":"https:\/\/www.raschvin.com\/sv\/wp-json\/wp\/v2\/types\/product"}],"wp:featuredmedia":[{"embeddable":true,"href":"https:\/\/www.raschvin.com\/sv\/wp-json\/wp\/v2\/media\/53364"}],"wp:attachment":[{"href":"https:\/\/www.raschvin.com\/sv\/wp-json\/wp\/v2\/media?parent=53036"}],"wp:term":[{"taxonomy":"product_brand","embeddable":true,"href":"https:\/\/www.raschvin.com\/sv\/wp-json\/wp\/v2\/product_brand?post=53036"},{"taxonomy":"product_cat","embeddable":true,"href":"https:\/\/www.raschvin.com\/sv\/wp-json\/wp\/v2\/product_cat?post=53036"},{"taxonomy":"product_tag","embeddable":true,"href":"https:\/\/www.raschvin.com\/sv\/wp-json\/wp\/v2\/product_tag?post=53036"}],"curies":[{"name":"wp","href":"https:\/\/api.w.org\/{rel}","templated":true}]}}