{"id":52882,"date":"2024-04-24T15:18:10","date_gmt":"2024-04-24T13:18:10","guid":{"rendered":"https:\/\/www.raschvin.com\/produkt\/sarti-rosa-aperitivo-70-cl-14\/"},"modified":"2024-04-24T15:18:10","modified_gmt":"2024-04-24T13:18:10","slug":"sarti-rosa-aperitivo-70-cl-14","status":"publish","type":"product","link":"https:\/\/www.raschvin.com\/sv\/produkt\/sarti-rosa-aperitivo-70-cl-14\/","title":{"rendered":"Sarti Rosa Aperitivo 70 cl. 14%"},"content":{"rendered":"<p>Sarti Rosa: en fruktig och fr\u00e4sch upplevelse<\/p>\n<p>Sarti Rosa er\u00f6vrar barer och klubbar sommaren 2023. Aperitif fr\u00e5n Italien har gjort sig ett namn fr\u00e4mst inom restaurangbranschen och \u00e4r nu \u00e4ntligen ute p\u00e5 marknaden f\u00f6r hemmabruk. H\u00e4r m\u00f6ter siciliansk blodapelsin tropisk frukt och tydligen en livlig ny aperitifh\u00f6jdpunkt.<\/p>\n<p>Sarti har varit verksamt sedan 1885 och st\u00e5r f\u00f6r fantastisk premiumsprit. Sarti Rosa \u00e4r den senaste produkten och en skapelse som s\u00e4tter nya standarder f\u00f6r italienska aperitifer, s\u00e4rskilt p\u00e5 sommaren, men faktiskt under alla tider p\u00e5 \u00e5ret.<\/p>\n<p>S\u00e5 h\u00e4r smakar Sarti Rosa<\/p>\n<p>L\u00e5t den lockande aromen av Sarti Rosa inspirera dig. Dess fruktig-s\u00f6ta karakt\u00e4r \u00e4r redan tydlig p\u00e5 n\u00e4san. Den s\u00f6ta aromen s\u00e4tter redan de f\u00f6rsta accenterna av blodapelsin och grapefrukt, som kombineras med tropiska frukter f\u00f6r att skapa en underbar doft. Detta lysande intryck forts\u00e4tter i gommen: citrusfrukterna blodapelsin och grapefrukt \u00e4r rika och s\u00f6ta. Den senare ger en extra syrlig ton till smaken, vilket ger aperitifens karakt\u00e4r en ytterligare nyans.<\/p>\n<p>Det b\u00e4sta s\u00e4ttet att servera Sarti Rosa<\/p>\n<p>Det \u00e4r klart: den livliga rosa f\u00e4rgen f\u00e5ngar redan \u00f6gat. Dess livfulla f\u00e4rg ger den redan bort: En drink f\u00f6r varma, ljumma sommarkv\u00e4llar. Och det \u00e4r precis vad det \u00e4r, men sj\u00e4lvklart kan du servera det hur du vill. Eftersom dess charm ocks\u00e5 varar l\u00e4ngre \u00e4n de varmare dagarna och \u00e4r s\u00e4rskilt imponerande i m\u00e4rkets signaturdryck &#8211; Sarti Spritz:<\/p>\n<p>Blanda med det i ett vinglas:<\/p>\n<p>3\/6 Process co<br \/>\n2\/6 Sarti Rosa<br \/>\n1\/6 kolsyrat mineralvatten<br \/>\nTills\u00e4tt sedan n\u00e5gra isbitar och garnera drinken med en limeskiva. Lita p\u00e5 oss: det \u00e4r en h\u00f6jdpunkt bland sommardrinkarna!<\/p>\n","protected":false},"excerpt":{"rendered":"<p>The Unexpected Spritz from Italy<\/p>\n","protected":false},"featured_media":52900,"template":"","meta":{"_acf_changed":false,"rs_blank_template":"","rs_page_bg_color":"","slide_template_v7":""},"product_brand":[],"product_cat":[2387,2390,2394,4670],"product_tag":[],"class_list":{"0":"post-52882","1":"product","2":"type-product","3":"status-publish","4":"has-post-thumbnail","6":"product_cat-avec-sv","7":"product_cat-sprit","8":"product_cat-bitter-sv","9":"product_cat-frukt","10":"pa_land-italien-sv","11":"pa_procent-14-sv","12":"pa_producent-campari-group-sv","13":"pa_volume-70-sv-2","15":"first","16":"instock","17":"taxable","18":"shipping-taxable","19":"purchasable","20":"product-type-simple"},"bundled_by":["115687"],"bundle_stock_status":"instock","bundle_stock_quantity":null,"bundle_virtual":false,"bundle_layout":"","bundle_add_to_cart_form_location":"","bundle_editable_in_cart":false,"bundle_sold_individually_context":"","bundle_item_grouping":"","bundle_min_size":"","bundle_max_size":"","bundle_price":[],"bundled_items":[],"bundle_sell_ids":[],"acf":[],"_links":{"self":[{"href":"https:\/\/www.raschvin.com\/sv\/wp-json\/wp\/v2\/product\/52882","targetHints":{"allow":["GET"]}}],"collection":[{"href":"https:\/\/www.raschvin.com\/sv\/wp-json\/wp\/v2\/product"}],"about":[{"href":"https:\/\/www.raschvin.com\/sv\/wp-json\/wp\/v2\/types\/product"}],"wp:featuredmedia":[{"embeddable":true,"href":"https:\/\/www.raschvin.com\/sv\/wp-json\/wp\/v2\/media\/52900"}],"wp:attachment":[{"href":"https:\/\/www.raschvin.com\/sv\/wp-json\/wp\/v2\/media?parent=52882"}],"wp:term":[{"taxonomy":"product_brand","embeddable":true,"href":"https:\/\/www.raschvin.com\/sv\/wp-json\/wp\/v2\/product_brand?post=52882"},{"taxonomy":"product_cat","embeddable":true,"href":"https:\/\/www.raschvin.com\/sv\/wp-json\/wp\/v2\/product_cat?post=52882"},{"taxonomy":"product_tag","embeddable":true,"href":"https:\/\/www.raschvin.com\/sv\/wp-json\/wp\/v2\/product_tag?post=52882"}],"curies":[{"name":"wp","href":"https:\/\/api.w.org\/{rel}","templated":true}]}}