{"id":52879,"date":"2024-04-24T14:12:01","date_gmt":"2024-04-24T12:12:01","guid":{"rendered":"https:\/\/www.raschvin.com\/produkt\/guignolet-de-dijon-cherry-liqueur-gabriel-boudier-70-cl-18\/"},"modified":"2024-04-24T14:12:01","modified_gmt":"2024-04-24T12:12:01","slug":"guignolet-de-dijon-cherry-liqueur-gabriel-boudier-70-cl-18","status":"publish","type":"product","link":"https:\/\/www.raschvin.com\/sv\/produkt\/guignolet-de-dijon-cherry-liqueur-gabriel-boudier-70-cl-18\/","title":{"rendered":"Guignolet de Dijon (Cherry Liqueur) &#8211; Gabriel Boudier 70 cl. 18%"},"content":{"rendered":"<p>Denna traditionella lik\u00f6r fr\u00e5n Bourgogne \u00e4r gjord p\u00e5 fyra olika typer av k\u00f6rsb\u00e4r och kan avnjutas direkt, med vodka eller med gin.<\/p>\n<p>Smak S\u00f6ta, fruktiga k\u00f6rsb\u00e4r, k\u00f6rsb\u00e4rsstenar och en fyllig komplexitet. Mycket fint balanserat och harmoniskt<\/p>\n<p>F\u00e4rg Rik m\u00f6rk k\u00f6rsb\u00e4r<\/p>\n<p>Gabriel Boudiers Guignolet \u00e4r en livlig lik\u00f6r gjord av fyra olika sorters k\u00f6rsb\u00e4r. Inte bara fungerar det bra med ett antal sprit och mixers (de rekommenderar gin och vodka), detta kan ocks\u00e5 g\u00f6ra en chokladpudding eller en sk\u00e5l med glass.<\/p>\n","protected":false},"excerpt":{"rendered":"<p>French Premium Cherry Liqueur<\/p>\n","protected":false},"featured_media":52894,"template":"","meta":{"_acf_changed":false,"rs_blank_template":"","rs_page_bg_color":"","slide_template_v7":""},"product_brand":[],"product_cat":[2387,4670,2390],"product_tag":[],"class_list":{"0":"post-52879","1":"product","2":"type-product","3":"status-publish","4":"has-post-thumbnail","6":"product_cat-avec-sv","7":"product_cat-frukt","8":"product_cat-sprit","9":"pa_land-frankrike","10":"pa_procent-18-sv","11":"pa_producent-gabriel-boudier-sv","12":"pa_region-bourgogne-sv","13":"pa_volume-70-sv-2","15":"first","16":"instock","17":"taxable","18":"shipping-taxable","19":"purchasable","20":"product-type-simple"},"bundled_by":[],"bundle_stock_status":"instock","bundle_stock_quantity":null,"bundle_virtual":false,"bundle_layout":"","bundle_add_to_cart_form_location":"","bundle_editable_in_cart":false,"bundle_sold_individually_context":"","bundle_item_grouping":"","bundle_min_size":"","bundle_max_size":"","bundle_price":[],"bundled_items":[],"bundle_sell_ids":[],"acf":[],"_links":{"self":[{"href":"https:\/\/www.raschvin.com\/sv\/wp-json\/wp\/v2\/product\/52879","targetHints":{"allow":["GET"]}}],"collection":[{"href":"https:\/\/www.raschvin.com\/sv\/wp-json\/wp\/v2\/product"}],"about":[{"href":"https:\/\/www.raschvin.com\/sv\/wp-json\/wp\/v2\/types\/product"}],"wp:featuredmedia":[{"embeddable":true,"href":"https:\/\/www.raschvin.com\/sv\/wp-json\/wp\/v2\/media\/52894"}],"wp:attachment":[{"href":"https:\/\/www.raschvin.com\/sv\/wp-json\/wp\/v2\/media?parent=52879"}],"wp:term":[{"taxonomy":"product_brand","embeddable":true,"href":"https:\/\/www.raschvin.com\/sv\/wp-json\/wp\/v2\/product_brand?post=52879"},{"taxonomy":"product_cat","embeddable":true,"href":"https:\/\/www.raschvin.com\/sv\/wp-json\/wp\/v2\/product_cat?post=52879"},{"taxonomy":"product_tag","embeddable":true,"href":"https:\/\/www.raschvin.com\/sv\/wp-json\/wp\/v2\/product_tag?post=52879"}],"curies":[{"name":"wp","href":"https:\/\/api.w.org\/{rel}","templated":true}]}}