{"id":52874,"date":"2024-04-24T13:58:37","date_gmt":"2024-04-24T11:58:37","guid":{"rendered":"https:\/\/www.raschvin.com\/produkt\/maraska-orahovac-green-walnut-liqueur-70-cl-28\/"},"modified":"2024-04-24T13:58:37","modified_gmt":"2024-04-24T11:58:37","slug":"maraska-orahovac-green-walnut-liqueur-70-cl-28","status":"publish","type":"product","link":"https:\/\/www.raschvin.com\/sv\/produkt\/maraska-orahovac-green-walnut-liqueur-70-cl-28\/","title":{"rendered":"Maraska Orahovac (Green Walnut Liqueur) 70 cl. 28%"},"content":{"rendered":"<p>&#8221;Maraska Orahovac \u00e4r den enda lik\u00f6ren p\u00e5 marknaden som framst\u00e4lls av gr\u00f6na valn\u00f6tter, p\u00e5 samma s\u00e4tt som de kroatiska hush\u00e5llen har gjort i \u00e5rhundraden. Bland m\u00e4nniskorna \u00e4r den extremt popul\u00e4r som botemedel mot sjukdomar i mag-tarmkanalen. Den serveras ren, med is, som aperitif eller matsm\u00e4ltning Specifika kombinationer av smaker avsl\u00f6jar kombinationen av mj\u00f6lk och kaffe, med verklig f\u00f6rfriskning i kombination med cola. &#8211; Maraska<\/p>\n<p>Maraska Orahovac Walnut Liqueur \u00e4r en kroatisk lik\u00f6r som \u00e4r favorit bland publiken, tillverkad med endast de finaste handplockade valn\u00f6tterna. Maraska Orahovac kommer fr\u00e5n omogna gr\u00f6na valn\u00f6tter, macererade i h\u00f6gkvalitativ alkohol och blandas med naturligt socker och vatten f\u00f6r att skapa en rik, n\u00f6taktig smak med en \u00f6nskv\u00e4rd hint av s\u00f6tma. Detta \u00e4r en extremt unik och m\u00e5ngsidig lik\u00f6r som kan avnjutas direkt, p\u00e5 klipporna eller som mixer.<\/p>\n<p>Varma aromer av valn\u00f6tter, kryddor och citrus<\/p>\n<p>Tillverkad med naturliga ingredienser och traditionella metoder fr\u00e5n ett hundra \u00e5r gammalt recept<\/p>\n","protected":false},"excerpt":{"rendered":"<p>Croatian Walnut Liqueur<\/p>\n","protected":false},"featured_media":53020,"template":"","meta":{"_acf_changed":false,"rs_blank_template":"","rs_page_bg_color":"","slide_template_v7":""},"product_brand":[],"product_cat":[4716,2387,4670,2390],"product_tag":[],"class_list":{"0":"post-52874","1":"product","2":"type-product","3":"status-publish","4":"has-post-thumbnail","6":"product_cat-andra-likorer","7":"product_cat-avec-sv","8":"product_cat-frukt","9":"product_cat-sprit","10":"pa_land-kroatien-sv","11":"pa_procent-28-sv","12":"pa_volume-70-sv-2","14":"first","15":"instock","16":"taxable","17":"shipping-taxable","18":"purchasable","19":"product-type-simple"},"bundled_by":[],"bundle_stock_status":"instock","bundle_stock_quantity":null,"bundle_virtual":false,"bundle_layout":"","bundle_add_to_cart_form_location":"","bundle_editable_in_cart":false,"bundle_sold_individually_context":"","bundle_item_grouping":"","bundle_min_size":"","bundle_max_size":"","bundle_price":[],"bundled_items":[],"bundle_sell_ids":[],"acf":[],"_links":{"self":[{"href":"https:\/\/www.raschvin.com\/sv\/wp-json\/wp\/v2\/product\/52874","targetHints":{"allow":["GET"]}}],"collection":[{"href":"https:\/\/www.raschvin.com\/sv\/wp-json\/wp\/v2\/product"}],"about":[{"href":"https:\/\/www.raschvin.com\/sv\/wp-json\/wp\/v2\/types\/product"}],"wp:featuredmedia":[{"embeddable":true,"href":"https:\/\/www.raschvin.com\/sv\/wp-json\/wp\/v2\/media\/53020"}],"wp:attachment":[{"href":"https:\/\/www.raschvin.com\/sv\/wp-json\/wp\/v2\/media?parent=52874"}],"wp:term":[{"taxonomy":"product_brand","embeddable":true,"href":"https:\/\/www.raschvin.com\/sv\/wp-json\/wp\/v2\/product_brand?post=52874"},{"taxonomy":"product_cat","embeddable":true,"href":"https:\/\/www.raschvin.com\/sv\/wp-json\/wp\/v2\/product_cat?post=52874"},{"taxonomy":"product_tag","embeddable":true,"href":"https:\/\/www.raschvin.com\/sv\/wp-json\/wp\/v2\/product_tag?post=52874"}],"curies":[{"name":"wp","href":"https:\/\/api.w.org\/{rel}","templated":true}]}}