{"id":52859,"date":"2024-04-24T12:01:48","date_gmt":"2024-04-24T10:01:48","guid":{"rendered":"https:\/\/www.raschvin.com\/produkt\/vietti-barolo-castiglione-docg-2018-75-cl\/"},"modified":"2024-04-24T12:01:48","modified_gmt":"2024-04-24T10:01:48","slug":"vietti-barolo-castiglione-docg-2018-75-cl","status":"publish","type":"product","link":"https:\/\/www.raschvin.com\/sv\/produkt\/vietti-barolo-castiglione-docg-2018-75-cl\/","title":{"rendered":"Vietti \u2013 Barolo Castiglione DOCG 2018 75 cl."},"content":{"rendered":"<p>Nebbiolo-druvorna till detta vin kommer vanligtvis huvudsakligen fr\u00e5n ving\u00e5rden &#8221;Ravera&#8221; i Novello, men 2016 ing\u00e5r Nebbiolo-druvor fr\u00e5n skiften i 10 av de 11 kommunerna i DOCG Barolo. Vinstockarnas \u00e5lder varierar fr\u00e5n 10 till 43 \u00e5r och de flesta odlingar \u00e4r ocks\u00e5 i \u00f6verg\u00e5ng till ekologisk odling. Alla paket vinifieras separat och blandningen g\u00f6rs omedelbart f\u00f6re buteljering.<\/p>\n<p>Druvorna genomg\u00e5r en l\u00e5ng alkoholj\u00e4sning i st\u00e5ltankar med kontinuerlig pumpning och omr\u00f6rning. Vinet \u00f6verf\u00f6rs sedan till tr\u00e4fat f\u00f6r den malolaktiska j\u00e4sningen och mognar i 30 m\u00e5nader p\u00e5 b\u00e5de stora tr\u00e4fat och sm\u00e5 barriquer.<\/p>\n<p>&#8221;Castiglione&#8221; h\u00e4mtar sm\u00e5 detaljer och karakt\u00e4rer fr\u00e5n alla ving\u00e5rdar d\u00e4r det tillverkas och en bra vinifiering har gett vinet en perfekt helhetsharmoni som b\u00e5de imponerar och f\u00f6rf\u00f6r.<\/p>\n<p>Vinet b\u00f6rjar med delikata balsamiska toner av mynta och rosor, men avsl\u00f6jar ganska snabbt djupare fruktkarakt\u00e4rer av k\u00f6rsb\u00e4r, plommon och vilda bj\u00f6rnb\u00e4r. Smaken \u00e4r b\u00e5de klangfull och sammetslen. Den v\u00e4xer mycket med syre. Servera den med f\u00e5gelvilt, viltk\u00f6tt, n\u00f6tk\u00f6tt och ost.<\/p>\n<p>Ving\u00e5rden Vietti ligger i distriktet Langhe i Piemonte \u2013 n\u00e4rmare best\u00e4mt i byn Castiglione Falletto, som \u00e4r s\u00e4rskilt k\u00e4nd f\u00f6r sina Barolo-viner. Ving\u00e5rden grundades i slutet av 1800-talet av Carlo Vietti och tack vare f\u00f6ljande generationer har flera ving\u00e5rdar sedan dess f\u00f6rv\u00e4rvats \u2013 inklusive n\u00e5gra av de h\u00f6gst ansedda &#8221;Cru&#8217;s&#8221; i Barolo.<\/p>\n<p>1960-talet blev en avg\u00f6rande era f\u00f6r f\u00f6retaget, d\u00e5 Luciana Vietti gifte sig med den k\u00e4nde vinmakaren och konstk\u00e4nnaren Alfredo Currado, som bl.a. var f\u00f6rst med att producera singelving\u00e5rdsviner (fr\u00e5n bland annat cruving\u00e5rden &#8221;Rocche di Castiglione&#8221;), vilket gjorde honom till en viktig trends\u00e4ttare inom Barolo. Alfredo kallades \u00e4ven &#8221;Arneis far&#8221; eftersom han 1967 introducerade ett vitt vin som uteslutande producerats av denna s\u00e4llsynta, lokala druva. Det var ocks\u00e5 han som 1974 anlitade italienska konstn\u00e4rer f\u00f6r att dekorera etiketterna p\u00e5 n\u00e5gra av Viettis viner \u2013 en praxis som fortfarande existerar.<\/p>\n<p>Sv\u00e4rsonen Mario Cordero tog \u00f6ver ledningen av f\u00f6retaget p\u00e5 1980-talet och sonen Luca Currado Vietti och hans fru Elena tog sedan \u00f6ver p\u00e5 1990-talet och fram\u00e5t. Under \u00e5ren har Alfredos livsverk fortsatt med samma entusiasm och str\u00e4van att producera viner av absolut toppklass. 2016 s\u00e4ljer de tv\u00e5 grenarna av familjen Vietti f\u00f6retaget till den amerikanska familjen Krause (Krause Group), som bl.a. driver en kedja av n\u00e4rbutiker i USA. I och med k\u00f6pet \u00e4r man \u00f6verens om att Luca och Elena forts\u00e4tter ledningen av Vietti till b\u00f6rjan av 2023, varefter familjen Krause nu sj\u00e4lva tagit \u00f6ver den dagliga f\u00f6rvaltningen. Kontinuiteten i f\u00f6rh\u00e5llande till den h\u00f6ga kvaliteten p\u00e5 Vietti-vinerna \u00e4r dock fortfarande i mycket s\u00e4kra h\u00e4nder p\u00e5 chefsvinmakaren Eugene Palumbo, som har varit med Vietti sedan 2001.<\/p>\n<p>F\u00e5 platser p\u00e5 jorden \u00e4r vackrare \u00e4n Piemonte en solig h\u00f6stdag. De b\u00f6ljande kullarna med ving\u00e5rdar st\u00e5r i gyllene f\u00e4rger med de sn\u00f6iga alperna i bakgrunden och bl\u00e5 himmel ovanf\u00f6r. Det som k\u00e4nnetecknar h\u00f6sten i Piemonte \u00e4r nu annars dimma, som uppst\u00e5r n\u00e4r den kalla bergsluften fr\u00e5n Alperna m\u00f6ter den varma luften fr\u00e5n l\u00e5glandet. N\u00e4r det g\u00e4ller vin finns det inga andra omr\u00e5den i Italien med s\u00e5 m\u00e5nga DOC och DOCG. Viner som Barbaresco, Barolo, Langhe, Barbera d&#8217;Alba eller Moscato d&#8217;Asti har sina trogna anh\u00e4ngare, \u00e4ven om de h\u00f6ga priserna f\u00f6r en del av vinerna s\u00e4tter en d\u00e4mpare p\u00e5 entusiasmen.<\/p>\n<p>DOCG-distriktet (ca 1 980 ha ving\u00e5rdar), d\u00e4r Barolo produceras, har f\u00e5tt sitt namn fr\u00e5n byn Barolo, ca. 15 km. s\u00f6der om staden Alba. H\u00e4r hittar du n\u00e5gra av Piemontes mest k\u00e4nda ving\u00e5rdar och vinproducenter runt st\u00e4derna La Morra, Barolo, Monforte d&#8217;Alba, Castiglione Falletto och Serralunga d&#8217;Alba. Den kuperade stadsdelen med otaliga slottsruiner p\u00e5 toppen av bergen \u00e4r en fr\u00f6jd f\u00f6r turister! Det finns inte mindre \u00e4n 181 &#8221;underzoner&#8221; (&#8221;menzioni geografiche aggiuntive&#8221; eller MeGAs) i DOCG Barolo, bland dem ett antal k\u00e4nda ving\u00e5rdar, som n\u00e4stan kan j\u00e4mf\u00f6ras med &#8221;Cru&#8221;-f\u00e4lt som \u00e4r k\u00e4nda fr\u00e5n Frankrike. Strikt lagstiftning g\u00e4llande reglering av druvor (100% Nebbiolo), avkastning och lagring p\u00e5 fat har inneburit en stor kvalitetsf\u00f6rb\u00e4ttring. H\u00e4r hittar du viner med granatr\u00f6d f\u00e4rg och nyanser av plommon, tj\u00e4ra och engelsk lakrits. Ett bra inneh\u00e5ll av tannin ger dem vanligtvis en l\u00e5ng livsl\u00e4ngd.<\/p>\n","protected":false},"excerpt":{"rendered":"<p>Piemonte \u2013 Italy<\/p>\n","protected":false},"featured_media":52912,"template":"","meta":{"_acf_changed":false,"rs_blank_template":"","rs_page_bg_color":"","slide_template_v7":""},"product_brand":[],"product_cat":[2788,2798],"product_tag":[],"class_list":{"0":"post-52859","1":"product","2":"type-product","3":"status-publish","4":"has-post-thumbnail","6":"product_cat-vin-sv","7":"product_cat-roedvin-sv","8":"pa_aargang-2018-sv","9":"pa_drue-nebbiolo-sv","10":"pa_land-italien-sv","11":"pa_procent-14-5-sv","12":"pa_producent-vietti-sv","13":"pa_region-piemonte-sv","14":"pa_serveringstemperatur-18-20-sv","15":"pa_volume-75-sv","17":"first","18":"instock","19":"taxable","20":"shipping-taxable","21":"purchasable","22":"product-type-simple"},"bundled_by":[],"bundle_stock_status":"instock","bundle_stock_quantity":null,"bundle_virtual":false,"bundle_layout":"","bundle_add_to_cart_form_location":"","bundle_editable_in_cart":false,"bundle_sold_individually_context":"","bundle_item_grouping":"","bundle_min_size":"","bundle_max_size":"","bundle_price":[],"bundled_items":[],"bundle_sell_ids":[],"acf":[],"_links":{"self":[{"href":"https:\/\/www.raschvin.com\/sv\/wp-json\/wp\/v2\/product\/52859","targetHints":{"allow":["GET"]}}],"collection":[{"href":"https:\/\/www.raschvin.com\/sv\/wp-json\/wp\/v2\/product"}],"about":[{"href":"https:\/\/www.raschvin.com\/sv\/wp-json\/wp\/v2\/types\/product"}],"wp:featuredmedia":[{"embeddable":true,"href":"https:\/\/www.raschvin.com\/sv\/wp-json\/wp\/v2\/media\/52912"}],"wp:attachment":[{"href":"https:\/\/www.raschvin.com\/sv\/wp-json\/wp\/v2\/media?parent=52859"}],"wp:term":[{"taxonomy":"product_brand","embeddable":true,"href":"https:\/\/www.raschvin.com\/sv\/wp-json\/wp\/v2\/product_brand?post=52859"},{"taxonomy":"product_cat","embeddable":true,"href":"https:\/\/www.raschvin.com\/sv\/wp-json\/wp\/v2\/product_cat?post=52859"},{"taxonomy":"product_tag","embeddable":true,"href":"https:\/\/www.raschvin.com\/sv\/wp-json\/wp\/v2\/product_tag?post=52859"}],"curies":[{"name":"wp","href":"https:\/\/api.w.org\/{rel}","templated":true}]}}