{"id":52846,"date":"2024-04-24T11:10:08","date_gmt":"2024-04-24T09:10:08","guid":{"rendered":"https:\/\/www.raschvin.com\/produkt\/langhe-nebbiolo-doc-ca-del-baio-2022-75-cl\/"},"modified":"2025-08-28T15:32:28","modified_gmt":"2025-08-28T13:32:28","slug":"langhe-nebbiolo-doc-ca-del-baio-2022-75-cl","status":"publish","type":"product","link":"https:\/\/www.raschvin.com\/sv\/produkt\/langhe-nebbiolo-doc-ca-del-baio-2022-75-cl\/","title":{"rendered":"Langhe Nebbiolo DOC Ca\u2019 del Baio 2024 75 cl."},"content":{"rendered":"<p>Ca&#8217; del Baios Langhe Nebbiolo g\u00f6rs p\u00e5 ett urval Nebbiolo-druvor fr\u00e5n n\u00e5gra av ving\u00e5rdens tomter planterade 2007 och 2008. Flera av dem ligger p\u00e5 kalkrik undergrund, n\u00e5got som framh\u00e4ver vinernas finess och arom. Medan husets olika Barbaresco-viner \u00e4r delvis j\u00e4sta i 20-30hl. tr\u00e4fat och i barriquer, Langhe Nebbiolo j\u00e4sas i temperaturkontrollerade rostfria st\u00e5ltankar och lagras senare i 8 m\u00e5nader i tank.<\/p>\n<p>I doften har Langhe Nebbiolo druvans klassiska fruktiga toner av mogna k\u00f6rsb\u00e4r och plommon. Smaken \u00e4r omedelbar och krispig, otroligt stilren, med Piemontes typiska torrhet och fina kryddor. Ett mycket sympatiskt och charmigt vin, som inte kommer att passa f\u00f6r v\u00e5ldsamma k\u00f6tt- eller gr\u00f6nsaksr\u00e4tter.<\/p>\n<p>Ca&#8217; del Baio har \u00e4gts och drivits av familjen Grasso i 4 generationer och sedan 1880. Familjen har idag en framst\u00e5ende portf\u00f6lj av f\u00e4lt n\u00e4ra byn Treiso (7 km. fr\u00e5n Alba), samt i Barbaresco sj\u00e4lv. De har allts\u00e5 tomter i n\u00e5gra av de b\u00e4sta f\u00e4lten i omr\u00e5det, bland annat i &#8221;Asili&#8221;, &#8221;Valgrande&#8221;, &#8221;Marcarini&#8221; och &#8221;Pora&#8221;. Ca&#8217; del Baio har (naturligtvis) i f\u00f6rsta hand planterat f\u00e4lten med Nebbiolo, men de odlar \u00e4ven Barbera, Dolcetto, Moscato, Chardonnay och&#8230; Riesling!<\/p>\n<p>Det \u00e4r fortfarande 3:e generationen, i form av Giulio Grasso, som ansvarar f\u00f6r verksamheten \u2013 v\u00e4l hj\u00e4lpt av sin fru Luciana. De tv\u00e5 \u00f6nologutbildade d\u00f6ttrarna, Paola och Valentina, \u00e4r som 4:e generationen ocks\u00e5 en del av verksamheten och l\u00e4mnas kontinuerligt \u00f6ver en allt st\u00f6rre del av ansvaret.<\/p>\n<p>Ca&#8217; del Baio har genomg\u00e5tt en fantastisk positiv utveckling de senaste \u00e5ren och har kunnat kombinera tradition och innovation p\u00e5 b\u00e4sta m\u00f6jliga s\u00e4tt. Rostfria tankar, stora klassiska fat p\u00e5 20-30 hl. (fr\u00e5n toppproducenten Gamba) och mindre fat p\u00e5 500 och 225 l anv\u00e4nds i fin harmoni. Under j\u00e4sningen anv\u00e4nds endast druvornas naturliga j\u00e4st och inget annat tills\u00e4tts vinet \u00e4n en mycket begr\u00e4nsad m\u00e4ngd SO2 (svaveldioxid), vilket bidrar till att vinerna utvecklas v\u00e4l under mognad p\u00e5 flaska.<\/p>\n<p>Vinerna fr\u00e5n Ca&#8217; del Baio har nu vunnit en plats bland eliten i b\u00e5de italienska och internationella vinguider, och det var s\u00e5ledes ingen slump att Giulio Grasso 2016 tilldelades det mycket prestigefyllda priset &#8221;Viticoltore dell&#8217;anno&#8221; (&#8221;Winemaker of \u00e5ret&#8221; ) av den h\u00f6gt respekterade italienska vinguiden &#8221;Gambero Rosso&#8221;.<\/p>\n<p>Langhe DOC\/DOP t\u00e4cker hela Cuneo-provinsen i nordv\u00e4stra Italien och sp\u00e4nner d\u00e4rmed ocks\u00e5 \u00f6ver ett brett spektrum av viner \u2013 b\u00e5de r\u00f6da och vita. Namnet Langhe anv\u00e4nds bl.a. f\u00f6r viner fr\u00e5n t.ex. distrikten Alba, Roero, Dogliani, men \u00e4ven fr\u00e5n distrikten Barolo och Barbaresco, om de inte \u00e4r tillverkade av 100 % Nebbiolo, som kr\u00e4vs f\u00f6r just dessa viner. Om DOC\/DOP Langhe f\u00f6ljs av en druvsort p\u00e5 etiketten ska druvsorten utg\u00f6ra min. 85 % av vinet.<\/p>\n<p>Langhe Nebbiolo DOC introducerades 1993 och inkluderar backarna runt Alba med omr\u00e5den som Barolo och Barbaresco. Lagen kr\u00e4ver minst 85 % Nebbiolo, som allts\u00e5 ofta kompletteras med exempelvis Barbera eller andra druvor.<\/p>\n","protected":false},"excerpt":{"rendered":"<p>Piemonte \u2013 Italy<\/p>\n","protected":false},"featured_media":113693,"template":"","meta":{"_acf_changed":false,"rs_blank_template":"","rs_page_bg_color":"","slide_template_v7":""},"product_brand":[],"product_cat":[2788,2798],"product_tag":[],"class_list":{"0":"post-52846","1":"product","2":"type-product","3":"status-publish","4":"has-post-thumbnail","6":"product_cat-vin-sv","7":"product_cat-roedvin-sv","8":"pa_aargang-2024-sv","9":"pa_drue-nebbiolo-sv","10":"pa_land-italien-sv","11":"pa_procent-14-5-sv","12":"pa_producent-ca-del-baio-sv","13":"pa_region-piemonte-sv","14":"pa_serveringstemperatur-18-20-sv","15":"pa_volume-75-sv","17":"first","18":"instock","19":"taxable","20":"shipping-taxable","21":"purchasable","22":"product-type-simple"},"bundled_by":[],"bundle_stock_status":"instock","bundle_stock_quantity":null,"bundle_virtual":false,"bundle_layout":"","bundle_add_to_cart_form_location":"","bundle_editable_in_cart":false,"bundle_sold_individually_context":"","bundle_item_grouping":"","bundle_min_size":"","bundle_max_size":"","bundle_price":[],"bundled_items":[],"bundle_sell_ids":[],"acf":[],"_links":{"self":[{"href":"https:\/\/www.raschvin.com\/sv\/wp-json\/wp\/v2\/product\/52846","targetHints":{"allow":["GET"]}}],"collection":[{"href":"https:\/\/www.raschvin.com\/sv\/wp-json\/wp\/v2\/product"}],"about":[{"href":"https:\/\/www.raschvin.com\/sv\/wp-json\/wp\/v2\/types\/product"}],"wp:featuredmedia":[{"embeddable":true,"href":"https:\/\/www.raschvin.com\/sv\/wp-json\/wp\/v2\/media\/113693"}],"wp:attachment":[{"href":"https:\/\/www.raschvin.com\/sv\/wp-json\/wp\/v2\/media?parent=52846"}],"wp:term":[{"taxonomy":"product_brand","embeddable":true,"href":"https:\/\/www.raschvin.com\/sv\/wp-json\/wp\/v2\/product_brand?post=52846"},{"taxonomy":"product_cat","embeddable":true,"href":"https:\/\/www.raschvin.com\/sv\/wp-json\/wp\/v2\/product_cat?post=52846"},{"taxonomy":"product_tag","embeddable":true,"href":"https:\/\/www.raschvin.com\/sv\/wp-json\/wp\/v2\/product_tag?post=52846"}],"curies":[{"name":"wp","href":"https:\/\/api.w.org\/{rel}","templated":true}]}}