{"id":52827,"date":"2024-04-24T09:35:33","date_gmt":"2024-04-24T07:35:33","guid":{"rendered":"https:\/\/www.raschvin.com\/produkt\/planteray-rum-cut-dry-coconut-rum-70-cl-40\/"},"modified":"2024-04-24T09:35:33","modified_gmt":"2024-04-24T07:35:33","slug":"planteray-rum-cut-dry-coconut-rum-70-cl-40","status":"publish","type":"product","link":"https:\/\/www.raschvin.com\/sv\/produkt\/planteray-rum-cut-dry-coconut-rum-70-cl-40\/","title":{"rendered":"Planteray Rum &#8211; Cut &#038; Dry Coconut Rum 70 cl. 40%"},"content":{"rendered":"<p>En g\u00e5ng ett v\u00e4lk\u00e4nt varum\u00e4rke, Plantation heter nu Planteray. Deras nya Cut &#038; Dry-flaska har utvecklats i fyra \u00e5r och kombinerar Barbados-rom med f\u00e4rsk kokos. Kokosn\u00f6tterna \u00e4r handplockade av erfarna b\u00f6nder och n\u00e4r de torkat blandas de med romen som lagras i upp till 3 \u00e5r.<\/p>\n<p>Varje liter rom kr\u00e4ver en kokosn\u00f6t, vilket s\u00e4kerst\u00e4ller att det \u00e4r en autentisk Barbados-produkt. Cut &#038; Dry Rum \u00e4r resultatet av en l\u00e5ng samarbetsprocess med lokala barbadiska b\u00f6nder och destillationsexperter. Varje flaska erbjuder en harmonisk kombination av typisk Bajan-rom och naturlig kokosn\u00f6t fr\u00e5n lokala odlingar.<\/p>\n<p>Denna innovativa flaska \u00e4r resultatet av ett arbete fokuserat p\u00e5 h\u00e5llbarhet och autenticitet. Planteray har str\u00e4vat efter att inte bara skapa en \u00f6verl\u00e4gsen produkt, utan ocks\u00e5 att st\u00f6dja lokala b\u00f6nder och st\u00e4rka den lokala ekonomin. Som ett resultat \u00e4r varje bit Cut &#038; Dry-rom inte bara uts\u00f6kt, utan en historia om arv, samarbete och kvalitet.<\/p>\n<p>Flaskorna buteljeras med 40 % alkohol med en kapacitet p\u00e5 0,7 l.<\/p>\n<p>F\u00e4rg:<br \/>\nb\u00e4rnsten<br \/>\nArom:<br \/>\nintensiv, kokosn\u00f6t med inslag av vanilj, kanel, sesamolja<br \/>\nSmak:<br \/>\nrundad, kokosmj\u00f6lk, vanilj, banan, gr\u00f6n ingef\u00e4ra, melass, \u00f6rter<br \/>\nSlutsats:<br \/>\nl\u00e5ng, kokos, kryddor, vanilj<\/p>\n","protected":false},"excerpt":{"rendered":"<p>Artisanal Rum \u2013 Product of France<\/p>\n","protected":false},"featured_media":52936,"template":"","meta":{"_acf_changed":false,"rs_blank_template":"","rs_page_bg_color":"","slide_template_v7":""},"product_brand":[],"product_cat":[2387,4642,8359,4634,2391],"product_tag":[],"class_list":{"0":"post-52827","1":"product","2":"type-product","3":"status-publish","4":"has-post-thumbnail","6":"product_cat-avec-sv","7":"product_cat-flavoured-rom-sv","8":"product_cat-planteray-sv","9":"product_cat-premium-aged-sv","10":"product_cat-rom-sv","11":"pa_land-frankrike","12":"pa_procent-40-sv-2","13":"pa_producent-maison-ferrand-sv","14":"pa_volume-70-sv-2","16":"first","17":"instock","18":"taxable","19":"shipping-taxable","20":"purchasable","21":"product-type-simple"},"bundled_by":["117605"],"bundle_stock_status":"instock","bundle_stock_quantity":null,"bundle_virtual":false,"bundle_layout":"","bundle_add_to_cart_form_location":"","bundle_editable_in_cart":false,"bundle_sold_individually_context":"","bundle_item_grouping":"","bundle_min_size":"","bundle_max_size":"","bundle_price":[],"bundled_items":[],"bundle_sell_ids":[],"acf":[],"_links":{"self":[{"href":"https:\/\/www.raschvin.com\/sv\/wp-json\/wp\/v2\/product\/52827","targetHints":{"allow":["GET"]}}],"collection":[{"href":"https:\/\/www.raschvin.com\/sv\/wp-json\/wp\/v2\/product"}],"about":[{"href":"https:\/\/www.raschvin.com\/sv\/wp-json\/wp\/v2\/types\/product"}],"wp:featuredmedia":[{"embeddable":true,"href":"https:\/\/www.raschvin.com\/sv\/wp-json\/wp\/v2\/media\/52936"}],"wp:attachment":[{"href":"https:\/\/www.raschvin.com\/sv\/wp-json\/wp\/v2\/media?parent=52827"}],"wp:term":[{"taxonomy":"product_brand","embeddable":true,"href":"https:\/\/www.raschvin.com\/sv\/wp-json\/wp\/v2\/product_brand?post=52827"},{"taxonomy":"product_cat","embeddable":true,"href":"https:\/\/www.raschvin.com\/sv\/wp-json\/wp\/v2\/product_cat?post=52827"},{"taxonomy":"product_tag","embeddable":true,"href":"https:\/\/www.raschvin.com\/sv\/wp-json\/wp\/v2\/product_tag?post=52827"}],"curies":[{"name":"wp","href":"https:\/\/api.w.org\/{rel}","templated":true}]}}