{"id":52678,"date":"2024-04-18T14:29:43","date_gmt":"2024-04-18T12:29:43","guid":{"rendered":"https:\/\/www.raschvin.com\/produkt\/savanna-labsolu-2023-70-cl-555\/"},"modified":"2024-04-18T14:29:43","modified_gmt":"2024-04-18T12:29:43","slug":"savanna-labsolu-2023-70-cl-555","status":"publish","type":"product","link":"https:\/\/www.raschvin.com\/sv\/produkt\/savanna-labsolu-2023-70-cl-555\/","title":{"rendered":"Savanna L\u2019Absolu 2023 70 cl. 55,5%"},"content":{"rendered":"<p>Med L\u2019ABSOLU ger m\u00e4starblandaren Thierry Grondin fritt spelrum till sin personliga inspiration, och v\u00e4ljer fritt varje fat, utan n\u00e5gra reservationer, bland de \u00e4ldsta och mest originella rommen fr\u00e5n Savannak\u00e4llaren.<\/p>\n<p>Med 55,5 % avsl\u00f6jar denna 2023-utg\u00e5va konsten att en delikat och harmonisk blandning av traditionell och fantastisk aromrom lagrad mellan 10 och 16 \u00e5r p\u00e5 gamla konjak- och portvinfat.<br \/>\nEn s\u00e4llsynt rom som bjuder in till en exceptionell smakresa.<\/p>\n<p>N\u00c4SA:<br \/>\nFruktig, balsamico, melass\/lakrits, mintig och l\u00e4tt vaxartad<\/p>\n<p>MUN:<br \/>\nVacker harmoni med n\u00e4san, vi hittar den dominerande lakritsen<\/p>\n<p>SLUTLIG:<br \/>\nTrevlig och karakteristisk f\u00f6r melassrom med en anm\u00e4rkningsv\u00e4rd inverkan av destillat fr\u00e5n Savalle-kolonnen s\u00e5v\u00e4l som portvin<\/p>\n","protected":false},"excerpt":{"rendered":"<p>Reunion Island Rum<\/p>\n","protected":false},"featured_media":52750,"template":"","meta":{"_acf_changed":false,"rs_blank_template":"","rs_page_bg_color":"","slide_template_v7":""},"product_brand":[],"product_cat":[4645,2387,4634,2391],"product_tag":[],"class_list":{"0":"post-52678","1":"product","2":"type-product","3":"status-publish","4":"has-post-thumbnail","6":"product_cat-agricole-sv","7":"product_cat-avec-sv","8":"product_cat-premium-aged-sv","9":"product_cat-rom-sv","10":"pa_land-oen-reunion","11":"pa_procent-55-5-sv","12":"pa_producent-savanna-sv","13":"pa_volume-70-sv-2","15":"first","16":"instock","17":"taxable","18":"shipping-taxable","19":"purchasable","20":"product-type-simple"},"bundled_by":[],"bundle_stock_status":"instock","bundle_stock_quantity":null,"bundle_virtual":false,"bundle_layout":"","bundle_add_to_cart_form_location":"","bundle_editable_in_cart":false,"bundle_sold_individually_context":"","bundle_item_grouping":"","bundle_min_size":"","bundle_max_size":"","bundle_price":[],"bundled_items":[],"bundle_sell_ids":[],"acf":[],"_links":{"self":[{"href":"https:\/\/www.raschvin.com\/sv\/wp-json\/wp\/v2\/product\/52678","targetHints":{"allow":["GET"]}}],"collection":[{"href":"https:\/\/www.raschvin.com\/sv\/wp-json\/wp\/v2\/product"}],"about":[{"href":"https:\/\/www.raschvin.com\/sv\/wp-json\/wp\/v2\/types\/product"}],"wp:featuredmedia":[{"embeddable":true,"href":"https:\/\/www.raschvin.com\/sv\/wp-json\/wp\/v2\/media\/52750"}],"wp:attachment":[{"href":"https:\/\/www.raschvin.com\/sv\/wp-json\/wp\/v2\/media?parent=52678"}],"wp:term":[{"taxonomy":"product_brand","embeddable":true,"href":"https:\/\/www.raschvin.com\/sv\/wp-json\/wp\/v2\/product_brand?post=52678"},{"taxonomy":"product_cat","embeddable":true,"href":"https:\/\/www.raschvin.com\/sv\/wp-json\/wp\/v2\/product_cat?post=52678"},{"taxonomy":"product_tag","embeddable":true,"href":"https:\/\/www.raschvin.com\/sv\/wp-json\/wp\/v2\/product_tag?post=52678"}],"curies":[{"name":"wp","href":"https:\/\/api.w.org\/{rel}","templated":true}]}}