{"id":52675,"date":"2024-04-18T14:16:10","date_gmt":"2024-04-18T12:16:10","guid":{"rendered":"https:\/\/www.raschvin.com\/produkt\/cameron-bridge-26-years-special-release-70-cl-562\/"},"modified":"2024-04-18T14:16:10","modified_gmt":"2024-04-18T12:16:10","slug":"cameron-bridge-26-years-special-release-70-cl-562","status":"publish","type":"product","link":"https:\/\/www.raschvin.com\/sv\/produkt\/cameron-bridge-26-years-special-release-70-cl-562\/","title":{"rendered":"Cameron Bridge 26 Years Special Release 70 cl. 56,2%"},"content":{"rendered":"<p>F\u00f6r f\u00f6rsta g\u00e5ngen n\u00e5gonsin; den rika och uts\u00f6kta 26-\u00e5riga Cameronbridge! 1828 var Cameronbridge Distillery f\u00f6rst med att tillverka grain whisky. Och det g\u00f6r de fortfarande. Ett bra exempel \u00e4r denna Diageo Special Release 2022. Highland grain mognat i refill-bourbonfat och buteljerat till 56,2 %.<\/p>\n<p>F\u00e4rg: Gl\u00e4nsande guld med b\u00e4rnstensf\u00e4rgade ljus.<br \/>\nDoft: Inslag av mogen tropisk mango, papaya. Sp\u00e5r av h\u00e5rd kola och l\u00e4tta, kvardr\u00f6jande toner av ek. Kanske en mild doft av kanelbulle?<br \/>\nSmak: Silkeslen och len i konsistensen med en intensiv sm\u00f6rkola-s\u00f6t smak! Den milda kryddan h\u00e5ller s\u00f6tman i schack. Kort och ganska intensiv, med rej\u00e4lt v\u00e4rmande chilikrydda.<\/p>\n<p>Serveringsf\u00f6rslag: B\u00f6r avnjutas snyggt, ev med en droppe vatten eller tv\u00e5.<\/p>\n<p>Med \u00f6ver 30 destillerier att dra fr\u00e5n, samlingens Master Blender, Dr. Craig Wilson, anv\u00e4nder \u00f6ver 10 miljoner fat som f\u00f6r n\u00e4rvarande vilar i Diageos v\u00e4rldsber\u00f6mda portf\u00f6lj. Elusive Expressions \u00e4r det senaste kapitlet i Special Releases, d\u00e4r mytiska bestar sl\u00e4pps l\u00f6s genom sl\u00e5ende konstverk och ber\u00e4ttelser. Illustrat\u00f6ren Ken Taylor \u00e5terv\u00e4nder i \u00e5r med sin signaturstil och f\u00e5r s\u00e4llskap av den digitala visualiseringskonstn\u00e4ren Kevin Tong.<\/p>\n","protected":false},"excerpt":{"rendered":"<p>Single Grain Scotch Whisky<\/p>\n","protected":false},"featured_media":52720,"template":"","meta":{"_acf_changed":false,"rs_blank_template":"","rs_page_bg_color":"","slide_template_v7":""},"product_brand":[],"product_cat":[2387,4660,2392],"product_tag":[],"class_list":{"0":"post-52675","1":"product","2":"type-product","3":"status-publish","4":"has-post-thumbnail","6":"product_cat-avec-sv","7":"product_cat-grain-sv","8":"product_cat-whisky-sv","9":"pa_land-skottland","10":"pa_procent-56-2-sv","11":"pa_producent-diageo-sv","12":"pa_region-lowland-sv","13":"pa_volume-70-sv-2","15":"first","16":"instock","17":"taxable","18":"shipping-taxable","19":"purchasable","20":"product-type-simple"},"bundled_by":[],"bundle_stock_status":"instock","bundle_stock_quantity":null,"bundle_virtual":false,"bundle_layout":"","bundle_add_to_cart_form_location":"","bundle_editable_in_cart":false,"bundle_sold_individually_context":"","bundle_item_grouping":"","bundle_min_size":"","bundle_max_size":"","bundle_price":[],"bundled_items":[],"bundle_sell_ids":[],"acf":[],"_links":{"self":[{"href":"https:\/\/www.raschvin.com\/sv\/wp-json\/wp\/v2\/product\/52675","targetHints":{"allow":["GET"]}}],"collection":[{"href":"https:\/\/www.raschvin.com\/sv\/wp-json\/wp\/v2\/product"}],"about":[{"href":"https:\/\/www.raschvin.com\/sv\/wp-json\/wp\/v2\/types\/product"}],"wp:featuredmedia":[{"embeddable":true,"href":"https:\/\/www.raschvin.com\/sv\/wp-json\/wp\/v2\/media\/52720"}],"wp:attachment":[{"href":"https:\/\/www.raschvin.com\/sv\/wp-json\/wp\/v2\/media?parent=52675"}],"wp:term":[{"taxonomy":"product_brand","embeddable":true,"href":"https:\/\/www.raschvin.com\/sv\/wp-json\/wp\/v2\/product_brand?post=52675"},{"taxonomy":"product_cat","embeddable":true,"href":"https:\/\/www.raschvin.com\/sv\/wp-json\/wp\/v2\/product_cat?post=52675"},{"taxonomy":"product_tag","embeddable":true,"href":"https:\/\/www.raschvin.com\/sv\/wp-json\/wp\/v2\/product_tag?post=52675"}],"curies":[{"name":"wp","href":"https:\/\/api.w.org\/{rel}","templated":true}]}}