{"id":52659,"date":"2024-04-18T12:44:10","date_gmt":"2024-04-18T10:44:10","guid":{"rendered":"https:\/\/www.raschvin.com\/produkt\/caol-ila-11-years-2012-smos-reserve-cask-parcel-11-70-cl-48\/"},"modified":"2024-04-18T12:44:10","modified_gmt":"2024-04-18T10:44:10","slug":"caol-ila-11-years-2012-smos-reserve-cask-parcel-11-70-cl-48","status":"publish","type":"product","link":"https:\/\/www.raschvin.com\/sv\/produkt\/caol-ila-11-years-2012-smos-reserve-cask-parcel-11-70-cl-48\/","title":{"rendered":"Caol Ila 11 Years 2012 SMOS Reserve Cask Parcel #11 70 cl. 48%"},"content":{"rendered":"<p>En 2012 Caol Ila buteljerad 2023 som 11-\u00e5ring utan f\u00e4rg- eller kylfiltrering av Elixir Distillers f\u00f6r deras Single Malts of Scotland Reserve Caks-serie.<\/p>\n<p>Denna 11 \u00e5r gamla Caol Ila 2012 \u00e4r Batch 11 i Reserve Fade-serien och mognades i en liten sats av refill-sherryfat innan den buteljerades med Reserve Fade-standardstyrkan p\u00e5 48 %.<\/p>\n<p>Dessa Caol Ila&#8217;s fr\u00e5n Elixir, sammansatta av den talangfulla Oliver Chilton, har varit inget mindre \u00e4n utm\u00e4rkta och \u00e4r riktigt bra valuta f\u00f6r pengarna.<\/p>\n<p>Nose Klassiska kustnoter med r\u00f6kig, saltad karamell, kr\u00e4mig vaniljs\u00e5s, en hint av syltig frukt och tj\u00e4raktig torv.<\/p>\n<p>Smak Rika v\u00e5gor av rostad vanilj kolliderar med t\u00e4t torvr\u00f6k, med konserverade citroner och jordn\u00e4ra te som samlas under.<\/p>\n<p>Avslut R\u00f6ken dr\u00f6jer sig kvar med f\u00e4rsk citrus och lite eldig kanderad ingef\u00e4ra.<\/p>\n","protected":false},"excerpt":{"rendered":"<p>Single Malt Scotch Whisky<\/p>\n","protected":false},"featured_media":52693,"template":"","meta":{"_acf_changed":false,"rs_blank_template":"","rs_page_bg_color":"","slide_template_v7":""},"product_brand":[],"product_cat":[2387,2392,4651],"product_tag":[],"class_list":{"0":"post-52659","1":"product","2":"type-product","3":"status-publish","4":"has-post-thumbnail","6":"product_cat-avec-sv","7":"product_cat-whisky-sv","8":"product_cat-single-malt-sv","9":"pa_land-skottland","10":"pa_procent-48-sv","11":"pa_producent-elixir-distillers-sv","12":"pa_region-islay-sv","13":"pa_vintage-2012-sv","14":"pa_volume-70-sv-2","16":"first","17":"instock","18":"sale","19":"taxable","20":"shipping-taxable","21":"purchasable","22":"product-type-simple"},"bundled_by":[],"bundle_stock_status":"instock","bundle_stock_quantity":null,"bundle_virtual":false,"bundle_layout":"","bundle_add_to_cart_form_location":"","bundle_editable_in_cart":false,"bundle_sold_individually_context":"","bundle_item_grouping":"","bundle_min_size":"","bundle_max_size":"","bundle_price":[],"bundled_items":[],"bundle_sell_ids":[],"acf":[],"_links":{"self":[{"href":"https:\/\/www.raschvin.com\/sv\/wp-json\/wp\/v2\/product\/52659","targetHints":{"allow":["GET"]}}],"collection":[{"href":"https:\/\/www.raschvin.com\/sv\/wp-json\/wp\/v2\/product"}],"about":[{"href":"https:\/\/www.raschvin.com\/sv\/wp-json\/wp\/v2\/types\/product"}],"wp:featuredmedia":[{"embeddable":true,"href":"https:\/\/www.raschvin.com\/sv\/wp-json\/wp\/v2\/media\/52693"}],"wp:attachment":[{"href":"https:\/\/www.raschvin.com\/sv\/wp-json\/wp\/v2\/media?parent=52659"}],"wp:term":[{"taxonomy":"product_brand","embeddable":true,"href":"https:\/\/www.raschvin.com\/sv\/wp-json\/wp\/v2\/product_brand?post=52659"},{"taxonomy":"product_cat","embeddable":true,"href":"https:\/\/www.raschvin.com\/sv\/wp-json\/wp\/v2\/product_cat?post=52659"},{"taxonomy":"product_tag","embeddable":true,"href":"https:\/\/www.raschvin.com\/sv\/wp-json\/wp\/v2\/product_tag?post=52659"}],"curies":[{"name":"wp","href":"https:\/\/api.w.org\/{rel}","templated":true}]}}