{"id":52656,"date":"2024-04-18T12:28:57","date_gmt":"2024-04-18T10:28:57","guid":{"rendered":"https:\/\/www.raschvin.com\/produkt\/gelas-armagnac-vs-70-cl-40\/"},"modified":"2024-04-18T12:28:57","modified_gmt":"2024-04-18T10:28:57","slug":"gelas-armagnac-vs-70-cl-40","status":"publish","type":"product","link":"https:\/\/www.raschvin.com\/sv\/produkt\/gelas-armagnac-vs-70-cl-40\/","title":{"rendered":"Gelas Armagnac VS 70 cl. 40%"},"content":{"rendered":"<p>Gelas Armagnac VS \u00e4r en ung Armagnac fr\u00e5n Maison Gelas. Beteckningen VS (Mycket speciell), som \u00e4ven kan anges med tre stj\u00e4rnor, \u00e4r den yngsta \u00e5ldersbeteckningen i Armagnac och betyder att den har \u00e5ldrats i minst 2 \u00e5r \u2013 \u00e4ven om den ocks\u00e5 kan vara \u00e4ldre. Dessa Armagnacs \u00e4r typiskt mycket livliga och fruktiga p\u00e5 n\u00e4san, vilket denna VS fr\u00e5n Gelas \u00e4r ett bra exempel p\u00e5.<\/p>\n<p>F\u00e4rg: Ljus gyllene.<br \/>\nDoft: Energisk, fruktig doft med toner av svartpeppar, plommon, \u00e4pplen och p\u00e4ron.<br \/>\nSmaknoter: Smaken sprider en varm k\u00e4nsla av vanilj, kryddnejlika och katrinplommon.<\/p>\n<p>Serveringsf\u00f6rslag: Kan avnjutas snyggt eller i cocktails.<\/p>\n<p>Maison Gelas grundades 1865 och har i mer \u00e4n fyra generationer destillerat och \u00e5ldrat Armagnac under familjens eget namn. F\u00f6retaget finns i Bas Armagnac, som \u00e4r det minsta av Armagnacs tre distrikt. H\u00e4r har jorden en mycket speciell karakt\u00e4r, vilket ger de b\u00e4sta v\u00e4xtf\u00f6rh\u00e5llandena i ving\u00e5rdarna.<\/p>\n<p>Maison Gelas erbjuder ett brett utbud av Armagnacs. Familjen odlar druvorna sj\u00e4lva, destillerar spriten samt lagrar och buteljerar deras Armagnacs och har d\u00e4rf\u00f6r kontroll \u00f6ver produktens kvalitet fr\u00e5n b\u00f6rjan till slut. Av familjens m\u00e5nga specialiteter kan t.ex. n\u00e4mner ett antal exceptionella &#8221;monoc\u00e9page&#8221; eller &#8221;single grape&#8221; Armagnacs &#8211; allts\u00e5 ett antal &#8221;rena&#8221; och oblandade Armagnacs, d\u00e4r skillnaden i doft och smakintryck \u00e4r riktigt framtr\u00e4dande. Dessa buteljeras givetvis med fatstyrka och utan filtrering. Dessutom erbjuder Maison Gelas, \u00f6verl\u00e4gsen de flesta andra Armagnac-producenter, mer \u00e4n 90 olika vintage Armagnacs \u2013 \u00e4nda tillbaka till 1887.<\/p>\n<p>Sedan 2001 har Philippe Gelas f\u00f6rvaltat och utvecklat familjens omfattande sortiment. Philippe \u00e4r ocks\u00e5 f\u00f6rfattare till en fantastisk bok om Armagnac och det finns knappast en person som \u00e4r mer kunnig om omr\u00e5dets historia och produktionen av Armagnac.<\/p>\n","protected":false},"excerpt":{"rendered":"<p>Bas Armagnac \u2013 Maison Gelas \u2013 France<\/p>\n","protected":false},"featured_media":52729,"template":"","meta":{"_acf_changed":false,"rs_blank_template":"","rs_page_bg_color":"","slide_template_v7":""},"product_brand":[],"product_cat":[2388,2387],"product_tag":[],"class_list":{"0":"post-52656","1":"product","2":"type-product","3":"status-publish","4":"has-post-thumbnail","6":"product_cat-armagnac-marc-sv","7":"product_cat-avec-sv","8":"pa_land-frankrike","9":"pa_procent-40-sv-2","10":"pa_producent-maison-gelas-sv","11":"pa_region-armagnac-sv","12":"pa_volume-70-sv-2","14":"first","15":"instock","16":"taxable","17":"shipping-taxable","18":"purchasable","19":"product-type-simple"},"bundled_by":[],"bundle_stock_status":"instock","bundle_stock_quantity":null,"bundle_virtual":false,"bundle_layout":"","bundle_add_to_cart_form_location":"","bundle_editable_in_cart":false,"bundle_sold_individually_context":"","bundle_item_grouping":"","bundle_min_size":"","bundle_max_size":"","bundle_price":[],"bundled_items":[],"bundle_sell_ids":[],"acf":[],"_links":{"self":[{"href":"https:\/\/www.raschvin.com\/sv\/wp-json\/wp\/v2\/product\/52656","targetHints":{"allow":["GET"]}}],"collection":[{"href":"https:\/\/www.raschvin.com\/sv\/wp-json\/wp\/v2\/product"}],"about":[{"href":"https:\/\/www.raschvin.com\/sv\/wp-json\/wp\/v2\/types\/product"}],"wp:featuredmedia":[{"embeddable":true,"href":"https:\/\/www.raschvin.com\/sv\/wp-json\/wp\/v2\/media\/52729"}],"wp:attachment":[{"href":"https:\/\/www.raschvin.com\/sv\/wp-json\/wp\/v2\/media?parent=52656"}],"wp:term":[{"taxonomy":"product_brand","embeddable":true,"href":"https:\/\/www.raschvin.com\/sv\/wp-json\/wp\/v2\/product_brand?post=52656"},{"taxonomy":"product_cat","embeddable":true,"href":"https:\/\/www.raschvin.com\/sv\/wp-json\/wp\/v2\/product_cat?post=52656"},{"taxonomy":"product_tag","embeddable":true,"href":"https:\/\/www.raschvin.com\/sv\/wp-json\/wp\/v2\/product_tag?post=52656"}],"curies":[{"name":"wp","href":"https:\/\/api.w.org\/{rel}","templated":true}]}}